{"id":113,"date":"2018-12-08T09:22:43","date_gmt":"2018-12-08T09:22:43","guid":{"rendered":"http:\/\/www.camping-portdebouc.fr\/?page_id=113"},"modified":"2020-12-14T07:20:07","modified_gmt":"2020-12-14T07:20:07","slug":"decouvrir","status":"publish","type":"page","link":"https:\/\/www.camping-portdebouc.fr\/de\/decouvrir\/","title":{"rendered":"D\u00e9couvrir"},"content":{"rendered":"\n<h2 class=\"wp-block-heading\"> 9,5 km K\u00fcste <\/h2>\n\n\n\n<p> <\/p>\n\n\n\n<p>Nicht weniger als sechs Str\u00e4nde, die alle ihre eigenen Merkmale haben: Sand, Kies oder Kies, klein, gro\u00df, ruhig, lebendig, es gibt eine gro\u00dfe Auswahl. Au\u00dferdem hat der Hafen von Boucains seinen Favoriten, den sie f\u00fcr nichts auf der Welt verlassen w\u00fcrden. Und jeder dieser Str\u00e4nde ist besonders zu Beginn der Sommersaison ein Thema, damit jeder unter den besten Bedingungen genie\u00dfen kann.\n\n<\/p>\n\n\n\n<figure class=\"wp-block-image\"><img fetchpriority=\"high\" decoding=\"async\" width=\"1024\" height=\"576\" src=\"https:\/\/www.camping-portdebouc.fr\/wp-content\/uploads\/2018\/11\/20181030_095012-1024x576.jpg\" alt=\"\" class=\"wp-image-14\"\/><figcaption>La plage de Botta\u00ef, o\u00f9 se trouve votre camping<\/figcaption><\/figure>\n\n\n\n<p> <br>Strandvorbereitung<br><br>Vor der Er\u00f6ffnung der Str\u00e4nde f\u00fchrt die Gemeinde jedoch umfangreiche Vorarbeiten durch: Sch\u00e4len der Kieselsteine \u200b\u200bzur Sanierung nach einem Jahr schlechten Wetters aller Art, Aufrei\u00dfen der B\u00f6schungen, R\u00e4umen der K\u00fcstenstra\u00dfe, Entfernen der B\u00f6schungen Abf\u00e4lle, die vom Meer abgeladen werden &#8230;<br>Dann werden das ganze Jahr \u00fcber Reinigungsma\u00dfnahmen unter Beteiligung der Sozialzentren, der Verb\u00e4nde und des Umweltdienstes der Stadt durchgef\u00fchrt. Junge Stadtteile sind an der Erhaltung ihres Strandes beteiligt, f\u00fchlen sich besorgt und begeistert, vom Kleinsten bis zum Teenageralter, indem sie ihr zuk\u00fcnftiges Sommererholungsgebiet renovieren. Man kann auch an einigen Str\u00e4nden die Tafeln &#8220;Von jungen Leuten gepflegter Strand&#8221; sehen, die ihr Engagement f\u00fcr diese Umweltaktionen zeigen. W\u00e4hrend der Sommersaison erfolgt die Strandreinigung t\u00e4glich und wird abwechselnd vom Umweltdienst des Rathauses und von einer Integrationsfirma f\u00fcr Behinderte durchgef\u00fchrt.<br><br>Schlie\u00dflich k\u00f6nnen die Vorarbeiten durch Markieren des Badegew\u00e4ssers mit dem Anbringen von Bojen abgeschlossen werden.<br><br>Vom 1. Juli bis zum 31. August besch\u00e4ftigt das Rathaus Saisonarbeiter, die jeden Nachmittag die Str\u00e4nde beobachten. Achtung, sie sind keine Retter auf See, sie stehen am Strand und warnen die Rettung bei Problemen. <\/p>\n\n\n\n<p>Sand, Kiesel, Splitter \u2026<\/p>\n\n\n\n<pre class=\"wp-block-code\"><code>Strand Aigues Douces: Strand am Fu\u00dfe des Stadtteils Aigues Douces, Sandstrand\nStrand der K\u00e4mpfer: Kies- und Kiesstrand\nB\u00e4renstrand: Kiesstrand\nBottai Beach: Sandstrand\nCheese Beach: Sandstrand\nAmeisenstrand: Sandstrand<\/code><\/pre>\n\n\n\n<p>Diese sechs Str\u00e4nde d\u00fcrfen vom 1. Juni bis 30. September schwimmen, werden aber nicht \u00fcberwacht.<br>\nWie wirst du den Sommer genie\u00dfen?<\/p>\n\n\n\n<p>An den Str\u00e4nden von Port de Bouc ist f\u00fcr jeden etwas dabei. Es gibt diejenigen, die mit dem ganzen Familie in der Sonne braten vorziehen, alleine oder mit Freunden, und auf dem Handtuch Small Talk machen. Und dann gibt es diejenigen, die volle Energie sind und nicht noch l\u00e4nger als drei Minuten. F\u00fcr sie ist die L\u00f6sung sportliche Aktivit\u00e4ten, die von der Gemeinde oder den Verb\u00e4nden der Stadt vorgeschlagen werden.<\/p>\n\n\n\n<p>Die Stadt verf\u00fcgt \u00fcber die Blaue Flagge, die ihre Bem\u00fchungen f\u00fcr eine best\u00e4tigte Umweltpolitik belohnt und markiert sein Engagement jeden Tag unser Leben Boucain Hafen zu verbessern.<br>\nDas Etikett<\/p>\n\n\n\n<p>Die blaue Flagge wurde 1985 ins Leben gerufen und ist ein Umweltzeichen f\u00fcr vorbildliche Umweltqualit\u00e4t. Als solches f\u00f6rdert es ein allgemeines Bewusstsein f\u00fcr Verhalten, das die Natur und ihren Reichtum respektiert. Er interessiert nicht nur in der Qualit\u00e4t der Str\u00e4nde und Badegew\u00e4sser (die immer noch das wichtigste Kriterium bleiben Kriterien f\u00fcr disqualifizieren), ber\u00fccksichtigt sie eine Reihe von Kriterien an das Wohnumfeld in einer Art und Weise im Zusammenhang Allgemeinbildung und Sensibilisierung der \u00d6ffentlichkeit f\u00fcr Umwelt, Abfallwirtschaft und Wasserwirtschaft.<br>\nDie Aktionen der Stadt<\/p>\n\n\n\n<p>Die K\u00fcstenentwicklungsarbeit und die Schaffung des Discovery Trail vergab die dritte Blume in die Stadt, um die Entwicklung des Waldes von Castillon und regelm\u00e4\u00dfig, F\u00fcrsprache Arbeitsumfeld in der Stadt durchgef\u00fchrt, einschlie\u00dflich Durch soziale Zentren, Schulen, verschiedene Vereine oder die Umweltabteilung des Rathauses tragen sie dazu bei, dieses Label zu erhalten<\/p>\n","protected":false},"excerpt":{"rendered":"<p>9,5 km K\u00fcste Nicht weniger als sechs Str\u00e4nde, die alle ihre eigenen Merkmale haben: Sand, Kies oder Kies, klein, gro\u00df, ruhig, lebendig, es gibt eine gro\u00dfe Auswahl. Au\u00dferdem hat der Hafen von Boucains seinen Favoriten, den sie f\u00fcr nichts auf der Welt verlassen w\u00fcrden. Und &hellip; <\/p>\n","protected":false},"author":1,"featured_media":0,"parent":0,"menu_order":0,"comment_status":"closed","ping_status":"closed","template":"","meta":{"ngg_post_thumbnail":0,"_themeisle_gutenberg_block_has_review":false,"footnotes":"","_links_to":"","_links_to_target":""},"class_list":["post-113","page","type-page","status-publish","hentry"],"aioseo_notices":[],"_links":{"self":[{"href":"https:\/\/www.camping-portdebouc.fr\/de\/wp-json\/wp\/v2\/pages\/113","targetHints":{"allow":["GET"]}}],"collection":[{"href":"https:\/\/www.camping-portdebouc.fr\/de\/wp-json\/wp\/v2\/pages"}],"about":[{"href":"https:\/\/www.camping-portdebouc.fr\/de\/wp-json\/wp\/v2\/types\/page"}],"author":[{"embeddable":true,"href":"https:\/\/www.camping-portdebouc.fr\/de\/wp-json\/wp\/v2\/users\/1"}],"replies":[{"embeddable":true,"href":"https:\/\/www.camping-portdebouc.fr\/de\/wp-json\/wp\/v2\/comments?post=113"}],"version-history":[{"count":16,"href":"https:\/\/www.camping-portdebouc.fr\/de\/wp-json\/wp\/v2\/pages\/113\/revisions"}],"predecessor-version":[{"id":751,"href":"https:\/\/www.camping-portdebouc.fr\/de\/wp-json\/wp\/v2\/pages\/113\/revisions\/751"}],"wp:attachment":[{"href":"https:\/\/www.camping-portdebouc.fr\/de\/wp-json\/wp\/v2\/media?parent=113"}],"curies":[{"name":"wp","href":"https:\/\/api.w.org\/{rel}","templated":true}]}}