{"id":1263,"date":"2025-04-03T07:14:29","date_gmt":"2025-04-03T07:14:29","guid":{"rendered":"https:\/\/www.camping-portdebouc.fr\/fr\/?page_id=1263"},"modified":"2025-06-10T13:54:57","modified_gmt":"2025-06-10T13:54:57","slug":"le-camping-bottai","status":"publish","type":"page","link":"https:\/\/www.camping-portdebouc.fr\/de\/le-camping-bottai\/","title":{"rendered":"Le camping Botta\u00ef, camping 3***"},"content":{"rendered":"\n<div id=\"wp-block-themeisle-blocks-slider-6403e1c2\" class=\"wp-block-themeisle-blocks-slider glide\" data-per-view=\"1\" data-gap=\"0\" data-peek=\"0\" data-autoplay=\"true\" data-height=\"400px\" data-hide-arrows=\"false\"><div class=\"glide__track\" data-glide-el=\"track\"><div class=\"glide__slides\"><div class=\"wp-block-themeisle-blocks-slider-item-wrapper glide__slide\" tabindex=\"0\"><figure><img decoding=\"async\" class=\"wp-block-themeisle-blocks-slider-item\" src=\"https:\/\/www.camping-portdebouc.fr\/wp-content\/uploads\/2025\/06\/IG6A6877-scaled.jpg\" alt=\"\" title=\"\" data-id=\"1441\"\/><\/figure><\/div><div class=\"wp-block-themeisle-blocks-slider-item-wrapper glide__slide\" tabindex=\"0\"><figure><img decoding=\"async\" class=\"wp-block-themeisle-blocks-slider-item\" src=\"https:\/\/www.camping-portdebouc.fr\/wp-content\/uploads\/2025\/06\/IG6A6867-scaled.jpg\" alt=\"\" title=\"\" data-id=\"1442\"\/><\/figure><\/div><div class=\"wp-block-themeisle-blocks-slider-item-wrapper glide__slide\" tabindex=\"0\"><figure><img decoding=\"async\" class=\"wp-block-themeisle-blocks-slider-item\" src=\"https:\/\/www.camping-portdebouc.fr\/wp-content\/uploads\/2025\/06\/IG6A6863-scaled.jpg\" alt=\"\" title=\"\" data-id=\"1443\"\/><\/figure><\/div><div class=\"wp-block-themeisle-blocks-slider-item-wrapper glide__slide\" tabindex=\"0\"><figure><img decoding=\"async\" class=\"wp-block-themeisle-blocks-slider-item\" src=\"https:\/\/www.camping-portdebouc.fr\/wp-content\/uploads\/2025\/06\/IG6A6855-scaled.jpg\" alt=\"\" title=\"\" data-id=\"1445\"\/><\/figure><\/div><\/div><div class=\"glide__bullets\" data-glide-el=\"controls[nav]\"><button class=\"glide__bullet\" data-glide-dir=\"=0\"><\/button><button class=\"glide__bullet\" data-glide-dir=\"=1\"><\/button><button class=\"glide__bullet\" data-glide-dir=\"=2\"><\/button><button class=\"glide__bullet\" data-glide-dir=\"=3\"><\/button><\/div><\/div><\/div>\n\n\n\n<div style=\"height:100px\" aria-hidden=\"true\" class=\"wp-block-spacer\"><\/div>\n\n\n\n<h2 class=\"wp-block-heading\">R\u00e9server au camping Botta\u00ef<\/h2>\n\n\n<div id=\"hippocamp-search-widget-container\" data-user-id=\"5278\" data-language=\"auto\" data-jquery=\"3.2.1\">&nbsp;<\/div>\n<p><script src=\"https:\/\/hippo-camp.fr\/media\/com_campingmanager\/widgets\/search.min.js\" type=\"text\/javascript\"><\/script><\/p>\n<p>&nbsp;<\/p>\n\n\n<p>Hors de la ville, le camping de Botta\u00ef s\u2019\u00e9tend sur une quinzaine d\u2019hectares, \u00e0 quelques pas de la plage. Anse \u00e0 l\u2019abri du vent, la plage peu profonde est propice aux baignades et \u00e0 la pratique des jeux d\u2019eau et de sable.<\/p>\n\n\n\n<p>Chaque emplacement assure assez d\u2019espace (80 \u00e0 110 m2) pour passer des vacances alliant tranquilit\u00e9 et convivialit\u00e9, \u00e0 partager en famille ou entre amis.<\/p>\n\n\n\n<h3 class=\"wp-block-heading\">Emplacements&nbsp;:<\/h3>\n\n\n\n<ul class=\"wp-block-list\">\n<li>6 Mobilhome 4-6 places<\/li>\n\n\n\n<li>7 Chalets 4-6 places<\/li>\n\n\n\n<li>8 emplacements de passage camping car<\/li>\n\n\n\n<li>59 emplacements camping car \u2013 tente \u2013 caravane<\/li>\n<\/ul>\n\n\n\n<h3 class=\"wp-block-heading\">Services&nbsp;:<\/h3>\n\n\n\n<ul class=\"wp-block-list\">\n<li>Acc\u00e8s PMR \u00e0 tout le camping (emplacements et sanitaires)<\/li>\n\n\n\n<li>Economie des ressources naturelles (\u00e9clairage LED intelligent, eau chaude solaire et tri s\u00e9lectif)<\/li>\n\n\n\n<li>Acc\u00e8s wi-fi gratuit<\/li>\n\n\n\n<li>Laverie : lave-linge et s\u00e8che linge<\/li>\n\n\n\n<li>Sanitaires hommes et femmes s\u00e9par\u00e9s.<\/li>\n\n\n\n<li>Espace change b\u00e9b\u00e9<\/li>\n\n\n\n<li>Concierge 24h\/24<\/li>\n\n\n\n<li>Location v\u00e9lo, kayak et paddle<\/li>\n\n\n\n<li>Barbecue collectif<\/li>\n\n\n\n<li>boulodromes<\/li>\n\n\n\n<li>Aire de jeux pour enfants<\/li>\n<\/ul>\n\n\n\n<p>Plus de renseignements&nbsp;: 06 47 73 28 62 \/&nbsp;<a href=\"mailto:resacamping@portdebouc.fr\">resacamping@portdebouc.fr<\/a><\/p>\n\n\n\n<figure class=\"wp-block-image size-large is-resized\"><a href=\"https:\/\/www.camping-portdebouc.fr\/wp-content\/uploads\/2025\/06\/IG6A6858-scaled.jpg\"><img fetchpriority=\"high\" decoding=\"async\" width=\"1024\" height=\"683\" src=\"https:\/\/www.camping-portdebouc.fr\/wp-content\/uploads\/2025\/06\/IG6A6858-1024x683.jpg\" alt=\"\" class=\"wp-image-1439\" style=\"width:729px;height:auto\" srcset=\"https:\/\/www.camping-portdebouc.fr\/wp-content\/uploads\/2025\/06\/IG6A6858-1024x683.jpg 1024w, https:\/\/www.camping-portdebouc.fr\/wp-content\/uploads\/2025\/06\/IG6A6858-300x200.jpg 300w, https:\/\/www.camping-portdebouc.fr\/wp-content\/uploads\/2025\/06\/IG6A6858-768x512.jpg 768w, https:\/\/www.camping-portdebouc.fr\/wp-content\/uploads\/2025\/06\/IG6A6858-1536x1024.jpg 1536w, https:\/\/www.camping-portdebouc.fr\/wp-content\/uploads\/2025\/06\/IG6A6858-2048x1365.jpg 2048w, https:\/\/www.camping-portdebouc.fr\/wp-content\/uploads\/2025\/06\/IG6A6858-90x60.jpg 90w\" sizes=\"(max-width: 1024px) 100vw, 1024px\" \/><\/a><\/figure>\n\n\n\n<p><\/p>\n","protected":false},"excerpt":{"rendered":"<p>R\u00e9server au camping Botta\u00ef &nbsp; &nbsp; Hors de la ville, le camping de Botta\u00ef s\u2019\u00e9tend sur une quinzaine d\u2019hectares, \u00e0 quelques pas de la plage. Anse \u00e0 l\u2019abri du vent, la plage peu profonde est propice aux baignades et \u00e0 la pratique des jeux d\u2019eau &hellip; <\/p>\n","protected":false},"author":1,"featured_media":0,"parent":0,"menu_order":0,"comment_status":"closed","ping_status":"closed","template":"","meta":{"ngg_post_thumbnail":0,"_themeisle_gutenberg_block_has_review":false,"footnotes":"","_links_to":"","_links_to_target":""},"class_list":["post-1263","page","type-page","status-publish","hentry"],"aioseo_notices":[],"_links":{"self":[{"href":"https:\/\/www.camping-portdebouc.fr\/de\/wp-json\/wp\/v2\/pages\/1263","targetHints":{"allow":["GET"]}}],"collection":[{"href":"https:\/\/www.camping-portdebouc.fr\/de\/wp-json\/wp\/v2\/pages"}],"about":[{"href":"https:\/\/www.camping-portdebouc.fr\/de\/wp-json\/wp\/v2\/types\/page"}],"author":[{"embeddable":true,"href":"https:\/\/www.camping-portdebouc.fr\/de\/wp-json\/wp\/v2\/users\/1"}],"replies":[{"embeddable":true,"href":"https:\/\/www.camping-portdebouc.fr\/de\/wp-json\/wp\/v2\/comments?post=1263"}],"version-history":[{"count":13,"href":"https:\/\/www.camping-portdebouc.fr\/de\/wp-json\/wp\/v2\/pages\/1263\/revisions"}],"predecessor-version":[{"id":1447,"href":"https:\/\/www.camping-portdebouc.fr\/de\/wp-json\/wp\/v2\/pages\/1263\/revisions\/1447"}],"wp:attachment":[{"href":"https:\/\/www.camping-portdebouc.fr\/de\/wp-json\/wp\/v2\/media?parent=1263"}],"curies":[{"name":"wp","href":"https:\/\/api.w.org\/{rel}","templated":true}]}}