{"id":1266,"date":"2025-04-03T07:16:11","date_gmt":"2025-04-03T07:16:11","guid":{"rendered":"https:\/\/www.camping-portdebouc.fr\/fr\/?page_id=1266"},"modified":"2025-06-10T14:05:02","modified_gmt":"2025-06-10T14:05:02","slug":"le-camping-merindole","status":"publish","type":"page","link":"https:\/\/www.camping-portdebouc.fr\/de\/le-camping-merindole\/","title":{"rendered":"Le camping M\u00e9rindole"},"content":{"rendered":"\n<div class=\"wp-block-group is-nowrap is-layout-flex wp-container-core-group-is-layout-ad2f72ca wp-block-group-is-layout-flex\">\n<div id=\"wp-block-themeisle-blocks-slider-7c2fc092\" class=\"wp-block-themeisle-blocks-slider glide\" data-per-view=\"1\" data-gap=\"0\" data-peek=\"0\" data-autoplay=\"true\" data-height=\"400px\" data-hide-arrows=\"false\"><div class=\"glide__track\" data-glide-el=\"track\"><div class=\"glide__slides\"><div class=\"wp-block-themeisle-blocks-slider-item-wrapper glide__slide\" tabindex=\"0\"><figure><img decoding=\"async\" class=\"wp-block-themeisle-blocks-slider-item\" src=\"https:\/\/www.camping-portdebouc.fr\/wp-content\/uploads\/2025\/06\/IG6A6879-scaled.jpg\" alt=\"\" title=\"\" data-id=\"1454\"\/><\/figure><\/div><div class=\"wp-block-themeisle-blocks-slider-item-wrapper glide__slide\" tabindex=\"0\"><figure><img decoding=\"async\" class=\"wp-block-themeisle-blocks-slider-item\" src=\"https:\/\/www.camping-portdebouc.fr\/wp-content\/uploads\/2025\/06\/IG6A6883-scaled.jpg\" alt=\"\" title=\"\" data-id=\"1453\"\/><\/figure><\/div><div class=\"wp-block-themeisle-blocks-slider-item-wrapper glide__slide\" tabindex=\"0\"><figure><img decoding=\"async\" class=\"wp-block-themeisle-blocks-slider-item\" src=\"https:\/\/www.camping-portdebouc.fr\/wp-content\/uploads\/2025\/06\/IG6A6878-1-scaled.jpg\" alt=\"\" title=\"\" data-id=\"1452\"\/><\/figure><\/div><div class=\"wp-block-themeisle-blocks-slider-item-wrapper glide__slide\" tabindex=\"0\"><figure><img decoding=\"async\" class=\"wp-block-themeisle-blocks-slider-item\" src=\"https:\/\/www.camping-portdebouc.fr\/wp-content\/uploads\/2025\/06\/IG6A6881-scaled.jpg\" alt=\"\" title=\"\" data-id=\"1451\"\/><\/figure><\/div><div class=\"wp-block-themeisle-blocks-slider-item-wrapper glide__slide\" tabindex=\"0\"><figure><img decoding=\"async\" class=\"wp-block-themeisle-blocks-slider-item\" src=\"https:\/\/www.camping-portdebouc.fr\/wp-content\/uploads\/2025\/06\/IG6A6884-scaled.jpg\" alt=\"\" title=\"\" data-id=\"1450\"\/><\/figure><\/div><\/div><div class=\"glide__bullets\" data-glide-el=\"controls[nav]\"><button class=\"glide__bullet\" data-glide-dir=\"=0\"><\/button><button class=\"glide__bullet\" data-glide-dir=\"=1\"><\/button><button class=\"glide__bullet\" data-glide-dir=\"=2\"><\/button><button class=\"glide__bullet\" data-glide-dir=\"=3\"><\/button><button class=\"glide__bullet\" data-glide-dir=\"=4\"><\/button><\/div><\/div><\/div>\n\n\n\n<div style=\"height:100px;width:0px\" aria-hidden=\"true\" class=\"wp-block-spacer wp-container-content-6388d5dc\"><\/div>\n<\/div>\n\n\n\n<div style=\"height:100px\" aria-hidden=\"true\" class=\"wp-block-spacer\"><\/div>\n\n\n\n<h2 class=\"wp-block-heading\">R\u00e9server au camping de la M\u00e9rindole<\/h2>\n\n\n<div id=\"hippocamp-search-widget-container\" data-user-id=\"5547\" data-language=\"auto\" data-jquery=\"3.2.1\">&nbsp;<\/div>\n<p><script src=\"https:\/\/hippo-camp.fr\/media\/com_campingmanager\/widgets\/search.min.js\" type=\"text\/javascript\"><\/script><\/p>\n<p>&nbsp;<\/p>\n\n\n<p>Ce camping est situ\u00e9 dans le cadre ombrag\u00e9 d&#8217;une vaste pin\u00e8de, \u00e0 5 minutes en voiture du centre-ville et des plages.<\/p>\n\n\n\n<h3 class=\"wp-block-heading\">Emplacements&nbsp;:<\/h3>\n\n\n\n<ul class=\"wp-block-list\">\n<li>192 emplacements de caravane, tente et camping car<\/li>\n\n\n\n<li>Acc\u00e8s r\u00e9serv\u00e9 aux caravanes de moins de 5 m.<\/li>\n<\/ul>\n\n\n\n<h3 class=\"wp-block-heading\">Services&nbsp;:<\/h3>\n\n\n\n<ul class=\"wp-block-list\">\n<li>restaurants, boulangerie et primeur \u00e0 proximit\u00e9.<\/li>\n\n\n\n<li>Confort : eau, \u00e9lectricit\u00e9 et sanitaires<\/li>\n\n\n\n<li>Accessibilit\u00e9 aux personnes \u00e0 mobilit\u00e9 r\u00e9duite<\/li>\n\n\n\n<li>Loisirs&nbsp;: aire de jeux pour les enfants, terrain de tennis et de football, boulodrome, tables de ping-pong.<\/li>\n\n\n\n<li>Animaux admis, sauf les chiens de cat\u00e9gorie 1 et 2.<\/li>\n<\/ul>\n\n\n\n<p>&nbsp;Plus de renseignements&nbsp;: 06 81 93 29 39 \/&nbsp;<a href=\"mailto:camping.merindole@portdebouc.fr\">camping.merindole@portdebouc.fr<\/a><\/p>\n\n\n\n<figure class=\"wp-block-image size-full\"><a href=\"https:\/\/www.camping-portdebouc.fr\/wp-content\/uploads\/2019\/04\/tentes.jpg\"><img fetchpriority=\"high\" decoding=\"async\" width=\"673\" height=\"493\" src=\"https:\/\/www.camping-portdebouc.fr\/wp-content\/uploads\/2019\/04\/tentes.jpg\" alt=\"\" class=\"wp-image-522\" srcset=\"https:\/\/www.camping-portdebouc.fr\/wp-content\/uploads\/2019\/04\/tentes.jpg 673w, https:\/\/www.camping-portdebouc.fr\/wp-content\/uploads\/2019\/04\/tentes-300x220.jpg 300w, https:\/\/www.camping-portdebouc.fr\/wp-content\/uploads\/2019\/04\/tentes-82x60.jpg 82w\" sizes=\"(max-width: 673px) 100vw, 673px\" \/><\/a><\/figure>\n","protected":false},"excerpt":{"rendered":"<p>R\u00e9server au camping de la M\u00e9rindole &nbsp; &nbsp; Ce camping est situ\u00e9 dans le cadre ombrag\u00e9 d&#8217;une vaste pin\u00e8de, \u00e0 5 minutes en voiture du centre-ville et des plages. Emplacements&nbsp;: Services&nbsp;: &nbsp;Plus de renseignements&nbsp;: 06 81 93 29 39 \/&nbsp;camping.merindole@portdebouc.fr<\/p>\n","protected":false},"author":1,"featured_media":0,"parent":0,"menu_order":0,"comment_status":"closed","ping_status":"closed","template":"","meta":{"ngg_post_thumbnail":0,"_themeisle_gutenberg_block_has_review":false,"footnotes":"","_links_to":"","_links_to_target":""},"class_list":["post-1266","page","type-page","status-publish","hentry"],"aioseo_notices":[],"_links":{"self":[{"href":"https:\/\/www.camping-portdebouc.fr\/de\/wp-json\/wp\/v2\/pages\/1266","targetHints":{"allow":["GET"]}}],"collection":[{"href":"https:\/\/www.camping-portdebouc.fr\/de\/wp-json\/wp\/v2\/pages"}],"about":[{"href":"https:\/\/www.camping-portdebouc.fr\/de\/wp-json\/wp\/v2\/types\/page"}],"author":[{"embeddable":true,"href":"https:\/\/www.camping-portdebouc.fr\/de\/wp-json\/wp\/v2\/users\/1"}],"replies":[{"embeddable":true,"href":"https:\/\/www.camping-portdebouc.fr\/de\/wp-json\/wp\/v2\/comments?post=1266"}],"version-history":[{"count":19,"href":"https:\/\/www.camping-portdebouc.fr\/de\/wp-json\/wp\/v2\/pages\/1266\/revisions"}],"predecessor-version":[{"id":1459,"href":"https:\/\/www.camping-portdebouc.fr\/de\/wp-json\/wp\/v2\/pages\/1266\/revisions\/1459"}],"wp:attachment":[{"href":"https:\/\/www.camping-portdebouc.fr\/de\/wp-json\/wp\/v2\/media?parent=1266"}],"curies":[{"name":"wp","href":"https:\/\/api.w.org\/{rel}","templated":true}]}}