{"id":27,"date":"2018-11-27T19:08:20","date_gmt":"2018-11-27T19:08:20","guid":{"rendered":"http:\/\/www.camping-portdebouc.fr\/?page_id=27"},"modified":"2025-06-10T14:09:05","modified_gmt":"2025-06-10T14:09:05","slug":"les-mobil-homes","status":"publish","type":"page","link":"https:\/\/www.camping-portdebouc.fr\/de\/les-mobil-homes\/","title":{"rendered":"Les Mobil Homes"},"content":{"rendered":"\n<p>Wir haben auf unserem Campingplatz sechs neue Mobilheime, die in diesem Jahr installiert wurden.<\/p>\n\n\n\n<p>Um Ihren Bed\u00fcrfnissen gerecht zu werden, bieten wir Mobilheime f\u00fcr 4 und 6 Personen an. Auf den Schlafsofas k\u00f6nnen 8 Personen \u00fcbernachten.<\/p>\n\n\n<p><script type=\"text\/javascript\" data-wsh-callbacks-onload=\"\" data-wsh-SearchParameters-Productid=\"92122\">!function () {var e = new window.CTV.Premium.Widget(\"Product\");document.write(e.Write()), window.CTV.Premium.WidgetsCollection.push(e), e.Send()}();<\/script><\/p>\n\n\n\n<ul class=\"wp-block-gallery columns-5 is-cropped wp-block-gallery-1 is-layout-flex wp-block-gallery-is-layout-flex\"><li class=\"blocks-gallery-item\"><figure><img fetchpriority=\"high\" decoding=\"async\" width=\"1024\" height=\"739\" src=\"https:\/\/www.camping-portdebouc.fr\/wp-content\/uploads\/2018\/12\/plan-irm-loggia-3-mobilhome-neuf-1024x739.jpg\" alt=\"\" data-id=\"159\" data-link=\"https:\/\/www.camping-portdebouc.fr\/fr\/plan-irm-loggia-3-mobilhome-neuf\/\" class=\"wp-image-159\" srcset=\"https:\/\/www.camping-portdebouc.fr\/wp-content\/uploads\/2018\/12\/plan-irm-loggia-3-mobilhome-neuf-1024x739.jpg 1024w, https:\/\/www.camping-portdebouc.fr\/wp-content\/uploads\/2018\/12\/plan-irm-loggia-3-mobilhome-neuf-300x217.jpg 300w, https:\/\/www.camping-portdebouc.fr\/wp-content\/uploads\/2018\/12\/plan-irm-loggia-3-mobilhome-neuf-768x554.jpg 768w, https:\/\/www.camping-portdebouc.fr\/wp-content\/uploads\/2018\/12\/plan-irm-loggia-3-mobilhome-neuf.jpg 2000w\" sizes=\"(max-width: 1024px) 100vw, 1024px\" \/><figcaption>mobil home 6\/8 pers<\/figcaption><\/figure><\/li><li class=\"blocks-gallery-item\"><figure><img decoding=\"async\" width=\"684\" height=\"1024\" src=\"https:\/\/www.camping-portdebouc.fr\/wp-content\/uploads\/2018\/12\/chb-loggia-2-mobilhome-neuf-684x1024.jpg\" alt=\"\" data-id=\"154\" data-link=\"https:\/\/www.camping-portdebouc.fr\/fr\/chb-loggia-2-mobilhome-neuf\/\" class=\"wp-image-154\" srcset=\"https:\/\/www.camping-portdebouc.fr\/wp-content\/uploads\/2018\/12\/chb-loggia-2-mobilhome-neuf-684x1024.jpg 684w, https:\/\/www.camping-portdebouc.fr\/wp-content\/uploads\/2018\/12\/chb-loggia-2-mobilhome-neuf-200x300.jpg 200w, https:\/\/www.camping-portdebouc.fr\/wp-content\/uploads\/2018\/12\/chb-loggia-2-mobilhome-neuf-768x1150.jpg 768w, https:\/\/www.camping-portdebouc.fr\/wp-content\/uploads\/2018\/12\/chb-loggia-2-mobilhome-neuf.jpg 1000w\" sizes=\"(max-width: 684px) 100vw, 684px\" \/><\/figure><\/li><li class=\"blocks-gallery-item\"><figure><img decoding=\"async\" width=\"1024\" height=\"767\" src=\"https:\/\/www.camping-portdebouc.fr\/wp-content\/uploads\/2018\/12\/plan-irm-loggia-2-mobilhome-neuf-1024x767.jpg\" alt=\"\" data-id=\"158\" data-link=\"https:\/\/www.camping-portdebouc.fr\/fr\/plan-irm-loggia-2-mobilhome-neuf\/\" class=\"wp-image-158\" srcset=\"https:\/\/www.camping-portdebouc.fr\/wp-content\/uploads\/2018\/12\/plan-irm-loggia-2-mobilhome-neuf-1024x767.jpg 1024w, https:\/\/www.camping-portdebouc.fr\/wp-content\/uploads\/2018\/12\/plan-irm-loggia-2-mobilhome-neuf-300x225.jpg 300w, https:\/\/www.camping-portdebouc.fr\/wp-content\/uploads\/2018\/12\/plan-irm-loggia-2-mobilhome-neuf-768x576.jpg 768w, https:\/\/www.camping-portdebouc.fr\/wp-content\/uploads\/2018\/12\/plan-irm-loggia-2-mobilhome-neuf.jpg 2000w\" sizes=\"(max-width: 1024px) 100vw, 1024px\" \/><figcaption>mobil home 4 pers<\/figcaption><\/figure><\/li><li class=\"blocks-gallery-item\"><figure><img loading=\"lazy\" decoding=\"async\" width=\"684\" height=\"1024\" src=\"https:\/\/www.camping-portdebouc.fr\/wp-content\/uploads\/2018\/12\/chb-enf-irm-loggia-2-mobilhome-neuf-2-684x1024.jpg\" alt=\"\" data-id=\"153\" data-link=\"https:\/\/www.camping-portdebouc.fr\/fr\/chb-enf-irm-loggia-2-mobilhome-neuf-2\/\" class=\"wp-image-153\" srcset=\"https:\/\/www.camping-portdebouc.fr\/wp-content\/uploads\/2018\/12\/chb-enf-irm-loggia-2-mobilhome-neuf-2-684x1024.jpg 684w, https:\/\/www.camping-portdebouc.fr\/wp-content\/uploads\/2018\/12\/chb-enf-irm-loggia-2-mobilhome-neuf-2-200x300.jpg 200w, https:\/\/www.camping-portdebouc.fr\/wp-content\/uploads\/2018\/12\/chb-enf-irm-loggia-2-mobilhome-neuf-2-768x1150.jpg 768w, https:\/\/www.camping-portdebouc.fr\/wp-content\/uploads\/2018\/12\/chb-enf-irm-loggia-2-mobilhome-neuf-2.jpg 2000w\" sizes=\"(max-width: 684px) 100vw, 684px\" \/><\/figure><\/li><li class=\"blocks-gallery-item\"><figure><img loading=\"lazy\" decoding=\"async\" width=\"800\" height=\"534\" src=\"https:\/\/www.camping-portdebouc.fr\/wp-content\/uploads\/2019\/05\/LOGGIA_3ch_COIN_REPAS_2019.jpg\" alt=\"\" data-id=\"567\" data-link=\"https:\/\/www.camping-portdebouc.fr\/fr\/les-mobil-homes\/loggia_3ch_coin_repas_2019\/\" class=\"wp-image-567\" srcset=\"https:\/\/www.camping-portdebouc.fr\/wp-content\/uploads\/2019\/05\/LOGGIA_3ch_COIN_REPAS_2019.jpg 800w, https:\/\/www.camping-portdebouc.fr\/wp-content\/uploads\/2019\/05\/LOGGIA_3ch_COIN_REPAS_2019-300x200.jpg 300w, https:\/\/www.camping-portdebouc.fr\/wp-content\/uploads\/2019\/05\/LOGGIA_3ch_COIN_REPAS_2019-768x513.jpg 768w, https:\/\/www.camping-portdebouc.fr\/wp-content\/uploads\/2019\/05\/LOGGIA_3ch_COIN_REPAS_2019-90x60.jpg 90w\" sizes=\"(max-width: 800px) 100vw, 800px\" \/><\/figure><\/li><li class=\"blocks-gallery-item\"><figure><img loading=\"lazy\" decoding=\"async\" width=\"800\" height=\"534\" src=\"https:\/\/www.camping-portdebouc.fr\/wp-content\/uploads\/2019\/05\/LOGGIA-2ch-EXTERIEUR.jpg\" alt=\"\" data-id=\"568\" data-link=\"https:\/\/www.camping-portdebouc.fr\/fr\/les-mobil-homes\/loggia-2ch-exterieur\/\" class=\"wp-image-568\" srcset=\"https:\/\/www.camping-portdebouc.fr\/wp-content\/uploads\/2019\/05\/LOGGIA-2ch-EXTERIEUR.jpg 800w, https:\/\/www.camping-portdebouc.fr\/wp-content\/uploads\/2019\/05\/LOGGIA-2ch-EXTERIEUR-300x200.jpg 300w, https:\/\/www.camping-portdebouc.fr\/wp-content\/uploads\/2019\/05\/LOGGIA-2ch-EXTERIEUR-768x513.jpg 768w, https:\/\/www.camping-portdebouc.fr\/wp-content\/uploads\/2019\/05\/LOGGIA-2ch-EXTERIEUR-90x60.jpg 90w\" sizes=\"(max-width: 800px) 100vw, 800px\" \/><\/figure><\/li><\/ul>\n","protected":false},"excerpt":{"rendered":"<p>Wir haben auf unserem Campingplatz sechs neue Mobilheime, die in diesem Jahr installiert wurden. Um Ihren Bed\u00fcrfnissen gerecht zu werden, bieten wir Mobilheime f\u00fcr 4 und 6 Personen an. Auf den Schlafsofas k\u00f6nnen 8 Personen \u00fcbernachten.<\/p>\n","protected":false},"author":1,"featured_media":0,"parent":0,"menu_order":0,"comment_status":"closed","ping_status":"closed","template":"","meta":{"ngg_post_thumbnail":0,"_themeisle_gutenberg_block_has_review":false,"footnotes":"","_links_to":"","_links_to_target":""},"class_list":["post-27","page","type-page","status-publish","hentry"],"aioseo_notices":[],"_links":{"self":[{"href":"https:\/\/www.camping-portdebouc.fr\/de\/wp-json\/wp\/v2\/pages\/27","targetHints":{"allow":["GET"]}}],"collection":[{"href":"https:\/\/www.camping-portdebouc.fr\/de\/wp-json\/wp\/v2\/pages"}],"about":[{"href":"https:\/\/www.camping-portdebouc.fr\/de\/wp-json\/wp\/v2\/types\/page"}],"author":[{"embeddable":true,"href":"https:\/\/www.camping-portdebouc.fr\/de\/wp-json\/wp\/v2\/users\/1"}],"replies":[{"embeddable":true,"href":"https:\/\/www.camping-portdebouc.fr\/de\/wp-json\/wp\/v2\/comments?post=27"}],"version-history":[{"count":25,"href":"https:\/\/www.camping-portdebouc.fr\/de\/wp-json\/wp\/v2\/pages\/27\/revisions"}],"predecessor-version":[{"id":1462,"href":"https:\/\/www.camping-portdebouc.fr\/de\/wp-json\/wp\/v2\/pages\/27\/revisions\/1462"}],"wp:attachment":[{"href":"https:\/\/www.camping-portdebouc.fr\/de\/wp-json\/wp\/v2\/media?parent=27"}],"curies":[{"name":"wp","href":"https:\/\/api.w.org\/{rel}","templated":true}]}}