{"id":69,"date":"2018-12-01T12:38:55","date_gmt":"2018-12-01T12:38:55","guid":{"rendered":"http:\/\/www.camping-portdebouc.fr\/?page_id=69"},"modified":"2025-06-11T07:09:24","modified_gmt":"2025-06-11T07:09:24","slug":"bienvenue","status":"publish","type":"page","link":"https:\/\/www.camping-portdebouc.fr\/de\/","title":{"rendered":"willkommen"},"content":{"rendered":"\n<figure class=\"wp-block-image\"><img fetchpriority=\"high\" decoding=\"async\" width=\"1024\" height=\"576\" src=\"https:\/\/www.camping-portdebouc.fr\/wp-content\/uploads\/2018\/11\/20181030_095012-1024x576.jpg\" alt=\"\" class=\"wp-image-14\"\/><\/figure>\n\n\n<div class=\"wrap-content \">\n<div class=\"csc-textpic csc-textpic-intext-right-nowrap csc-textpic-border\">\n<div>\n<div class=\"csc-textpic-text\">\n<p>Du bleu de la mer au vert des collines, l\u2019\u00e9t\u00e9, Port de Bouc vit les pieds dans l\u2019eau et la t\u00eate dans les cigales\u2026. \u00a0Petite ville bord\u00e9e par la Grande Bleue et la for\u00eat domaniale de Castillon, , elle offre toutes les joies de la plage et\u00a0 invite \u00e0 diverses activit\u00e9s nautiques. Le soir, la lune s\u2019empare du port Renaissance et propose des festivit\u00e9s o\u00f9 Balletti, cin\u00e9ma, concerts et expositions s\u2019entrelacent \u2026.<\/p>\n<p>\u00a0<\/p>\n<p><strong><u>Un site propice \u00e0 une vill\u00e9giature r\u00e9ussie<\/u><\/strong><\/p>\n<p>La plage n\u2019est qu\u2019\u00e0 quelques pas de votre site de vacance. Soit, un coin id\u00e9al pour un s\u00e9jour en famille ou entre amis.<\/p>\n<p><strong>80 emplacements\u00a0<\/strong>:\u00a0 chalets, mobil- homes, emplacements nus de 80 M2 et de 110 m2,<\/p>\n<p>Emplacements pour les camping- car de passage.<\/p>\n<p>Chaque emplacement assure aux vacanciers assez d\u2019espace pour passer un s\u00e9jour alliant tranquillit\u00e9 et convivialit\u00e9.<\/p>\n<p>\u00a0<\/p>\n<p><u>Id\u00e9al pour les enfants <\/u><\/p>\n<p>Camping les pieds dans l\u2019eau, la plage de Botta\u00ef n\u2019est qu\u2019\u00e0 quelques pas de votre lieu de vacance.\u00a0<\/p>\n<p>Anse \u00e0 l\u2019abri du vent, plage peu profonde, propice aux baignades et \u00e0 la pratique de jeux d\u2019eau et de sable, les enfants se r\u00e9galent. S\u2019ils ne sont pas trop jeunes, ils pourront m\u00eame s\u2019y rendre tout seuls.<\/p>\n<p class=\"align-justify\"><span style=\"color: #003366;\">\u00a0Plages de galets, plages de sable, Port de Bouc compte 9,5 km de littoral<\/span><\/p>\n<\/div>\n<\/div>\n<\/div>\n<\/div>\n\n","protected":false},"excerpt":{"rendered":"<p>Du bleu de la mer au vert des collines, l\u2019\u00e9t\u00e9, Port de Bouc vit les pieds dans l\u2019eau et la t\u00eate dans les cigales\u2026. \u00a0Petite ville bord\u00e9e par la Grande Bleue et la for\u00eat domaniale de Castillon, , elle offre toutes les joies de la &hellip; <\/p>\n","protected":false},"author":1,"featured_media":0,"parent":0,"menu_order":0,"comment_status":"closed","ping_status":"closed","template":"","meta":{"ngg_post_thumbnail":0,"_themeisle_gutenberg_block_has_review":false,"footnotes":"","_links_to":"","_links_to_target":""},"class_list":["post-69","page","type-page","status-publish","hentry"],"aioseo_notices":[],"_links":{"self":[{"href":"https:\/\/www.camping-portdebouc.fr\/de\/wp-json\/wp\/v2\/pages\/69","targetHints":{"allow":["GET"]}}],"collection":[{"href":"https:\/\/www.camping-portdebouc.fr\/de\/wp-json\/wp\/v2\/pages"}],"about":[{"href":"https:\/\/www.camping-portdebouc.fr\/de\/wp-json\/wp\/v2\/types\/page"}],"author":[{"embeddable":true,"href":"https:\/\/www.camping-portdebouc.fr\/de\/wp-json\/wp\/v2\/users\/1"}],"replies":[{"embeddable":true,"href":"https:\/\/www.camping-portdebouc.fr\/de\/wp-json\/wp\/v2\/comments?post=69"}],"version-history":[{"count":36,"href":"https:\/\/www.camping-portdebouc.fr\/de\/wp-json\/wp\/v2\/pages\/69\/revisions"}],"predecessor-version":[{"id":1473,"href":"https:\/\/www.camping-portdebouc.fr\/de\/wp-json\/wp\/v2\/pages\/69\/revisions\/1473"}],"wp:attachment":[{"href":"https:\/\/www.camping-portdebouc.fr\/de\/wp-json\/wp\/v2\/media?parent=69"}],"curies":[{"name":"wp","href":"https:\/\/api.w.org\/{rel}","templated":true}]}}