{"id":348,"date":"2019-01-17T12:47:35","date_gmt":"2019-01-17T12:47:35","guid":{"rendered":"https:\/\/www.camping-portdebouc.fr\/fr\/travelers-information\/"},"modified":"2020-12-14T07:20:07","modified_gmt":"2020-12-14T07:20:07","slug":"comite-entreprise","status":"publish","type":"page","link":"https:\/\/www.camping-portdebouc.fr\/en\/comite-entreprise\/","title":{"rendered":"Comit\u00e9 d&#8217;entreprises"},"content":{"rendered":"<p>Nous attachons une importance particuli\u00e8re \u00e0 faire en sorte que tout salari\u00e9\u00a0 ainsi que sa famille puissent\u00a0 b\u00e9n\u00e9ficier de conditions privil\u00e9gi\u00e9es pour le droit aux vacances. A ce titre, La politique d&#8217;entreprise que vous menez au sein de votre \u00e9tablissement y contribue fortement. C&#8217;est pour cela que le camping municipal de Botta\u00ef s&#8217;engage et nous nous tenons \u00e0 votre disposition pour faire profiter votre C.E de tarifs remis\u00e9s.<\/p>\n<p>N&#8217;h\u00e9sitez donc pas \u00e0 vous adresser \u00e0 nous par mail ou t\u00e9l\u00e9phone afin de travailler \u00e0 proposer des solutions d&#8217;h\u00e9bergements pour vos salari\u00e9s.<\/p>\n<p>\u00a0<\/p>\n\n\n<p><\/p>\n","protected":false},"excerpt":{"rendered":"<p>Nous attachons une importance particuli\u00e8re \u00e0 faire en sorte que tout salari\u00e9\u00a0 ainsi que sa famille puissent\u00a0 b\u00e9n\u00e9ficier de conditions privil\u00e9gi\u00e9es pour le droit aux vacances. A ce titre, La politique d&#8217;entreprise que vous menez au sein de votre \u00e9tablissement y contribue fortement. C&#8217;est pour &hellip; <\/p>\n","protected":false},"author":1,"featured_media":0,"parent":0,"menu_order":0,"comment_status":"closed","ping_status":"closed","template":"","meta":{"ngg_post_thumbnail":0,"_themeisle_gutenberg_block_has_review":false,"footnotes":"","_links_to":"","_links_to_target":""},"class_list":["post-348","page","type-page","status-publish","hentry"],"aioseo_notices":[],"_links":{"self":[{"href":"https:\/\/www.camping-portdebouc.fr\/en\/wp-json\/wp\/v2\/pages\/348","targetHints":{"allow":["GET"]}}],"collection":[{"href":"https:\/\/www.camping-portdebouc.fr\/en\/wp-json\/wp\/v2\/pages"}],"about":[{"href":"https:\/\/www.camping-portdebouc.fr\/en\/wp-json\/wp\/v2\/types\/page"}],"author":[{"embeddable":true,"href":"https:\/\/www.camping-portdebouc.fr\/en\/wp-json\/wp\/v2\/users\/1"}],"replies":[{"embeddable":true,"href":"https:\/\/www.camping-portdebouc.fr\/en\/wp-json\/wp\/v2\/comments?post=348"}],"version-history":[{"count":1,"href":"https:\/\/www.camping-portdebouc.fr\/en\/wp-json\/wp\/v2\/pages\/348\/revisions"}],"predecessor-version":[{"id":882,"href":"https:\/\/www.camping-portdebouc.fr\/en\/wp-json\/wp\/v2\/pages\/348\/revisions\/882"}],"wp:attachment":[{"href":"https:\/\/www.camping-portdebouc.fr\/en\/wp-json\/wp\/v2\/media?parent=348"}],"curies":[{"name":"wp","href":"https:\/\/api.w.org\/{rel}","templated":true}]}}