{"id":723,"date":"2019-06-20T13:44:17","date_gmt":"2019-06-20T13:44:17","guid":{"rendered":"https:\/\/www.camping-portdebouc.fr\/fr\/?page_id=723"},"modified":"2020-12-14T07:20:06","modified_gmt":"2020-12-14T07:20:06","slug":"activites","status":"publish","type":"page","link":"https:\/\/www.camping-portdebouc.fr\/en\/activites\/","title":{"rendered":"Activit\u00e9s"},"content":{"rendered":"\n<p>Club enfants: du lundi au vendredi de 9h30 \u00e0 12h, le club enfant propose des activit\u00e9s de d\u00e9tente, jeux de soci\u00e9t\u00e9&#8230;(sur inscription en fonction du nombre de places disponibles)<\/p>\n\n\n\n<figure class=\"wp-block-image size-large is-resized is-style-rounded\"><img fetchpriority=\"high\" decoding=\"async\" src=\"https:\/\/www.camping-portdebouc.fr\/wp-content\/uploads\/2020\/01\/club-enfant-1024x683.jpg\" alt=\"\" class=\"wp-image-876\" width=\"512\" height=\"342\" srcset=\"https:\/\/www.camping-portdebouc.fr\/wp-content\/uploads\/2020\/01\/club-enfant-1024x683.jpg 1024w, https:\/\/www.camping-portdebouc.fr\/wp-content\/uploads\/2020\/01\/club-enfant-300x200.jpg 300w, https:\/\/www.camping-portdebouc.fr\/wp-content\/uploads\/2020\/01\/club-enfant-768x512.jpg 768w, https:\/\/www.camping-portdebouc.fr\/wp-content\/uploads\/2020\/01\/club-enfant-1536x1024.jpg 1536w, https:\/\/www.camping-portdebouc.fr\/wp-content\/uploads\/2020\/01\/club-enfant-2048x1366.jpg 2048w, https:\/\/www.camping-portdebouc.fr\/wp-content\/uploads\/2020\/01\/club-enfant-90x60.jpg 90w\" sizes=\"(max-width: 512px) 100vw, 512px\" \/><figcaption>Le club enfant, un espace de d\u00e9tente situ\u00e9 \u00e0 proximit\u00e9 de l&#8217;aire de jeux<\/figcaption><\/figure>\n\n\n\n<figure class=\"wp-block-image size-large is-resized is-style-rounded\"><img decoding=\"async\" src=\"https:\/\/www.camping-portdebouc.fr\/wp-content\/uploads\/2020\/10\/animation_enfant-1.jpg\" alt=\"\" class=\"wp-image-984\" width=\"334\" height=\"250\" srcset=\"https:\/\/www.camping-portdebouc.fr\/wp-content\/uploads\/2020\/10\/animation_enfant-1.jpg 445w, https:\/\/www.camping-portdebouc.fr\/wp-content\/uploads\/2020\/10\/animation_enfant-1-300x224.jpg 300w, https:\/\/www.camping-portdebouc.fr\/wp-content\/uploads\/2020\/10\/animation_enfant-1-100x75.jpg 100w, https:\/\/www.camping-portdebouc.fr\/wp-content\/uploads\/2020\/10\/animation_enfant-1-150x112.jpg 150w, https:\/\/www.camping-portdebouc.fr\/wp-content\/uploads\/2020\/10\/animation_enfant-1-200x150.jpg 200w, https:\/\/www.camping-portdebouc.fr\/wp-content\/uploads\/2020\/10\/animation_enfant-1-160x120.jpg 160w\" sizes=\"(max-width: 334px) 100vw, 334px\" \/><figcaption>Animation peinture sur galets <\/figcaption><\/figure>\n\n\n\n<p>Sur notre camping, vous aurez \u00e0 disposition d&#8217;un terrain de p\u00e9tanque, une aire de jeux pour enfants, vous aurez la possibilit\u00e9 d&#8217;utiliser <strong>gratuitement<\/strong>  nos 4 barbecues.<\/p>\n\n\n\n<figure class=\"wp-block-image size-large is-resized\"><img decoding=\"async\" src=\"https:\/\/www.camping-portdebouc.fr\/wp-content\/uploads\/2020\/01\/20190607_125431-1024x768.jpg\" alt=\"\" class=\"wp-image-842\" width=\"230\" height=\"173\" srcset=\"https:\/\/www.camping-portdebouc.fr\/wp-content\/uploads\/2020\/01\/20190607_125431-1024x768.jpg 1024w, https:\/\/www.camping-portdebouc.fr\/wp-content\/uploads\/2020\/01\/20190607_125431-300x225.jpg 300w, https:\/\/www.camping-portdebouc.fr\/wp-content\/uploads\/2020\/01\/20190607_125431-768x576.jpg 768w, https:\/\/www.camping-portdebouc.fr\/wp-content\/uploads\/2020\/01\/20190607_125431-1536x1152.jpg 1536w, https:\/\/www.camping-portdebouc.fr\/wp-content\/uploads\/2020\/01\/20190607_125431-2048x1536.jpg 2048w, https:\/\/www.camping-portdebouc.fr\/wp-content\/uploads\/2020\/01\/20190607_125431-80x60.jpg 80w\" sizes=\"(max-width: 230px) 100vw, 230px\" \/><\/figure>\n\n\n\n<p>-INITIATION KAYAK: Outre les locations kayak, paddle et vtt, nous vous proposons de vous initier \u00e0 des activit\u00e9s de d\u00e9couverte nautique. Encadr\u00e9s par des professionnels, deux demi journ\u00e9es (de 9h \u00e0 12h), <strong>gratuitement<\/strong>.<\/p>\n\n\n\n<p> Cette activit\u00e9 se fait sur r\u00e9servation pr\u00e9alable aupr\u00e8s de la r\u00e9ception du camping et si les conditions m\u00e9t\u00e9o le permettent.<\/p>\n\n\n\n<figure class=\"wp-block-image is-resized\"><img loading=\"lazy\" decoding=\"async\" src=\"https:\/\/www.camping-portdebouc.fr\/wp-content\/uploads\/2019\/06\/canoeing-1521660_640.jpg\" alt=\"\" class=\"wp-image-727\" width=\"480\" height=\"360\" srcset=\"https:\/\/www.camping-portdebouc.fr\/wp-content\/uploads\/2019\/06\/canoeing-1521660_640.jpg 640w, https:\/\/www.camping-portdebouc.fr\/wp-content\/uploads\/2019\/06\/canoeing-1521660_640-300x225.jpg 300w, https:\/\/www.camping-portdebouc.fr\/wp-content\/uploads\/2019\/06\/canoeing-1521660_640-80x60.jpg 80w\" sizes=\"(max-width: 480px) 100vw, 480px\" \/><\/figure>\n\n\n\n<p><\/p>\n\n\n\n<p>-Mercredi apr\u00e8s-midi(17h30): L&#8217;association nautique Nautic\u00e9lus, vous propose <strong>une randonn\u00e9e en kayak . D\u00e9part depuis la base nautique(dur\u00e9e estim\u00e9e:2h) (payant)<\/strong><\/p>\n\n\n\n<p>-S\u00e9ances de cin\u00e9ma en plein air \u00e0 la tomb\u00e9e de la nuit, le mercredi<\/p>\n\n\n\n<p>-Animations musicales le vendredi<\/p>\n\n\n\n<p>-Concours de boules<\/p>\n\n\n\n<p>Et comme vous ne venez pas pour passer vos journ\u00e9es au camping, nous mettons \u00e0 votre disposition tous les points d&#8217;int\u00e9r\u00eats touristiques \u00e0 visiter dans notre r\u00e9gion. En premier lieu sur notre commune. Vous trouverez forc\u00e9ment une activit\u00e9, une sortie qui vous conviendra. <\/p>\n\n\n\n<p><\/p>\n","protected":false},"excerpt":{"rendered":"<p>Club enfants: du lundi au vendredi de 9h30 \u00e0 12h, le club enfant propose des activit\u00e9s de d\u00e9tente, jeux de soci\u00e9t\u00e9&#8230;(sur inscription en fonction du nombre de places disponibles) Sur notre camping, vous aurez \u00e0 disposition d&#8217;un terrain de p\u00e9tanque, une aire de jeux pour &hellip; <\/p>\n","protected":false},"author":1,"featured_media":0,"parent":0,"menu_order":0,"comment_status":"closed","ping_status":"closed","template":"","meta":{"ngg_post_thumbnail":0,"_themeisle_gutenberg_block_has_review":false,"footnotes":"","_links_to":"","_links_to_target":""},"class_list":["post-723","page","type-page","status-publish","hentry"],"aioseo_notices":[],"_links":{"self":[{"href":"https:\/\/www.camping-portdebouc.fr\/en\/wp-json\/wp\/v2\/pages\/723","targetHints":{"allow":["GET"]}}],"collection":[{"href":"https:\/\/www.camping-portdebouc.fr\/en\/wp-json\/wp\/v2\/pages"}],"about":[{"href":"https:\/\/www.camping-portdebouc.fr\/en\/wp-json\/wp\/v2\/types\/page"}],"author":[{"embeddable":true,"href":"https:\/\/www.camping-portdebouc.fr\/en\/wp-json\/wp\/v2\/users\/1"}],"replies":[{"embeddable":true,"href":"https:\/\/www.camping-portdebouc.fr\/en\/wp-json\/wp\/v2\/comments?post=723"}],"version-history":[{"count":11,"href":"https:\/\/www.camping-portdebouc.fr\/en\/wp-json\/wp\/v2\/pages\/723\/revisions"}],"predecessor-version":[{"id":1013,"href":"https:\/\/www.camping-portdebouc.fr\/en\/wp-json\/wp\/v2\/pages\/723\/revisions\/1013"}],"wp:attachment":[{"href":"https:\/\/www.camping-portdebouc.fr\/en\/wp-json\/wp\/v2\/media?parent=723"}],"curies":[{"name":"wp","href":"https:\/\/api.w.org\/{rel}","templated":true}]}}