{"id":831,"date":"2020-01-21T10:27:43","date_gmt":"2020-01-21T10:27:43","guid":{"rendered":"https:\/\/www.camping-portdebouc.fr\/fr\/?page_id=831"},"modified":"2020-12-14T07:20:06","modified_gmt":"2020-12-14T07:20:06","slug":"cheques-vacances","status":"publish","type":"page","link":"https:\/\/www.camping-portdebouc.fr\/en\/tarifs\/cheques-vacances\/","title":{"rendered":"Ch\u00e8ques-vacances"},"content":{"rendered":"\n<h2 class=\"wp-block-heading\">R\u00e9servez avec vos Ch\u00e8ques-Vacances<\/h2>\n\n\n\n<p>Pensez aux Ch\u00e8ques-Vacances comme moyen de paiement d&#8217;une partie ou de la totalit\u00e9 de votre prochaine location sur notre camping<\/p>\n\n\n\n<h5 class=\"wp-block-heading\">Qu&#8217;est-ce qu&#8217;un ch\u00e8que-vacances ?<\/h5>\n\n\n\n<p>Si vous b\u00e9n\u00e9ficiez de ch\u00e8ques-vacances \n\u00e9mis par l\u2019Agence Nationale pour les Ch\u00e8ques-Vacances achet\u00e9s aupr\u00e8s de \nvotre employeur ou obtenus aupr\u00e8s d\u2019un organisme \u00e0 caract\u00e8re social, \nvous pouvez les utiliser pour payer tout ou partie de vos s\u00e9jours, \ndirectement au moment du paiement de votre s\u00e9jour.<\/p>\n\n\n\n<div class=\"wp-block-image\"><figure class=\"alignleft size-large\"><img decoding=\"async\" width=\"189\" height=\"202\" src=\"https:\/\/www.camping-portdebouc.fr\/wp-content\/uploads\/2019\/08\/macaron_cheque_vacances_1.jpg\" alt=\"\" class=\"wp-image-772\" srcset=\"https:\/\/www.camping-portdebouc.fr\/wp-content\/uploads\/2019\/08\/macaron_cheque_vacances_1.jpg 189w, https:\/\/www.camping-portdebouc.fr\/wp-content\/uploads\/2019\/08\/macaron_cheque_vacances_1-56x60.jpg 56w\" sizes=\"(max-width: 189px) 100vw, 189px\" \/><\/figure><\/div>\n\n\n\n<h5 class=\"wp-block-heading\"><br>Pour utiliser vos ch\u00e8ques-vacances, c&#8217;est tr\u00e8s simple !<\/h5>\n\n\n\n<p>Le camping botta\u00ef*** accepte les ch\u00e8ques vacances de l\u2019ANCV pour toute r\u00e9servation <\/p>\n\n\n\n<p><strong>Payez en Ch\u00e8ques-Vacances notre site internet<\/strong><\/p>\n\n\n\n<ul class=\"wp-block-list\"><li>Lors d&#8217;une r\u00e9servation sur notre site internet \u00e0 plus de 30 jours du  d\u00e9part, r\u00e9glez tout d&#8217;abord l\u2019acompte de votre s\u00e9jour par carte  bancaire.<\/li><li>Prenez ensuite contact avec nous  par mail  pour nous informer que tout ou partie du solde sera r\u00e9gl\u00e9 par Ch\u00e8ques-vacances.<\/li><\/ul>\n\n\n\n<p><strong>Attention !<\/strong>&nbsp;Vos Ch\u00e8ques-Vacances doivent \u00eatre re\u00e7us en recommand\u00e9 avec accus\u00e9 de r\u00e9ception* avant le paiement du solde, attendu&nbsp;<strong>au plus tard 30 jours avant le d\u00e9part<\/strong>.<\/p>\n\n\n\n<p>&nbsp;Et si vos ch\u00e8ques vacances ne soldent \npas la totalit\u00e9 de votre dossier, vous avez la possibilit\u00e9 de r\u00e9gler le \ndiff\u00e9rentiel par ch\u00e8que bancaire ou carte bancaire.<\/p>\n\n\n\n<ul class=\"wp-block-list\"><li>Pour r\u00e9server un\u00a0<strong>s\u00e9jour \u00e0 moins de 30 jours du d\u00e9part<\/strong>, contactez directement avec nous  par t\u00e9l\u00e9phone au 06 47 73 28 62 <\/li><\/ul>\n\n\n\n<p><em>=>&nbsp;Si vous d\u00e9sirez en savoir plus sur les Ch\u00e8ques Vacances, nous vous conseillons de vous rendre sur le&nbsp;<a href=\"http:\/\/www.ancv.com\/\" target=\"_blank\" rel=\"noreferrer noopener\">site de l&#8217;ANCV<\/a><\/em><\/p>\n\n\n\n<p><em>* \u00e0 d\u00e9faut, nous ne pourrons \u00eatre \u00eatre tenus responsable en cas de perte.<\/em><\/p>\n","protected":false},"excerpt":{"rendered":"<p>R\u00e9servez avec vos Ch\u00e8ques-Vacances Pensez aux Ch\u00e8ques-Vacances comme moyen de paiement d&#8217;une partie ou de la totalit\u00e9 de votre prochaine location sur notre camping Qu&#8217;est-ce qu&#8217;un ch\u00e8que-vacances ? Si vous b\u00e9n\u00e9ficiez de ch\u00e8ques-vacances \u00e9mis par l\u2019Agence Nationale pour les Ch\u00e8ques-Vacances achet\u00e9s aupr\u00e8s de votre employeur &hellip; <\/p>\n","protected":false},"author":1,"featured_media":0,"parent":730,"menu_order":2,"comment_status":"closed","ping_status":"closed","template":"","meta":{"ngg_post_thumbnail":0,"_themeisle_gutenberg_block_has_review":false,"footnotes":"","_links_to":"","_links_to_target":""},"class_list":["post-831","page","type-page","status-publish","hentry"],"aioseo_notices":[],"_links":{"self":[{"href":"https:\/\/www.camping-portdebouc.fr\/en\/wp-json\/wp\/v2\/pages\/831","targetHints":{"allow":["GET"]}}],"collection":[{"href":"https:\/\/www.camping-portdebouc.fr\/en\/wp-json\/wp\/v2\/pages"}],"about":[{"href":"https:\/\/www.camping-portdebouc.fr\/en\/wp-json\/wp\/v2\/types\/page"}],"author":[{"embeddable":true,"href":"https:\/\/www.camping-portdebouc.fr\/en\/wp-json\/wp\/v2\/users\/1"}],"replies":[{"embeddable":true,"href":"https:\/\/www.camping-portdebouc.fr\/en\/wp-json\/wp\/v2\/comments?post=831"}],"version-history":[{"count":2,"href":"https:\/\/www.camping-portdebouc.fr\/en\/wp-json\/wp\/v2\/pages\/831\/revisions"}],"predecessor-version":[{"id":1096,"href":"https:\/\/www.camping-portdebouc.fr\/en\/wp-json\/wp\/v2\/pages\/831\/revisions\/1096"}],"up":[{"embeddable":true,"href":"https:\/\/www.camping-portdebouc.fr\/en\/wp-json\/wp\/v2\/pages\/730"}],"wp:attachment":[{"href":"https:\/\/www.camping-portdebouc.fr\/en\/wp-json\/wp\/v2\/media?parent=831"}],"curies":[{"name":"wp","href":"https:\/\/api.w.org\/{rel}","templated":true}]}}