{"id":114,"date":"2018-12-08T09:22:43","date_gmt":"2018-12-08T09:22:43","guid":{"rendered":"http:\/\/www.camping-portdebouc.fr\/?page_id=114"},"modified":"2025-04-10T12:29:41","modified_gmt":"2025-04-10T12:29:41","slug":"la-ville","status":"publish","type":"page","link":"https:\/\/www.camping-portdebouc.fr\/es\/la-ville\/","title":{"rendered":"la ville"},"content":{"rendered":"\n<p>Mieux que de longs discours, l&#8217;\u00e9t\u00e9 venu, la ville s&#8217;anime et vit au rythme des festivit\u00e9s et des animations. Regardez la vid\u00e9o. <\/p>\n\n\n\n<figure class=\"wp-block-embed is-type-video is-provider-vimeo wp-block-embed-vimeo wp-embed-aspect-16-9 wp-has-aspect-ratio\"><div class=\"wp-block-embed__wrapper\">\n<iframe title=\"Camping botta\u00ef \u00e0 Port de Bouc\" src=\"https:\/\/player.vimeo.com\/video\/337721168?dnt=1&amp;app_id=122963\" width=\"910\" height=\"512\" frameborder=\"0\" allow=\"autoplay; fullscreen; picture-in-picture; clipboard-write; encrypted-media\"><\/iframe>\n<\/div><figcaption class=\"wp-element-caption\">Quelques images de la ville. <\/figcaption><\/figure>\n\n\n\n<h3 class=\"wp-block-heading\">Le festival culinaire des sardinades<\/h3>\n\n\n\n<p>Souvent imit\u00e9es, jamais \u00e9gal\u00e9es. N\u00e9es \u00e0 Port de Bouc, l\u2019id\u00e9e conviviale des  sardinades a fait son chemin\u2026 Aujourd\u2019hui on parle des sardinades de  Port de Bouc \u00e0 travers la France enti\u00e8re et\u2026 dans le Monde entier,  puisque leur renomm\u00e9e a travers\u00e9 les fronti\u00e8res. Lieu convivial de toute  vos soir\u00e9es d\u2019\u00e9t\u00e9, ou se m\u00eale la bonne humeur, les plats iod\u00e9s de la  m\u00e9diterran\u00e9e, la musique et le balletti\u2026 <\/p>\n\n\n\n<figure class=\"wp-block-embed is-type-video is-provider-vimeo wp-block-embed-vimeo wp-embed-aspect-4-3 wp-has-aspect-ratio\"><div class=\"wp-block-embed__wrapper\">\n<iframe title=\"Le sardinades \u00e0 Port de Bouc\" src=\"https:\/\/player.vimeo.com\/video\/337949595?dnt=1&amp;app_id=122963\" width=\"788\" height=\"576\" frameborder=\"0\" allow=\"autoplay; fullscreen; picture-in-picture; clipboard-write; encrypted-media\"><\/iframe>\n<\/div><\/figure>\n\n\n\n<p>C\u2019est tous les soirs en juillet, ao\u00fbt.\u00a0 <br>La <a href=\"https:\/\/www.facebook.com\/sardinadespdboff\" title=\"\">page facebook des sardinades<\/a><br><br>Pour plus d&#8217;informations sur les festivit\u00e9s qui se d\u00e9roulent sur la ville:<br><a href=\"http:\/\/www.portdebouc-tourisme.fr\/\" target=\"_blank\" rel=\"noopener\" title=\"\">le site de l&#8217;office du tourisme<\/a><br>ou sur la <a href=\"https:\/\/www.facebook.com\/VilledePortdeBouc13110\" title=\"\">page facebook de la ville<\/a><\/p>\n\n\n\n<p>Retrouvez-nous sur l&#8217;application IntraMuros ! Disponible aussi sur smartphone ! <\/p>\n\n\n\n<p><a href=\"https:\/\/www.intramuros.org\/port-de-bouc\">https:\/\/www.intramuros.org\/port-de-bouc<\/a><\/p>\n\n\n\n<figure class=\"wp-block-image size-large\"><img decoding=\"async\" src=\"https:\/\/i.ibb.co\/rGt5QCrv\/Intra-Muros-page-0001.jpg\" alt=\"Intra-Muros-page-0001\"\/><\/figure>\n","protected":false},"excerpt":{"rendered":"<p>Mieux que de longs discours, l&#8217;\u00e9t\u00e9 venu, la ville s&#8217;anime et vit au rythme des festivit\u00e9s et des animations. Regardez la vid\u00e9o. Le festival culinaire des sardinades Souvent imit\u00e9es, jamais \u00e9gal\u00e9es. N\u00e9es \u00e0 Port de Bouc, l\u2019id\u00e9e conviviale des sardinades a fait son chemin\u2026 Aujourd\u2019hui &hellip; <\/p>\n","protected":false},"author":1,"featured_media":0,"parent":0,"menu_order":0,"comment_status":"closed","ping_status":"closed","template":"","meta":{"ngg_post_thumbnail":0,"_themeisle_gutenberg_block_has_review":false,"footnotes":"","_links_to":"","_links_to_target":""},"class_list":["post-114","page","type-page","status-publish","hentry"],"aioseo_notices":[],"_links":{"self":[{"href":"https:\/\/www.camping-portdebouc.fr\/es\/wp-json\/wp\/v2\/pages\/114","targetHints":{"allow":["GET"]}}],"collection":[{"href":"https:\/\/www.camping-portdebouc.fr\/es\/wp-json\/wp\/v2\/pages"}],"about":[{"href":"https:\/\/www.camping-portdebouc.fr\/es\/wp-json\/wp\/v2\/types\/page"}],"author":[{"embeddable":true,"href":"https:\/\/www.camping-portdebouc.fr\/es\/wp-json\/wp\/v2\/users\/1"}],"replies":[{"embeddable":true,"href":"https:\/\/www.camping-portdebouc.fr\/es\/wp-json\/wp\/v2\/comments?post=114"}],"version-history":[{"count":19,"href":"https:\/\/www.camping-portdebouc.fr\/es\/wp-json\/wp\/v2\/pages\/114\/revisions"}],"predecessor-version":[{"id":1380,"href":"https:\/\/www.camping-portdebouc.fr\/es\/wp-json\/wp\/v2\/pages\/114\/revisions\/1380"}],"wp:attachment":[{"href":"https:\/\/www.camping-portdebouc.fr\/es\/wp-json\/wp\/v2\/media?parent=114"}],"curies":[{"name":"wp","href":"https:\/\/api.w.org\/{rel}","templated":true}]}}