{"id":22,"date":"2018-11-27T19:04:48","date_gmt":"2018-11-27T19:04:48","guid":{"rendered":"http:\/\/www.camping-portdebouc.fr\/?page_id=22"},"modified":"2025-04-01T14:54:44","modified_gmt":"2025-04-01T14:54:44","slug":"le-camping","status":"publish","type":"page","link":"https:\/\/www.camping-portdebouc.fr\/es\/le-camping\/","title":{"rendered":"camping familiar"},"content":{"rendered":"<p><span class=\"tlid-translation translation\" lang=\"es\">Un sitio propicio para un exitoso complejo vacacional en el camping Bottai Port de Bouc, es el lugar ideal para vacacionar. Es un punto de partida para sus deseos de excursiones y paseos por nuestra hermosa regi\u00f3n. Ubicado entre la Camarga y Marsella, le permite visitar Arles, Aix-en-Provence, los Alpilles &#8230; Pero si decide pasear con nosotros, no se preocupe, la playa est\u00e1 a solo unos pasos. desde su sitio de vacaciones. O, un rinc\u00f3n ideal para una estancia en familia o con amigos. Un camping familiar con 80 parcelas: con chalets y casas m\u00f3viles y parcelas de 90 m2 y 130 m2 para tiendas de campa\u00f1a, autocaravanas. y caravanas en modo &#8220;gran confort&#8221;, ya que los sitios est\u00e1n conectados al agua, con aguas residuales, un \u00e1rea de servicio, permite que las autocaravanas se detengan, por el d\u00eda o por la noche, antes de volver a tomar, El camino de la aventura. Tenemos la soluci\u00f3n que se adapte a usted, ya que cada lugar ofrece a los vacacionistas el espacio suficiente para pasar unas vacaciones combinando paz y amabilidad. Ideal para ni\u00f1os Acampando pies en el agua, la playa de Bottai , etiquetado con la bandera azul, est\u00e1 a solo unos pasos de su casa de vacaciones. Anse al abrigo del viento, playa poco profunda, apta para nadar y practicar juegos de agua y arena, fiesta infantil. Hogar de personas con movilidad reducida. Acampar en un terreno plano que permite el acceso y una F\u00e1cil movimiento, un chalet y un mobil hogar a los est\u00e1ndares de PMR, ba\u00f1os adaptados, favorece la recepci\u00f3n de personas con movilidad reducida. La playa cerca del camping tiene un camping ecol\u00f3gico tiralo.Un: gesti\u00f3n de la energ\u00eda, reducci\u00f3n del consumo de electricidad, calentador de agua solar, alumbrado p\u00fablico, clasificaci\u00f3n de residuos. Plantaci\u00f3n de esencias mediterr\u00e1neas. La preservaci\u00f3n de los recursos naturales, el desarrollo sostenible y el respeto por el medio ambiente est\u00e1n entre nuestras prioridades.<\/span><\/p>\n<div id=\"contenu\">\n<div class=\"wrap-content \"><a id=\"c352\"><\/a><\/p>\n<div class=\"csc-textpic csc-textpic-center csc-textpic-above csc-textpic-border\">\n<div class=\"csc-textpic-imagewrap\"><\/div>\n<\/div>\n<div class=\"csc-textpic-clear\"><\/div>\n<\/div>\n<div class=\"wrap-content \"><\/div>\n<\/div>\n","protected":false},"excerpt":{"rendered":"<p>Un sitio propicio para un exitoso complejo vacacional en el camping Bottai Port de Bouc, es el lugar ideal para vacacionar. Es un punto de partida para sus deseos de excursiones y paseos por nuestra hermosa regi\u00f3n. Ubicado entre la Camarga y Marsella, le permite &hellip; <\/p>\n","protected":false},"author":1,"featured_media":0,"parent":0,"menu_order":0,"comment_status":"closed","ping_status":"closed","template":"","meta":{"ngg_post_thumbnail":0,"_themeisle_gutenberg_block_has_review":false,"footnotes":"","_links_to":"","_links_to_target":""},"class_list":["post-22","page","type-page","status-publish","hentry"],"aioseo_notices":[],"_links":{"self":[{"href":"https:\/\/www.camping-portdebouc.fr\/es\/wp-json\/wp\/v2\/pages\/22","targetHints":{"allow":["GET"]}}],"collection":[{"href":"https:\/\/www.camping-portdebouc.fr\/es\/wp-json\/wp\/v2\/pages"}],"about":[{"href":"https:\/\/www.camping-portdebouc.fr\/es\/wp-json\/wp\/v2\/types\/page"}],"author":[{"embeddable":true,"href":"https:\/\/www.camping-portdebouc.fr\/es\/wp-json\/wp\/v2\/users\/1"}],"replies":[{"embeddable":true,"href":"https:\/\/www.camping-portdebouc.fr\/es\/wp-json\/wp\/v2\/comments?post=22"}],"version-history":[{"count":32,"href":"https:\/\/www.camping-portdebouc.fr\/es\/wp-json\/wp\/v2\/pages\/22\/revisions"}],"predecessor-version":[{"id":1256,"href":"https:\/\/www.camping-portdebouc.fr\/es\/wp-json\/wp\/v2\/pages\/22\/revisions\/1256"}],"wp:attachment":[{"href":"https:\/\/www.camping-portdebouc.fr\/es\/wp-json\/wp\/v2\/media?parent=22"}],"curies":[{"name":"wp","href":"https:\/\/api.w.org\/{rel}","templated":true}]}}