{"id":24,"date":"2019-05-23T08:15:12","date_gmt":"2019-05-23T08:15:12","guid":{"rendered":"http:\/\/www.camping-portdebouc.fr\/?page_id=24"},"modified":"2025-04-09T08:51:03","modified_gmt":"2025-04-09T08:51:03","slug":"acces","status":"publish","type":"page","link":"https:\/\/www.camping-portdebouc.fr\/es\/le-camping\/acces\/","title":{"rendered":"Acc\u00e8s aux campings"},"content":{"rendered":"\n<p>Nos sommes \u00e0 Port-de-Bouc, dans les Bouches-du-Rh\u00f4ne, entre les villes de Fos-sur-Mer et Martigues. <\/p>\n\n\n\n<p><strong>Pour acc\u00e9der au camping de Botta\u00ef par la route<\/strong><\/p>\n\n\n\n<p><strong>Depuis Aix-en-Provence \/ Marseille :<\/strong><br>Prendre l\u2019 A55 en de direction Martigues\/Fos-sur-Mer, sur la la RN 568 suivre Fos\/Mer puis prendre la sortie n\u00b0 17 Port-de-Bouc(centre ville).<br>Depuis Arles \/ Fos-sur-Mer :<br>Prendre la N113, puis la sortie N\u00b09 vers A55(Marseille\/Fos) puis la RN568 direction Martigues\/Marseille, sortie Port-de-Bouc<\/p>\n\n\n\n<p><strong>Depuis l\u2019A\u00e9roport Marseille Provence :<\/strong><br>Direction Marseille par l\u2019autoroute A55, suivre Martigues\/Fos-sur-Mer, puis prendre sortie 17 Port-de-Bouc \u2013 centre ville<\/p>\n\n\n\n<p><strong>Le train : <\/strong><br>La gare Sncf se trouve en centre ville, \u00e0 2km du camping<br><a href=\"https:\/\/www.sncf-connect.com\/\">https:\/\/www.sncf-connect.com\/<\/a><\/p>\n\n\n\n<p><strong>TER PACA : <\/strong><br><a href=\"https:\/\/www.ter.sncf.com\/sud-provence-alpes-cote-d-azur\">https:\/\/www.ter.sncf.com\/sud-provence-alpes-cote-d-azur<\/a><\/p>\n\n\n\n<p>Le r\u00e9seau de transport de la m\u00e9tropole Aix-Marseille-Provence pour organiser vos d\u00e9placements durant votre s\u00e9jour.<br><a href=\"https:\/\/www.lametropolemobilite.fr\/ \">https:\/\/www.lametropolemobilite.fr\/ <\/a><\/p>\n\n\n\n<p><\/p>\n\n\n\n<p><strong>Pour acc\u00e9der au camping de la M\u00e9rindole par la route<\/strong><br><\/p>\n\n\n\n<p><strong>Depuis Aix-en-Provence \/ Marseille :<\/strong><br>Prendre l\u2019 A55 en de direction Martigues\/Fos-sur-Mer, sur la la RN 568 suivre Fos\/Mer puis prendre la sortie n\u00b0 17 Port-de-Bouc(centre ville).<br>Depuis Arles \/ Fos-sur-Mer :<br>Prendre la N113, puis la sortie N\u00b09 vers A55(Marseille\/Fos) puis la RN568 direction Martigues\/Marseille, sortie Port-de-Bouc<\/p>\n\n\n\n<p><strong>Depuis l\u2019A\u00e9roport Marseille Provence :<\/strong><br>Direction Marseille par l\u2019autoroute A55, suivre Martigues\/Fos-sur-Mer, puis prendre sortie 17 Port-de-Bouc \u2013 centre ville<\/p>\n\n\n\n<p><strong>Le train :<\/strong><br>La gare Sncf se trouve en centre ville, \u00e0 2km du camping<br><a href=\"https:\/\/www.sncf-connect.com\/\">https:\/\/www.sncf-connect.com\/<\/a><\/p>\n\n\n\n<p><strong>TER PACA :<\/strong><br><a href=\"https:\/\/www.ter.sncf.com\/sud-provence-alpes-cote-d-azur\">https:\/\/www.ter.sncf.com\/sud-provence-alpes-cote-d-azur<\/a><\/p>\n\n\n\n<p>Le r\u00e9seau de transport de la m\u00e9tropole Aix-Marseille-Provence pour organiser vos d\u00e9placements durant votre s\u00e9jour.<br><a href=\"https:\/\/www.lametropolemobilite.fr\/\">https:\/\/www.lametropolemobilite.fr\/<\/a><\/p>\n","protected":false},"excerpt":{"rendered":"<p>Nos sommes \u00e0 Port-de-Bouc, dans les Bouches-du-Rh\u00f4ne, entre les villes de Fos-sur-Mer et Martigues. Pour acc\u00e9der au camping de Botta\u00ef par la route Depuis Aix-en-Provence \/ Marseille :Prendre l\u2019 A55 en de direction Martigues\/Fos-sur-Mer, sur la la RN 568 suivre Fos\/Mer puis prendre la sortie &hellip; <\/p>\n","protected":false},"author":1,"featured_media":0,"parent":22,"menu_order":0,"comment_status":"closed","ping_status":"closed","template":"","meta":{"ngg_post_thumbnail":0,"_themeisle_gutenberg_block_has_review":false,"footnotes":"","_links_to":"","_links_to_target":""},"class_list":["post-24","page","type-page","status-publish","hentry"],"aioseo_notices":[],"_links":{"self":[{"href":"https:\/\/www.camping-portdebouc.fr\/es\/wp-json\/wp\/v2\/pages\/24","targetHints":{"allow":["GET"]}}],"collection":[{"href":"https:\/\/www.camping-portdebouc.fr\/es\/wp-json\/wp\/v2\/pages"}],"about":[{"href":"https:\/\/www.camping-portdebouc.fr\/es\/wp-json\/wp\/v2\/types\/page"}],"author":[{"embeddable":true,"href":"https:\/\/www.camping-portdebouc.fr\/es\/wp-json\/wp\/v2\/users\/1"}],"replies":[{"embeddable":true,"href":"https:\/\/www.camping-portdebouc.fr\/es\/wp-json\/wp\/v2\/comments?post=24"}],"version-history":[{"count":15,"href":"https:\/\/www.camping-portdebouc.fr\/es\/wp-json\/wp\/v2\/pages\/24\/revisions"}],"predecessor-version":[{"id":1332,"href":"https:\/\/www.camping-portdebouc.fr\/es\/wp-json\/wp\/v2\/pages\/24\/revisions\/1332"}],"up":[{"embeddable":true,"href":"https:\/\/www.camping-portdebouc.fr\/es\/wp-json\/wp\/v2\/pages\/22"}],"wp:attachment":[{"href":"https:\/\/www.camping-portdebouc.fr\/es\/wp-json\/wp\/v2\/media?parent=24"}],"curies":[{"name":"wp","href":"https:\/\/api.w.org\/{rel}","templated":true}]}}