{"id":27,"date":"2018-11-27T19:08:20","date_gmt":"2018-11-27T19:08:20","guid":{"rendered":"http:\/\/www.camping-portdebouc.fr\/?page_id=27"},"modified":"2025-06-10T14:09:05","modified_gmt":"2025-06-10T14:09:05","slug":"les-mobil-homes","status":"publish","type":"page","link":"https:\/\/www.camping-portdebouc.fr\/es\/les-mobil-homes\/","title":{"rendered":"Les Mobil Homes"},"content":{"rendered":"\n<p><\/p>\n\n\n<div class=\"wp-block-image\">\n<figure class=\"alignleft size-large\"><a href=\"https:\/\/www.camping-portdebouc.fr\/wp-content\/uploads\/2025\/06\/IG6A6860-scaled.jpg\"><img fetchpriority=\"high\" decoding=\"async\" width=\"1024\" height=\"683\" src=\"https:\/\/www.camping-portdebouc.fr\/wp-content\/uploads\/2025\/06\/IG6A6860-1024x683.jpg\" alt=\"\" class=\"wp-image-1460\" srcset=\"https:\/\/www.camping-portdebouc.fr\/wp-content\/uploads\/2025\/06\/IG6A6860-1024x683.jpg 1024w, https:\/\/www.camping-portdebouc.fr\/wp-content\/uploads\/2025\/06\/IG6A6860-300x200.jpg 300w, https:\/\/www.camping-portdebouc.fr\/wp-content\/uploads\/2025\/06\/IG6A6860-768x512.jpg 768w, https:\/\/www.camping-portdebouc.fr\/wp-content\/uploads\/2025\/06\/IG6A6860-1536x1024.jpg 1536w, https:\/\/www.camping-portdebouc.fr\/wp-content\/uploads\/2025\/06\/IG6A6860-2048x1365.jpg 2048w, https:\/\/www.camping-portdebouc.fr\/wp-content\/uploads\/2025\/06\/IG6A6860-90x60.jpg 90w\" sizes=\"(max-width: 1024px) 100vw, 1024px\" \/><\/a><\/figure><\/div>\n\n\n<p><\/p>\n\n\n\n<div style=\"height:100px\" aria-hidden=\"true\" class=\"wp-block-spacer\"><\/div>\n\n\n\n<p>Nous disposons sur notre camping de six mobil homes neufs, install\u00e9s en juin 2019.<\/p>\n\n\n\n<p>Pour r\u00e9pondre \u00e0 vos besoins, nous vous proposons des mobil homes pour 4 et 6 personnes, pouvant en accueillir 8 en utilisant les banquettes-lit.<\/p>\n\n\n\n<figure class=\"wp-block-gallery has-nested-images columns-5 is-cropped wp-block-gallery-1 is-layout-flex wp-block-gallery-is-layout-flex\">\n<figure class=\"wp-block-image size-large\"><img decoding=\"async\" width=\"1024\" height=\"739\" data-id=\"159\" src=\"https:\/\/www.camping-portdebouc.fr\/wp-content\/uploads\/2018\/12\/plan-irm-loggia-3-mobilhome-neuf-1024x739.jpg\" alt=\"\" class=\"wp-image-159\" srcset=\"https:\/\/www.camping-portdebouc.fr\/wp-content\/uploads\/2018\/12\/plan-irm-loggia-3-mobilhome-neuf-1024x739.jpg 1024w, https:\/\/www.camping-portdebouc.fr\/wp-content\/uploads\/2018\/12\/plan-irm-loggia-3-mobilhome-neuf-300x217.jpg 300w, https:\/\/www.camping-portdebouc.fr\/wp-content\/uploads\/2018\/12\/plan-irm-loggia-3-mobilhome-neuf-768x554.jpg 768w, https:\/\/www.camping-portdebouc.fr\/wp-content\/uploads\/2018\/12\/plan-irm-loggia-3-mobilhome-neuf.jpg 2000w\" sizes=\"(max-width: 1024px) 100vw, 1024px\" \/><figcaption class=\"wp-element-caption\">mobil home 6\/8 pers<\/figcaption><\/figure>\n\n\n\n<figure class=\"wp-block-image size-large\"><img decoding=\"async\" data-id=\"154\" src=\"https:\/\/www.camping-portdebouc.fr\/wp-content\/uploads\/2020\/12\/chb-loggia-2-mobilhome-neuf-684x1024-1.jpg\" alt=\"\" class=\"wp-image-154\"\/><\/figure>\n\n\n\n<figure class=\"wp-block-image size-large\"><img decoding=\"async\" width=\"1024\" height=\"767\" data-id=\"158\" src=\"https:\/\/www.camping-portdebouc.fr\/wp-content\/uploads\/2018\/12\/plan-irm-loggia-2-mobilhome-neuf-1024x767.jpg\" alt=\"\" class=\"wp-image-158\" srcset=\"https:\/\/www.camping-portdebouc.fr\/wp-content\/uploads\/2018\/12\/plan-irm-loggia-2-mobilhome-neuf-1024x767.jpg 1024w, https:\/\/www.camping-portdebouc.fr\/wp-content\/uploads\/2018\/12\/plan-irm-loggia-2-mobilhome-neuf-300x225.jpg 300w, https:\/\/www.camping-portdebouc.fr\/wp-content\/uploads\/2018\/12\/plan-irm-loggia-2-mobilhome-neuf-768x576.jpg 768w, https:\/\/www.camping-portdebouc.fr\/wp-content\/uploads\/2018\/12\/plan-irm-loggia-2-mobilhome-neuf.jpg 2000w\" sizes=\"(max-width: 1024px) 100vw, 1024px\" \/><figcaption class=\"wp-element-caption\">mobil home 4 pers<\/figcaption><\/figure>\n\n\n\n<figure class=\"wp-block-image size-large\"><img decoding=\"async\" data-id=\"153\" src=\"https:\/\/www.camping-portdebouc.fr\/wp-content\/uploads\/2020\/12\/chb-enf-irm-loggia-2-mobilhome-neuf-2-684x1024-1.jpg\" alt=\"\" class=\"wp-image-153\"\/><\/figure>\n\n\n\n<figure class=\"wp-block-image size-large\"><img loading=\"lazy\" decoding=\"async\" width=\"800\" height=\"534\" data-id=\"567\" src=\"https:\/\/www.camping-portdebouc.fr\/wp-content\/uploads\/2019\/05\/LOGGIA_3ch_COIN_REPAS_2019.jpg\" alt=\"\" class=\"wp-image-567\" srcset=\"https:\/\/www.camping-portdebouc.fr\/wp-content\/uploads\/2019\/05\/LOGGIA_3ch_COIN_REPAS_2019.jpg 800w, https:\/\/www.camping-portdebouc.fr\/wp-content\/uploads\/2019\/05\/LOGGIA_3ch_COIN_REPAS_2019-300x200.jpg 300w, https:\/\/www.camping-portdebouc.fr\/wp-content\/uploads\/2019\/05\/LOGGIA_3ch_COIN_REPAS_2019-768x513.jpg 768w, https:\/\/www.camping-portdebouc.fr\/wp-content\/uploads\/2019\/05\/LOGGIA_3ch_COIN_REPAS_2019-90x60.jpg 90w\" sizes=\"(max-width: 800px) 100vw, 800px\" \/><\/figure>\n<\/figure>\n\n\n\n<p>Merci de bien vouloir prendre connaissance de nos <a href=\"https:\/\/www.camping-portdebouc.fr\/fr\/reservations\/\" target=\"_blank\" rel=\"noreferrer noopener\">conditions de locations<\/a>, avant toute r\u00e9servation. <\/p>\n","protected":false},"excerpt":{"rendered":"<p>Nous disposons sur notre camping de six mobil homes neufs, install\u00e9s en juin 2019. Pour r\u00e9pondre \u00e0 vos besoins, nous vous proposons des mobil homes pour 4 et 6 personnes, pouvant en accueillir 8 en utilisant les banquettes-lit. Merci de bien vouloir prendre connaissance de &hellip; <\/p>\n","protected":false},"author":1,"featured_media":0,"parent":0,"menu_order":0,"comment_status":"closed","ping_status":"closed","template":"","meta":{"ngg_post_thumbnail":0,"_themeisle_gutenberg_block_has_review":false,"footnotes":"","_links_to":"","_links_to_target":""},"class_list":["post-27","page","type-page","status-publish","hentry"],"aioseo_notices":[],"_links":{"self":[{"href":"https:\/\/www.camping-portdebouc.fr\/es\/wp-json\/wp\/v2\/pages\/27","targetHints":{"allow":["GET"]}}],"collection":[{"href":"https:\/\/www.camping-portdebouc.fr\/es\/wp-json\/wp\/v2\/pages"}],"about":[{"href":"https:\/\/www.camping-portdebouc.fr\/es\/wp-json\/wp\/v2\/types\/page"}],"author":[{"embeddable":true,"href":"https:\/\/www.camping-portdebouc.fr\/es\/wp-json\/wp\/v2\/users\/1"}],"replies":[{"embeddable":true,"href":"https:\/\/www.camping-portdebouc.fr\/es\/wp-json\/wp\/v2\/comments?post=27"}],"version-history":[{"count":25,"href":"https:\/\/www.camping-portdebouc.fr\/es\/wp-json\/wp\/v2\/pages\/27\/revisions"}],"predecessor-version":[{"id":1462,"href":"https:\/\/www.camping-portdebouc.fr\/es\/wp-json\/wp\/v2\/pages\/27\/revisions\/1462"}],"wp:attachment":[{"href":"https:\/\/www.camping-portdebouc.fr\/es\/wp-json\/wp\/v2\/media?parent=27"}],"curies":[{"name":"wp","href":"https:\/\/api.w.org\/{rel}","templated":true}]}}