{"id":33,"date":"2018-11-27T19:13:07","date_gmt":"2018-11-27T19:13:07","guid":{"rendered":"http:\/\/www.camping-portdebouc.fr\/?page_id=33"},"modified":"2020-12-14T07:20:07","modified_gmt":"2020-12-14T07:20:07","slug":"partenaires","status":"publish","type":"page","link":"https:\/\/www.camping-portdebouc.fr\/es\/partenaires\/","title":{"rendered":"Partenaires"},"content":{"rendered":"<p>Un camping, c&#8217;est avant tout un lieu de vie, pour vos vacances, et si vous \u00eates arriv\u00e9s chez nous, ce n&#8217;est s\u00fbrement pas par hasard. Au del\u00e0, du bouche \u00e0 oreille, vous nous avez trouv\u00e9 gr\u00e2ce \u00e0 une publication, un site internet, un lien.Nous les remercions.\u00a0 Parmi ceux-ci il y a:<\/p>\n<p><a href=\"http:\/\/www.portdebouc-tourisme.fr\" target=\"_blank\" rel=\"noopener noreferrer\">L&#8217;office de tourisme de la ville de Port de Bouc<\/a><\/p>\n<p><a href=\"http:\/\/www.portdebouc.fr\" target=\"_blank\" rel=\"noopener noreferrer\">la Ville de Port-de-Bouc<\/a><\/p>\n<p><a href=\"http:\/\/www.sardinades.com\" target=\"_blank\" rel=\"noopener noreferrer\">le site des sardinades<\/a><\/p>\n<p><a href=\"http:\/\/www.campingdispo.fr\" target=\"_blank\" rel=\"noopener noreferrer\">l&#8217;annuaire camping Dispo<\/a><\/p>\n<p><a href=\"https:\/\/camping.hpaguide.com\/paca\/bouches-du-rhone\/port-de-bouc\/6016.camping-le-bottai\" target=\"_blank\" rel=\"noopener noreferrer\">le guide des vacances en camping<\/a><\/p>\n<p><a href=\"https:\/\/www.campingfrance.com\/recherchez-votre-camping\/provence-alpes-cote-dazur\/bouches-du-rhone\/port-de-bouc\/camp-municipal-bottai\" target=\"_blank\" rel=\"noopener noreferrer\">le site Camping France<\/a><\/p>\n<p><a href=\"https:\/\/park4night.com\/lieu\/36051\/camping-avec-camping-cars-autoris%C3%A9s\/port-de-bouc-30-avenue-fr%C3%A9d%C3%A9ric-mistral\/france\/bouches-du-rh%C3%B4ne\" target=\"_blank\" rel=\"noopener noreferrer\">Park4night.com<\/a><\/p>\n<p><a href=\"https:\/\/www.caramaps.com\/camping-bottai-camping-port-de-bouc-13110--153891\" target=\"_blank\" rel=\"noopener noreferrer\">Caramaps<\/a><\/p>\n<p><a href=\"https:\/\/www.vacaf.org\/familles_caf13\/avf\/centres_agrees\">La CAF, dispositif VACAF<\/a><\/p>\n","protected":false},"excerpt":{"rendered":"<p>Un camping, c&#8217;est avant tout un lieu de vie, pour vos vacances, et si vous \u00eates arriv\u00e9s chez nous, ce n&#8217;est s\u00fbrement pas par hasard. Au del\u00e0, du bouche \u00e0 oreille, vous nous avez trouv\u00e9 gr\u00e2ce \u00e0 une publication, un site internet, un lien.Nous les &hellip; <\/p>\n","protected":false},"author":1,"featured_media":0,"parent":0,"menu_order":0,"comment_status":"closed","ping_status":"closed","template":"","meta":{"ngg_post_thumbnail":0,"_themeisle_gutenberg_block_has_review":false,"footnotes":"","_links_to":"","_links_to_target":""},"class_list":["post-33","page","type-page","status-publish","hentry"],"aioseo_notices":[],"_links":{"self":[{"href":"https:\/\/www.camping-portdebouc.fr\/es\/wp-json\/wp\/v2\/pages\/33","targetHints":{"allow":["GET"]}}],"collection":[{"href":"https:\/\/www.camping-portdebouc.fr\/es\/wp-json\/wp\/v2\/pages"}],"about":[{"href":"https:\/\/www.camping-portdebouc.fr\/es\/wp-json\/wp\/v2\/types\/page"}],"author":[{"embeddable":true,"href":"https:\/\/www.camping-portdebouc.fr\/es\/wp-json\/wp\/v2\/users\/1"}],"replies":[{"embeddable":true,"href":"https:\/\/www.camping-portdebouc.fr\/es\/wp-json\/wp\/v2\/comments?post=33"}],"version-history":[{"count":8,"href":"https:\/\/www.camping-portdebouc.fr\/es\/wp-json\/wp\/v2\/pages\/33\/revisions"}],"predecessor-version":[{"id":874,"href":"https:\/\/www.camping-portdebouc.fr\/es\/wp-json\/wp\/v2\/pages\/33\/revisions\/874"}],"wp:attachment":[{"href":"https:\/\/www.camping-portdebouc.fr\/es\/wp-json\/wp\/v2\/media?parent=33"}],"curies":[{"name":"wp","href":"https:\/\/api.w.org\/{rel}","templated":true}]}}