{"id":434,"date":"2019-02-15T08:18:42","date_gmt":"2019-02-15T08:18:42","guid":{"rendered":"https:\/\/www.camping-portdebouc.fr\/fr\/?page_id=434"},"modified":"2020-12-14T07:20:07","modified_gmt":"2020-12-14T07:20:07","slug":"plages","status":"publish","type":"page","link":"https:\/\/www.camping-portdebouc.fr\/es\/plages\/","title":{"rendered":"Plages"},"content":{"rendered":"\n<h3 class=\"wp-block-heading\">Des plages, des plages, et un c\u00f4t\u00e9 sauvage<\/h3>\n\n\n\n<p>La ville arbore le Pavillon bleu, qui \nr\u00e9compense ses efforts en faveur d\u2019une politique environnementale \naffirm\u00e9e, et marque son attachement \u00e0 am\u00e9liorer chaque jour notre cadre \nde vie port de boucain.<\/p>\n\n\n\n<h4 class=\"wp-block-heading\">Le label<\/h4>\n\n\n\n<p>Cr\u00e9\u00e9 en 1985, le pavillon bleu est un \u00e9colabel  qui symbolise une \nqualit\u00e9 environnementale exemplaire. \u00c0 ce titre, il  favorise une prise \nde conscience g\u00e9n\u00e9rale envers un comportement plus  respectueux de la \nnature et de ses richesses. Et il ne s\u2019int\u00e9resse pas  seulement \u00e0 la \nqualit\u00e9 des plages ou des eaux de baignade (qui reste  quand m\u00eame le \ncrit\u00e8re le plus important car crit\u00e8re&nbsp;\u00e9liminatoire),&nbsp; il  prend en \ncompte un ensemble de crit\u00e8res li\u00e9s au cadre de vie d\u2019une  mani\u00e8re \ng\u00e9n\u00e9rale, \u00e0 l\u2019\u00e9ducation et \u00e0 la sensibilisation du public \u00e0  \nl\u2019environnement, \u00e0 la gestion des d\u00e9chets ou encore \u00e0 la gestion de  \nl\u2019eau.&nbsp;<\/p>\n\n\n\n<h4 class=\"wp-block-heading\">Les actions de la ville<\/h4>\n\n\n\n<p>Les travaux d\u2019am\u00e9nagement du littoral et la \ncr\u00e9ation du Sentier de d\u00e9couverte, la troisi\u00e8me fleur d\u00e9cern\u00e9e \u00e0 la \nville, la mise en valeur de la for\u00eat de Castillon et r\u00e9guli\u00e8rement, le \ntravail de sensibilisation \u00e0 l\u2019environnement&nbsp; entrepris dans la ville, \nnotamment par le biais des centres sociaux, des \u00e9tablissements \nscolaires, de diff\u00e9rentes associations ou du service environnement de la\n mairie concourent \u00e0 l\u2019obtention de ce label.<\/p>\n","protected":false},"excerpt":{"rendered":"<p>Des plages, des plages, et un c\u00f4t\u00e9 sauvage La ville arbore le Pavillon bleu, qui r\u00e9compense ses efforts en faveur d\u2019une politique environnementale affirm\u00e9e, et marque son attachement \u00e0 am\u00e9liorer chaque jour notre cadre de vie port de boucain. Le label Cr\u00e9\u00e9 en 1985, le &hellip; <\/p>\n","protected":false},"author":1,"featured_media":0,"parent":0,"menu_order":0,"comment_status":"closed","ping_status":"closed","template":"","meta":{"ngg_post_thumbnail":0,"_themeisle_gutenberg_block_has_review":false,"footnotes":"","_links_to":"","_links_to_target":""},"class_list":["post-434","page","type-page","status-publish","hentry"],"aioseo_notices":[],"_links":{"self":[{"href":"https:\/\/www.camping-portdebouc.fr\/es\/wp-json\/wp\/v2\/pages\/434","targetHints":{"allow":["GET"]}}],"collection":[{"href":"https:\/\/www.camping-portdebouc.fr\/es\/wp-json\/wp\/v2\/pages"}],"about":[{"href":"https:\/\/www.camping-portdebouc.fr\/es\/wp-json\/wp\/v2\/types\/page"}],"author":[{"embeddable":true,"href":"https:\/\/www.camping-portdebouc.fr\/es\/wp-json\/wp\/v2\/users\/1"}],"replies":[{"embeddable":true,"href":"https:\/\/www.camping-portdebouc.fr\/es\/wp-json\/wp\/v2\/comments?post=434"}],"version-history":[{"count":1,"href":"https:\/\/www.camping-portdebouc.fr\/es\/wp-json\/wp\/v2\/pages\/434\/revisions"}],"predecessor-version":[{"id":435,"href":"https:\/\/www.camping-portdebouc.fr\/es\/wp-json\/wp\/v2\/pages\/434\/revisions\/435"}],"wp:attachment":[{"href":"https:\/\/www.camping-portdebouc.fr\/es\/wp-json\/wp\/v2\/media?parent=434"}],"curies":[{"name":"wp","href":"https:\/\/api.w.org\/{rel}","templated":true}]}}