{"id":532,"date":"2019-05-09T08:09:54","date_gmt":"2019-05-09T08:09:54","guid":{"rendered":"https:\/\/www.camping-portdebouc.fr\/fr\/?page_id=532"},"modified":"2025-04-10T07:49:53","modified_gmt":"2025-04-10T07:49:53","slug":"reservations","status":"publish","type":"page","link":"https:\/\/www.camping-portdebouc.fr\/es\/reservations\/","title":{"rendered":"Condiciones generales de alquiler"},"content":{"rendered":"\n<p>Para beneficiarse de los servicios ofrecidos por el\ncamping, es imperativo leer y aceptar estos t\u00e9rminos y condiciones. Cualquier\nreserva de estancia dentro del camping implica la aceptaci\u00f3n incondicional de\nestas condiciones, siempre que se efect\u00fae la reserva<br><\/p>\n\n\n\n<p><br> <strong>1 \u2013 CAMPO DE APLICACI\u00d3N<\/strong><br> <br> Estas Condiciones Generales se aplican sin restricci\u00f3n o reserva a todos los alquileres de casas m\u00f3viles, caba\u00f1as o parcelas (&#8220;Alojamiento&#8221;) celebrados entre La R\u00e9gie &#8220;Campings Municipales PORT DE BOUC&#8221; (&#8220;El Camping &#8220;) y consumidores o no profesionales (&#8221; Clientes o Cliente &#8220;) que deseen permanecer en el camping. Las reservas est\u00e1n abiertas para Camping de BOTTAI en el sitio web: https:\/\/www.camping-portdebouc.fr\/, por correo electr\u00f3nico a <a href=\"mailto:resacamping@portdebouc.fr\">resacamping@portdebouc.fr<\/a> o por telefono al +33(0)6 47 73 28 62.<br> Estas condiciones generales especifican, en particular, las condiciones de alquiler, orden, pago y estancia ordenados por los Clientes.<\/p>\n\n\n\n<p>Las principales caracter\u00edsticas del alojamiento\nofrecido en alquiler se presentan en la p\u00e1gina web: <a href=\"https:\/\/www.camping-portdebouc.fr\/\">https:\/\/www.camping-portdebouc.fr\/<\/a>\n<\/p>\n\n\n\n<p><br> Las fotograf\u00edas y los gr\u00e1ficos presentados no son contractuales y no implican la responsabilidad del camping. El Cliente debe consultar la descripci\u00f3n de cada alojamiento para conocer las propiedades y particularidades esenciales. Ofertas de alquiler est\u00e1n dentro de los l\u00edmites de alojamiento disponibles. Estos T\u00e9rminos y Condiciones se comunican sistem\u00e1ticamente a cualquier Cliente antes de realizar un pedido y prevalecer\u00e1n, si es necesario, en cualquier otra versi\u00f3n o cualquier otro documento contradictorio. Se puede acceder a ellos en cualquier momento en el sitio web https:\/\/www.camping-portdebouc.fr\/ <\/p>\n\n\n\n<p>El Cliente declara haber tomado conocimiento de las\npresentes Condiciones Generales y haberlas aceptado antes de su reserva: o bien\nrubricarlas al env\u00eda de su contrato tras un orden por tel\u00e9fono, marcando la casilla\ncorrespondiente antes de la aplicaci\u00f3n del procedimiento de reserva en\nl\u00ednea.&nbsp;La validaci\u00f3n de la reserva por el Cliente equivale a la aceptaci\u00f3n\nsin restricciones ni reservas de las presentes Condiciones Generales.<br>\nSe precisa de acuerdo expreso que el Cliente no goza de ning\u00fan derecho de\ndesistimiento en aplicaci\u00f3n del art\u00edculo L. 222-10 del C\u00f3digo de Consumo.<br>\n<br>\n<\/p>\n\n\n\n<p><strong>2\n\u2013 \u00d3RDENES \/ RESERVAS<\/strong><br>\nEn Internet, es responsabilidad del Cliente seleccionar el Alojamiento que\ndesea, el per\u00edodo de alquiler deseado y las condiciones del alquiler. Es\nresponsabilidad del Cliente verificar la exactitud de su pedido, su precio y\ncorregir cualquier error antes de confirmar su aceptaci\u00f3n. Cualquiera orden\nrealizada en el sitio web mencionado constituye la formaci\u00f3n de un contrato\ncelebrado a distancia entre el camping y el cliente.<br>\n<br>\nLa reserva\nde una residencia m\u00f3vil, una caba\u00f1a o un sitio desnudo es definitiva solo\ndespu\u00e9s de: <\/p>\n\n\n\n<p>&#8211; Acuerdo del Camping: al recibir su reserva\nacompa\u00f1ada de un dep\u00f3sito del 25%, el servicio de reserva enviar\u00e1 una\nconfirmaci\u00f3n de la estancia por correo o correo electr\u00f3nico. En caso de no\naprobaci\u00f3n, se devolver\u00e1 el dep\u00f3sito.<\/p>\n\n\n\n<p>&nbsp;&#8211; El recibo del\ndep\u00f3sito del 25% del precio total y los gastos de archivo. <\/p>\n\n\n\n<p>&#8211; La recepci\u00f3n del contrato de reserva debidamente\ncompletado y firmado o un correo electr\u00f3nico de confirmaci\u00f3n al realizar la\nreserva en l\u00ednea.<\/p>\n\n\n\n<p>&nbsp;La reserva\ncompromete el camping solo cuando se ha aceptado, en particular de acuerdo con\nla disponibilidad y, en general, de todas las circunstancias que puedan afectar\nla ejecuci\u00f3n de la reserva realizada. El camping se reserva el derecho de\nrechazar cualquier reserva que sea contraria a las reglas del camping o que pretenda\ndesviarla de su prop\u00f3sito original. La reserva aceptada por el camping es\npersonal y no puede ser transferida a un tercero sin el acuerdo previo del\ncamping.<\/p>\n\n\n\n<p><strong>3\n\u2013 TARIFAS<\/strong><\/p>\n\n\n\n<p>Los alojamientos se alquilan a las tarifas vigentes.\nEst\u00e1n expresados \u200b\u200ben euros, IVA incluido.<\/p>\n\n\n\n<p>Camping: El paquete b\u00e1sico incluye la ubicaci\u00f3n de la\ncarpa, caravana o autocaravana, para 1 o 2 personas, acceso a instalaciones\nsanitarias y infrastructuras de recepci\u00f3n.<\/p>\n\n\n\n<p>Alquiler de un alojamiento: el alojamiento de alquiler\nest\u00e1 equipado (seg\u00fan la descripci\u00f3n del alojamiento elegido) y el suministro de\ngas y electricidad est\u00e1 incluido. El paquete b\u00e1sico es v\u00e1lido para 1 a 8\npersonas dependiendo del tipo de alojamiento. El camping se reserva el derecho\nde rechazar el acceso a grupos con un n\u00famero de participantes mayor que la\ncapacidad del alojamiento alquilado.<\/p>\n\n\n\n<p>Cualquier persona que ocupe la vivienda o que resida en\nel mismo sitio, adem\u00e1s de la capacidad de recepci\u00f3n, estar\u00e1 sujeta a un\nsuplemento.<\/p>\n\n\n\n<p>Adem\u00e1s, se cobrar\u00e1n tarifas adicionales por veh\u00edculos\nadicionales, animales, visitantes y su veh\u00edculo&#8230; En caso de una tergiversaci\u00f3n\ndel asegurado, este contrato se terminar\u00e1 autom\u00e1ticamente y las cantidades\npagadas seguir\u00e1n siendo adquiridas por el arrendador.<\/p>\n\n\n\n<p><strong>4\n\u2013 <\/strong><strong>T\u00c9RMINOS\nY CONDICIONES DE PAGO<\/strong><strong><\/strong><\/p>\n\n\n\n<p>Todos los pagos deben hacerse en el orden de &#8220;TRESOR\nPUBLIC&#8221;.<\/p>\n\n\n\n<p>El pago en efectivo solo es posible por cantidades\ninferiores a 300 \u20ac. Para cualquier pago con cheque de m\u00e1s de 1500\u20ac, se\nrequerir\u00e1 un cheque bancario.<\/p>\n\n\n\n<p>Las reservas realizadas al menos 30 d\u00edas antes del inicio\nde la estad\u00eda deben ir acompa\u00f1adas del pago de un dep\u00f3sito del 25% del precio\npara ser tenido en cuenta.<\/p>\n\n\n\n<p>Parcelas: El saldo de la estancia debe ser pagado por el\nCliente a su llegada, en efectivo, tarjeta de cr\u00e9dito, cheque,&#8230; &#8230;<\/p>\n\n\n\n<p>Alojamiento de alquiler: El saldo de la estancia debe ser\npagado 30 d\u00edas antes de la fecha de llegada. En caso de falta de pago del saldo\nen la fecha acordada, el camping se reserva el derecho de cancelar la reserva.<\/p>\n\n\n\n<p>Al final de un per\u00edodo de 8 d\u00edas despu\u00e9s de la solicitud\nde pago del saldo por el camping, la reserva se considerar\u00e1 cancelada y el\ndep\u00f3sito pagado por el cliente ser\u00e1 retenido por el camping como compensaci\u00f3n.<\/p>\n\n\n\n<p><strong>5\n\u2013 <\/strong><strong>IMPUESTO\nTUR\u00cdSTICO<\/strong><strong><\/strong><\/p>\n\n\n\n<p>Este impuesto municipal es obligatorio y se recauda\ncon el saldo del precio, a la tarifa vigente durante el per\u00edodo de percepci\u00f3n\n(v\u00e9ase el cuadro arancelario).<br>\n<br>\nLos precios TTC ofrecidos por el camping no incluyen el impuesto\ntur\u00edstico cuya precio se determina cada a\u00f1o por la ciudad de PORT de BOUC.<strong><\/strong><\/p>\n\n\n\n<p><strong>6\n\u2013 DEP\u00d3SITO \u2013 IMAGEN DE LA SITUACI\u00d3N<\/strong><\/p>\n\n\n\n<p>Para alquileres de residencia m\u00f3vil o casa de campo, se\nrequerir\u00e1 un dep\u00f3sito de 200 \u20ac a la llegada,A su llegada, el camping le entrega\nal cliente una hoja de inventario para que la llene y la entregue a la\nrecepci\u00f3n para rentar casas m\u00f3viles y caba\u00f1as.<\/p>\n\n\n\n<p>Inicialmente, despu\u00e9s de vaciar el alquiler y la\nlimpieza, se realizar\u00e1 un inventario con el personal del camping. Los dep\u00f3sitos\nse devolver\u00e1n al Cliente si no se han producido da\u00f1os o p\u00e9rdidas y si la\nresidencia m\u00f3vil o la caba\u00f1a se devuelven con una limpieza perfecta.<\/p>\n\n\n\n<p><strong>7\n\u2013 GASTOS DE RESERVA<\/strong><\/p>\n\n\n\n<p>Se aplican tarifas de reserva de 7\u20ac para cualquier\nreserva de ubicaci\u00f3n y de 14\u20ac para el alquiler de caba\u00f1as, casas m\u00f3viles.<\/p>\n\n\n\n<p><strong>8\n\u2013 LLEGADA \/ SALIDA<\/strong><\/p>\n\n\n\n<p>8-1. Llegada<\/p>\n\n\n\n<p>El d\u00eda del inicio de la estancia, la ubicaci\u00f3n est\u00e1\ndisponible a partir de las 15 h. Y la residencia m\u00f3vil y \/ o la caba\u00f1a a partir\nde las 16 h. <\/p>\n\n\n\n<p>El Cliente debe ir a la recepci\u00f3n, donde se le dar\u00e1 la\ninformaci\u00f3n necesaria para instalarse en su sitio o para tomar posesi\u00f3n de la\nresidencia.<br>\n<br>\n<\/p>\n\n\n\n<p>8-2. Salida<\/p>\n\n\n\n<p><br>\n<br>\nEl d\u00eda de salida indicado en el contrato, los lugares deben ser liberados entre\nlas 10h y las 12h. Para cualquier salida m\u00e1s all\u00e1, se facturar\u00e1 un d\u00eda\nadicional al Cliente. Un inventario de los lugares de salida ser\u00e1 realizado por\nel personal del Camping. El dep\u00f3sito se destruir\u00e1 o se devolver\u00e1 al Cliente,\nluego de la deducci\u00f3n de los descuentos posiblemente retenidos en la\njustificaci\u00f3n de las facturas, por cualquier da\u00f1o se\u00f1alado en el alojamiento o\nen el sitio Si la residencia m\u00f3vil, la caba\u00f1a o el lugar no se han limpiado, el\ndep\u00f3sito de limpieza puede ser retenido por el camping.<\/p>\n\n\n\n<p><strong>9 \u2013 ANIMALES<\/strong><\/p>\n\n\n\n<p>Se admiten animales ( perros y gatos )\nsolo en parcelas de camping, siempre que: se\nmantenga con una correa dentro del camping, incluso en el sitio alquilado, que\nse camine fuera del camping para sus necesidades, que se recojan sus desechos y\nque su comportamiento no perjudique a la tranquilidad.<\/p>\n\n\n\n<p>Los animales est\u00e1n sujetos a un suplemento (ver\nprecios vigentes) por d\u00eda y por animal.<\/p>\n\n\n\n<p>No se admiten perros de 1\u00aa y 2\u00aa categor\u00eda. Los animales\ndeben mantenerse con una correa en los terrenos. El certificado de vacunaci\u00f3n\ndebe presentarse al llegar al camping. La vacuna contra la rabia es\nobligatoria.<\/p>\n\n\n\n<p><strong>10\n\u2013 <\/strong><strong>CANCELACI\u00d3N\n\/ MODIFICACI\u00d3N DE LA RESERVA<\/strong><strong><\/strong><\/p>\n\n\n\n<p><em>10-1. <\/em><em>Modificaci\u00f3n de la reserva<\/em>Una reserva puede ser modificada por el Cliente, sujeto al\nacuerdo previo del camping y la disponibilidad del alojamiento para el per\u00edodo\nsolicitado.<br>\n<br>\n<\/p>\n\n\n\n<p><em>10-2. <\/em><em>Anulaci\u00f3n por el camping<\/em><br>\nFuera del caso de fuerza mayor, la cancelaci\u00f3n de la reserva por el camping\ndar\u00e1 lugar al reembolso \u00edntegro del Cliente (alquiler, gastos de expediente e\nimpuestos de estancia).<\/p>\n\n\n\n<p><em>10-3.\n<\/em><em>Anulaci\u00f3n \u2013 Retraso \u2013 Interrupci\u00f3n por el Cliente<\/em><br>\nEn caso de cancelaci\u00f3n de la reserva por el Cliente despu\u00e9s de la aceptaci\u00f3n\ndel camping, a m\u00e1s tardar 30 d\u00edas antes de la fecha de llegada, el dep\u00f3sito,\nlos gastos de los registros ser\u00e1n conservados por el camping.<\/p>\n\n\n\n<p>Las solicitudes de cancelaci\u00f3n deber\u00e1n\npresentarse obligatoriamente por escrito con acuse de recibo a la direcci\u00f3n del\ncamping<br>\nSi la cancelaci\u00f3n se produce menos de 30 d\u00edas antes de la fecha de llegada o en\ncaso de no presentarse en el camping, el camping conservar\u00e1 la totalidad del\nimporte de la estancia.<br>\nLe aconsejamos suscribir un seguro de cancelaci\u00f3n que le permitir\u00e1 ser\nreembolsado en caso de evento que le impida realizar su estancia, algunas\ntarjetas bancarias ofrecen este servicio.&nbsp;El camping no ofrece este tipo de prestaciones<\/p>\n\n\n\n<p><em>10-4. <\/em><em>Llegada\nretrasada \u2013 Salida anticipada \u2013 No presentaci\u00f3n del cliente<\/em><br>\nEn caso de retraso en la llegada, la reserva se mantendr\u00e1 durante 24 horas.\nTranscurrido ese plazo y a falta de correspondencia del cliente, se cancelar\u00e1\nla reserva. No se conceder\u00e1n reembolsos ni compensaciones en caso de llegada\nretrasada o salida anticipada.<\/p>\n\n\n\n<p><strong>11\n\u2013 SEGURO<\/strong><\/p>\n\n\n\n<p>Los campistas disfrutar\u00e1n durante su estancia de la\ngarant\u00eda de responsabilidad civil del explotador por los da\u00f1os corporales o\nmateriales de los que haya sido declarado responsable.&nbsp;Esta responsabilidad\ncivil no incluye los robos o da\u00f1os de tiendas de campa\u00f1a, caravanas y su\ncontenido.&nbsp;A su llegada al camping, corresponde al campista\/caravanero\npresentar un seguro v\u00e1lido para su caravana, su tienda y\/o su material,\ngarantiz\u00e1ndoles en particular en materia de responsabilidad civil.<br>\nTambi\u00e9n se recuerda que los aparcamientos no est\u00e1n vigilados y que, por lo\ntanto, el estacionamiento se hace a riesgo del usuario.<strong><\/strong><\/p>\n\n\n\n<p><strong>12\n\u2013 RESPONSABILIDAD \/ GARANT\u00cdA<\/strong><\/p>\n\n\n\n<p>Las presentes condiciones generales est\u00e1n sujetas a\nlos art\u00edculos 1709 y siguientes del C\u00f3digo Civil. En consecuencia, el camping\nse obliga a conceder al Cliente el alojamiento alquilado en las condiciones\nprevistas en el contrato. Le garantiza el disfrute pac\u00edfico del alojamiento\ndurante la duraci\u00f3n del alquiler.<\/p>\n\n\n\n<p><br>\n<strong>13\u2013 REGLAMENTO\nINTERNO DEL CAMPING Y OTROS DOCUMENTOS CONTRACTUALES<\/strong><\/p>\n\n\n\n<p>Al confirmar la reserva, el Cliente reconoce haber\nle\u00eddo las reglas del camping y todos los documentos contractuales a los que\nest\u00e1 sujeto en el contexto de su alquiler. Acepta los t\u00e9rminos de este\nreglamento y reconoce su naturaleza contractual. Acepta, para \u00e9l y sus\nsucesores, respetar los t\u00e9rminos del acuerdo. En el caso de una infracci\u00f3n\ngrave o repetida aL dicho reglamento, el lugar de campamento puede rescindir el\nalquiler sin compensaci\u00f3n, como se indica en los reglamentos internos. En el\ncaso de una ofensa criminal, el sitio de campamento puede llamar a la polic\u00eda y\n\/ o interrumpir la estad\u00eda del Cliente sin compensaci\u00f3n. En particular, las\npersonas que contravengan las estipulaciones contractuales relativas al ruido\nnocturno, la declaraci\u00f3n de informaci\u00f3nes falsas durante el registro o, en\ngeneral, cualquier persona que se comporte de forma irrespetuosa en el camping.\nEl camping recuerda que los menores son bajo la responsabilidad de los adultos\nque les acompa\u00f1an y rechazan todas las responsabilidades en caso de robo.<\/p>\n\n\n\n<p><strong>14\n\u2013 RESOLUCI\u00d3N DEL CONTRATO<\/strong><\/p>\n\n\n\n<p>En caso de incumplimiento por cualquiera de las partes\nde las obligaciones mencionadas en el presente art\u00edculo o de las contenidas en\nel reglamento interno, el arrendamiento podr\u00e1 resolverse a voluntad de la parte\nperjudicada, a cargo de que presente la prueba del incumplimiento.<\/p>\n\n\n\n<p><strong>15\u2013\nINFORM\u00c1TICAS Y LIBERTADES<\/strong><\/p>\n\n\n\n<p>El camping no podr\u00e1 transmitir a un tercero la\ninformaci\u00f3n comunicada por el Cliente con motivo de su pedido.&nbsp;Son\nconfidenciales y ser\u00e1n utilizadas \u00fanicamente por los servicios internos del\ncamping para la tramitaci\u00f3n del pedido del Cliente y la personalizaci\u00f3n de la\ncomunicaci\u00f3n y de la oferta de servicios reservada a los clientes del\ncamping.&nbsp;De conformidad con la Ley Inform\u00e1tica y Libertades de 6 de enero\nde 1978, el Cliente tiene derecho de acceso, rectificaci\u00f3n y oposici\u00f3n a sus\ndatos personales.&nbsp;Para ello, basta con que lo solicite por escrito en el\ncamping indicando su nombre, apellido y direcci\u00f3n. <\/p>\n\n\n\n<p><strong>16\u2013\nINFORMACI\u00d3N PRECONTRACTUAL \u2013 ACEPTACI\u00d3N DEL CLIENTE<\/strong><\/p>\n\n\n\n<p>Al confirmar su reserva, el Cliente reconoce haber\nrecibido la informaci\u00f3n necesaria, de conformidad con los art\u00edculos L. 111-1 y\nsiguientes del C\u00f3digo de Consumo, y renuncia, en particular, a todo documento\ncontradictorio, que ser\u00eda inoportuno en el camping.<\/p>\n\n\n\n<p><strong>17\n\u2013 LITIGIOS<\/strong><\/p>\n\n\n\n<p>Se precisa que las presentes condiciones\ngenerales y las operaciones que de ellas se derivan se rigen por el derecho\nfranc\u00e9s.<br>\nEn caso de dificultades para la interpretaci\u00f3n, la validez y la ejecuci\u00f3n de\nlas presentes condiciones generales y de cualquier operaci\u00f3n conexa, y s\u00f3lo\ndespu\u00e9s de haber captado el servicio al cliente del camping, el Cliente tendr\u00e1\nla facultad de recurrir a un mediador del consumidor en un plazo m\u00e1ximo de un\na\u00f1o a partir de la fecha de la reclamaci\u00f3n escrita que el Cliente haya dirigido\nal camping, por carta certificada con aviso de recepci\u00f3n<br><br><\/p>\n","protected":false},"excerpt":{"rendered":"<p>Para beneficiarse de los servicios ofrecidos por el camping, es imperativo leer y aceptar estos t\u00e9rminos y condiciones. Cualquier reserva de estancia dentro del camping implica la aceptaci\u00f3n incondicional de estas condiciones, siempre que se efect\u00fae la reserva 1 \u2013 CAMPO DE APLICACI\u00d3N Estas Condiciones &hellip; <\/p>\n","protected":false},"author":1,"featured_media":0,"parent":0,"menu_order":0,"comment_status":"closed","ping_status":"closed","template":"","meta":{"ngg_post_thumbnail":0,"_themeisle_gutenberg_block_has_review":false,"footnotes":"","_links_to":"","_links_to_target":""},"class_list":["post-532","page","type-page","status-publish","hentry"],"aioseo_notices":[],"_links":{"self":[{"href":"https:\/\/www.camping-portdebouc.fr\/es\/wp-json\/wp\/v2\/pages\/532","targetHints":{"allow":["GET"]}}],"collection":[{"href":"https:\/\/www.camping-portdebouc.fr\/es\/wp-json\/wp\/v2\/pages"}],"about":[{"href":"https:\/\/www.camping-portdebouc.fr\/es\/wp-json\/wp\/v2\/types\/page"}],"author":[{"embeddable":true,"href":"https:\/\/www.camping-portdebouc.fr\/es\/wp-json\/wp\/v2\/users\/1"}],"replies":[{"embeddable":true,"href":"https:\/\/www.camping-portdebouc.fr\/es\/wp-json\/wp\/v2\/comments?post=532"}],"version-history":[{"count":10,"href":"https:\/\/www.camping-portdebouc.fr\/es\/wp-json\/wp\/v2\/pages\/532\/revisions"}],"predecessor-version":[{"id":1345,"href":"https:\/\/www.camping-portdebouc.fr\/es\/wp-json\/wp\/v2\/pages\/532\/revisions\/1345"}],"wp:attachment":[{"href":"https:\/\/www.camping-portdebouc.fr\/es\/wp-json\/wp\/v2\/media?parent=532"}],"curies":[{"name":"wp","href":"https:\/\/api.w.org\/{rel}","templated":true}]}}