{"id":829,"date":"2020-01-21T10:16:16","date_gmt":"2020-01-21T10:16:16","guid":{"rendered":"https:\/\/www.camping-portdebouc.fr\/fr\/?page_id=829"},"modified":"2025-06-10T14:10:55","modified_gmt":"2025-06-10T14:10:55","slug":"aide-aux-vacances","status":"publish","type":"page","link":"https:\/\/www.camping-portdebouc.fr\/es\/tarifs\/aide-aux-vacances\/","title":{"rendered":"Aide aux vacances"},"content":{"rendered":"\n<h5 class=\"wp-block-heading\">B\u00e9n\u00e9ficiez des aides aux vacances de la CAF<\/h5>\n\n\n\n<p>Le camping BOTTA\u00cf *** accepte les bons vacances CAF <\/p>\n\n\n\n<p>&nbsp;<strong>Nous sommes agr\u00e9\u00e9s par les Caisses d\u2019Allocations Familiales pour accepter les bons vacances CAF<\/strong>.<\/p>\n\n\n\n<h5 class=\"wp-block-heading\">Comment r\u00e9servez votre s\u00e9jour en b\u00e9n\u00e9ficiant des bons vacances CAF ?<\/h5>\n\n\n\n<figure class=\"wp-block-image size-large is-resized\"><img fetchpriority=\"high\" decoding=\"async\" width=\"360\" height=\"249\" src=\"https:\/\/www.camping-portdebouc.fr\/wp-content\/uploads\/2019\/08\/logo-vacaf_360.jpg\" alt=\"\" class=\"wp-image-771\" style=\"width:268px;height:185px\" srcset=\"https:\/\/www.camping-portdebouc.fr\/wp-content\/uploads\/2019\/08\/logo-vacaf_360.jpg 360w, https:\/\/www.camping-portdebouc.fr\/wp-content\/uploads\/2019\/08\/logo-vacaf_360-300x208.jpg 300w, https:\/\/www.camping-portdebouc.fr\/wp-content\/uploads\/2019\/08\/logo-vacaf_360-87x60.jpg 87w\" sizes=\"(max-width: 360px) 100vw, 360px\" \/><\/figure>\n\n\n\n<p><strong>Vos bons de vacances CAF  viennent en d\u00e9duction du montant de votre facture lorsque vous en r\u00e9glez  le solde 30 jours au plus tard avant votre d\u00e9part.<\/strong><\/p>\n\n\n\n<p><strong>Pour la prise en compte de votre aide,  contactez nous au pr\u00e9alable par t\u00e9l\u00e9phone  ou par mail<\/strong>. Nous vous ferons un d\u00e9compte de l&#8217;aide \u00e0 laquelle vous pourrez pr\u00e9tendre. Ensuite, nous vous indiquons la proc\u00e9dure \u00e0 suivre pour r\u00e9aliser le paiement du solde.  <strong>Nous ne pourrons prendre en compte votre demande, si vous avez d\u00e9j\u00e0 r\u00e9serv\u00e9 en ligne. <\/strong><\/p>\n\n\n\n<h5 class=\"wp-block-heading\">Qu&#8217;est-ce que la VACAF ?<\/h5>\n\n\n\n<p>La VACAF, service mutualis\u00e9 des Caisses  d\u2019Allocations Familiales,  a pour mission de faciliter  l\u2019acc\u00e8s aux vacances et aux loisirs au plus grand nombre de familles et  d\u2019enfants.<\/p>\n\n\n\n<p>Le dispositif \u00ab&nbsp;Vacaf &#8211; Aide aux \nVacances Familiales&nbsp;\u00bb s&#8217;adresse aux familles allocataires des Caf \nadh\u00e9rentes au programme VACAF. Si vous en \u00eates b\u00e9n\u00e9ficiaires, vous \nrecevrez un courrier via votre Caisse d\u2019Allocations Familiales.<\/p>\n\n\n\n<p>=>&nbsp;Pour plus de renseignement adressez-vous aupr\u00e8s de votre CAF ou sur&nbsp;<a href=\"http:\/\/www.vacaf.org\/\" target=\"_blank\" rel=\"noreferrer noopener\">www.vacaf.org<\/a><\/p>\n","protected":false},"excerpt":{"rendered":"<p>B\u00e9n\u00e9ficiez des aides aux vacances de la CAF Le camping BOTTA\u00cf *** accepte les bons vacances CAF &nbsp;Nous sommes agr\u00e9\u00e9s par les Caisses d\u2019Allocations Familiales pour accepter les bons vacances CAF. Comment r\u00e9servez votre s\u00e9jour en b\u00e9n\u00e9ficiant des bons vacances CAF ? Vos bons de &hellip; <\/p>\n","protected":false},"author":1,"featured_media":0,"parent":730,"menu_order":0,"comment_status":"closed","ping_status":"closed","template":"","meta":{"ngg_post_thumbnail":0,"_themeisle_gutenberg_block_has_review":false,"footnotes":"","_links_to":"","_links_to_target":""},"class_list":["post-829","page","type-page","status-publish","hentry"],"aioseo_notices":[],"_links":{"self":[{"href":"https:\/\/www.camping-portdebouc.fr\/es\/wp-json\/wp\/v2\/pages\/829","targetHints":{"allow":["GET"]}}],"collection":[{"href":"https:\/\/www.camping-portdebouc.fr\/es\/wp-json\/wp\/v2\/pages"}],"about":[{"href":"https:\/\/www.camping-portdebouc.fr\/es\/wp-json\/wp\/v2\/types\/page"}],"author":[{"embeddable":true,"href":"https:\/\/www.camping-portdebouc.fr\/es\/wp-json\/wp\/v2\/users\/1"}],"replies":[{"embeddable":true,"href":"https:\/\/www.camping-portdebouc.fr\/es\/wp-json\/wp\/v2\/comments?post=829"}],"version-history":[{"count":9,"href":"https:\/\/www.camping-portdebouc.fr\/es\/wp-json\/wp\/v2\/pages\/829\/revisions"}],"predecessor-version":[{"id":1463,"href":"https:\/\/www.camping-portdebouc.fr\/es\/wp-json\/wp\/v2\/pages\/829\/revisions\/1463"}],"up":[{"embeddable":true,"href":"https:\/\/www.camping-portdebouc.fr\/es\/wp-json\/wp\/v2\/pages\/730"}],"wp:attachment":[{"href":"https:\/\/www.camping-portdebouc.fr\/es\/wp-json\/wp\/v2\/media?parent=829"}],"curies":[{"name":"wp","href":"https:\/\/api.w.org\/{rel}","templated":true}]}}