{"id":113,"date":"2018-12-08T09:22:43","date_gmt":"2018-12-08T09:22:43","guid":{"rendered":"http:\/\/www.camping-portdebouc.fr\/?page_id=113"},"modified":"2020-12-14T07:20:07","modified_gmt":"2020-12-14T07:20:07","slug":"decouvrir","status":"publish","type":"page","link":"https:\/\/www.camping-portdebouc.fr\/fr\/decouvrir\/","title":{"rendered":"D\u00e9couvrir"},"content":{"rendered":"\n<h2 class=\"wp-block-heading\">9,5 km de littoral <\/h2>\n\n\n\n<p>\n\n\n\n\n\n\nPas moins de six plages et toutes ayant leurs caract\u00e9ristiques \npropres : sable, galets ou gravillons, petite, grande, tranquille, \nvivante, il y a l\u2019embarras du choix. D\u2019ailleurs les Port de boucains ont\n leur pr\u00e9f\u00e9r\u00e9e, celle qu\u2019ils ne d\u00e9laisseraient pour rien au monde. Et \nchacune de ces plages fait l\u2019objet d\u2019une attention toute particuli\u00e8re, \nsurtout en d\u00e9but de saison estivale, pour que chacun puisse en profiter \ndans les meilleures conditions.\n\n\n\n<\/p>\n\n\n\n<figure class=\"wp-block-image\"><img fetchpriority=\"high\" decoding=\"async\" width=\"1024\" height=\"576\" src=\"https:\/\/www.camping-portdebouc.fr\/wp-content\/uploads\/2018\/11\/20181030_095012-1024x576.jpg\" alt=\"\" class=\"wp-image-14\"\/><figcaption>La plage de Botta\u00ef, o\u00f9 se trouve votre camping<\/figcaption><\/figure>\n\n\n\n<h4 class=\"wp-block-heading\">La pr\u00e9paration des plages<\/h4>\n\n\n\n<p>Mais avant l\u2019ouverture des plages, la \nmunicipalit\u00e9 met en oeuvre de gros travaux pr\u00e9paratoires : r\u00e9galage des \ngalets pour les remettre \u00e0 niveau apr\u00e8s une ann\u00e9e d\u2019intemp\u00e9ries de \ntoutes sortes, enrochements pour maintenir les talus, d\u00e9broussaillement \ndu chemin du littoral, enl\u00e8vement des d\u00e9chets charri\u00e9s par la mer\u2026<br>\nPuis, tout au long de l\u2019ann\u00e9e, des actions de nettoyage sont effectu\u00e9es \navec la participation des centres sociaux, des associations et du \nservice environnement de la ville. Les jeunes des quartiers s\u2019impliquent\n dans la pr\u00e9servation de leur plage, se sentent concern\u00e9s et sont \nenthousiasm\u00e9s, du plus petit \u00e0 l\u2019adolescent, par la remise au propre de \nleur futur lieu de loisirs estival. On peut d\u2019ailleurs voir sur \ncertaines plages les panneaux \u00ab&nbsp;Plage entretenue par les jeunes&nbsp;\u00bb qui \nmontrent leur engagement dans ces actions environnementales. Pendant la \nsaison estivale le nettoyage des plages est quotidien et il est effectu\u00e9\n en alternance par le service environnement de la mairie et par une \nentreprise d\u2019insertion pour les handicap\u00e9s.<\/p>\n\n\n\n<p>Enfin, les travaux pr\u00e9paratoires peuvent se conclure par le balisage des eaux de baignade avec la mise en place des bou\u00e9es.<\/p>\n\n\n\n<p>Du 1er juillet au 31 ao\u00fbt la mairie emploie des\n saisonniers pour surveiller les plages tous les apr\u00e8s-midi. Attention, \nce ne sont pas des sauveteurs en mer, ils sont post\u00e9s sur la plage et \navertissent les secours en cas de probl\u00e8mes.<\/p>\n\n\n\n<h4 class=\"wp-block-heading\">Sable, galets, gravillons\u2026<\/h4>\n\n\n\n<ul class=\"wp-block-list\"><li>Plage des Aigues Douces : plage au pied du quartier des Aigues Douces, plage de sable<\/li><li>Plage des Combattants : plage de gravillons et de galets<\/li><li>Plage des Ours : plage de galet<\/li><li>Plage de Botta\u00ef : plage de sable<\/li><li>Plage de Fromage : plage de sable<\/li><li>Plage des Fourmis : plage de sable<\/li><\/ul>\n\n\n\n<p>Ces six plages sont autoris\u00e9es \u00e0 la baignade, du 1er juin au 30 septembre mais ne sont pas surveill\u00e9es.<\/p>\n\n\n\n<h3 class=\"wp-block-heading\">Comment profiterez-vous de l\u2019\u00e9t\u00e9 ?<\/h3>\n\n\n\n<p>Il y en a pour tous les go\u00fbts sur les plages de\n Port de Bouc. Il y a ceux qui pr\u00e9f\u00e8rent se griller au soleil en \nfamille, seul ou accompagn\u00e9 d\u2019amis, et faire la causette sur le drap de \nbain. Et puis il y a ceux qui d\u00e9bordent d\u2019\u00e9nergie et sont incapables de \nrester en place plus de trois minutes. Pour eux, la solution, ce sont \nles activit\u00e9s sportives propos\u00e9es par la municipalit\u00e9 ou par les \nassociations de la ville.<\/p>\n\n\n\n<p><strong>La ville arbore le Pavillon bleu<\/strong>, qui  r\u00e9compense ses efforts en faveur d&#8217;une politique environnementale  affirm\u00e9e, et marque son attachement \u00e0 am\u00e9liorer chaque jour notre cadre  de vie port de boucain.<\/p>\n\n\n\n<h4 class=\"wp-block-heading\">Le label<\/h4>\n\n\n\n<p>Cr\u00e9\u00e9 en 1985, le pavillon bleu est un \u00e9co-label\n qui symbolise une qualit\u00e9 environnementale exemplaire. \u00c0 ce titre, il \nfavorise une prise de conscience g\u00e9n\u00e9rale envers un comportement plus \nrespectueux de la nature et de ses richesses. Et il ne s&#8217;int\u00e9resse pas \nseulement \u00e0 la qualit\u00e9 des plages ou des eaux de baignade (qui reste \nquand m\u00eame le crit\u00e8re le plus important car crit\u00e8re&nbsp;\u00e9liminatoire),&nbsp; il \nprend en compte un ensemble de crit\u00e8res li\u00e9s au cadre de vie d&#8217;une \nmani\u00e8re g\u00e9n\u00e9rale, \u00e0 l&#8217;\u00e9ducation et \u00e0 la sensibilisation du public \u00e0 \nl&#8217;environnement, \u00e0 la gestion des d\u00e9chets ou encore \u00e0 la gestion de \nl&#8217;eau.&nbsp;<\/p>\n\n\n\n<h4 class=\"wp-block-heading\">Les actions de la ville<\/h4>\n\n\n\n<p>Les travaux d&#8217;am\u00e9nagement du littoral et la \ncr\u00e9ation du Sentier de d\u00e9couverte, la troisi\u00e8me fleur d\u00e9cern\u00e9e \u00e0 la \nville, la mise en valeur de la for\u00eat de Castillon et r\u00e9guli\u00e8rement, le \ntravail de sensibilisation \u00e0 l&#8217;environnement&nbsp; entrepris dans la ville, \nnotamment par le biais des centres sociaux, des \u00e9tablissements \nscolaires, de diff\u00e9rentes associations ou du service environnement de la\n mairie concourent \u00e0 l&#8217;obtention de ce label.<\/p>\n","protected":false},"excerpt":{"rendered":"<p>9,5 km de littoral Pas moins de six plages et toutes ayant leurs caract\u00e9ristiques propres : sable, galets ou gravillons, petite, grande, tranquille, vivante, il y a l\u2019embarras du choix. D\u2019ailleurs les Port de boucains ont leur pr\u00e9f\u00e9r\u00e9e, celle qu\u2019ils ne d\u00e9laisseraient pour rien au &hellip; <\/p>\n","protected":false},"author":1,"featured_media":0,"parent":0,"menu_order":0,"comment_status":"closed","ping_status":"closed","template":"","meta":{"ngg_post_thumbnail":0,"_themeisle_gutenberg_block_has_review":false,"footnotes":"","_links_to":"","_links_to_target":""},"class_list":["post-113","page","type-page","status-publish","hentry"],"aioseo_notices":[],"_links":{"self":[{"href":"https:\/\/www.camping-portdebouc.fr\/fr\/wp-json\/wp\/v2\/pages\/113","targetHints":{"allow":["GET"]}}],"collection":[{"href":"https:\/\/www.camping-portdebouc.fr\/fr\/wp-json\/wp\/v2\/pages"}],"about":[{"href":"https:\/\/www.camping-portdebouc.fr\/fr\/wp-json\/wp\/v2\/types\/page"}],"author":[{"embeddable":true,"href":"https:\/\/www.camping-portdebouc.fr\/fr\/wp-json\/wp\/v2\/users\/1"}],"replies":[{"embeddable":true,"href":"https:\/\/www.camping-portdebouc.fr\/fr\/wp-json\/wp\/v2\/comments?post=113"}],"version-history":[{"count":16,"href":"https:\/\/www.camping-portdebouc.fr\/fr\/wp-json\/wp\/v2\/pages\/113\/revisions"}],"predecessor-version":[{"id":751,"href":"https:\/\/www.camping-portdebouc.fr\/fr\/wp-json\/wp\/v2\/pages\/113\/revisions\/751"}],"wp:attachment":[{"href":"https:\/\/www.camping-portdebouc.fr\/fr\/wp-json\/wp\/v2\/media?parent=113"}],"curies":[{"name":"wp","href":"https:\/\/api.w.org\/{rel}","templated":true}]}}