{"id":115,"date":"2018-12-08T09:22:43","date_gmt":"2018-12-08T09:22:43","guid":{"rendered":"http:\/\/www.camping-portdebouc.fr\/?page_id=115"},"modified":"2025-04-10T12:08:50","modified_gmt":"2025-04-10T12:08:50","slug":"region","status":"publish","type":"page","link":"https:\/\/www.camping-portdebouc.fr\/fr\/region\/","title":{"rendered":"Dans la r\u00e9gion"},"content":{"rendered":"\n<p>Les campings de Botta\u00ef et de la M\u00e9rindole sont situ\u00e9s \u00e0 Port-de-Bouc, dans les bouches-du-Rh\u00f4ne. A cet effet, vous pouvez ais\u00e9ment relier les sites et curiosit\u00e9s touristiques de notre d\u00e9partement. Nous vous proposons ci dessous plusieurs lieux \u00e0 visiter et \u00e0 d\u00e9couvrir, lors de votre s\u00e9jour chez nous<\/p>\n\n\n\n<p><strong>Arles,  &#8220;la romaine&#8221;, cit\u00e9 antique, \u00e0 45km<\/strong><\/p>\n\n\n\n<figure class=\"wp-block-embed is-type-video is-provider-youtube wp-block-embed-youtube wp-embed-aspect-16-9 wp-has-aspect-ratio\"><div class=\"wp-block-embed__wrapper\">\n<iframe title=\"Visites flash, combats de gladiateurs, spectacles... Le patrimoine d&#039;Arles s&#039;anime !\" width=\"910\" height=\"512\" src=\"https:\/\/www.youtube.com\/embed\/eLP1UOusRYc?feature=oembed\" frameborder=\"0\" allow=\"accelerometer; autoplay; clipboard-write; encrypted-media; gyroscope; picture-in-picture; web-share\" referrerpolicy=\"strict-origin-when-cross-origin\" allowfullscreen><\/iframe>\n<\/div><\/figure>\n\n\n\n<p>La Ville d\u2019Arles b\u00e9n\u00e9ficie d\u2019une double inscription sur la liste du patrimoine mondial de l\u2019UNESCO, pour le bien culturel \u00ab Arles, monuments romains et romans \u00bb et pour le bien culturel en s\u00e9rie \u00ab Chemins de Saint-Jacques de Compostelle en France \u00bb.\u00a0 Plus d&#8217;info sur <a href=\"https:\/\/www.arlestourisme.com\/fr\/decouvrir-le-patrimoine-mondial.html\">le site Arles Tourisme<\/a><br><\/p>\n\n\n\n<p>La ville de Martigues, &#8220;la Venise Proven\u00e7ale&#8221;. Entre canaux et collines, n&#8217;h\u00e9sitez pas \u00e0 aller y faire un tour et \u00e0 d\u00e9guster sa fameuse &#8220;poutargue&#8221; .<br><a href=\"https:\/\/www.martigues-tourisme.com\/\" title=\"\">Site de l&#8217;Office de Tourisme de Martigues<\/a><br><\/p>\n\n\n\n<figure class=\"wp-block-embed is-type-video is-provider-youtube wp-block-embed-youtube wp-embed-aspect-16-9 wp-has-aspect-ratio\"><div class=\"wp-block-embed__wrapper\">\n<iframe title=\"A la d\u00e9couverte du centre-ville de Martigues\" width=\"910\" height=\"512\" src=\"https:\/\/www.youtube.com\/embed\/2Kgt15_HGGw?start=25&#038;feature=oembed\" frameborder=\"0\" allow=\"accelerometer; autoplay; clipboard-write; encrypted-media; gyroscope; picture-in-picture; web-share\" referrerpolicy=\"strict-origin-when-cross-origin\" allowfullscreen><\/iframe>\n<\/div><\/figure>\n\n\n<p><strong>Vous \u00eates plut\u00f4t&nbsp; Camargue ou Alpilles ?&nbsp;<br><\/strong>Profitez de notre s\u00e9jour chez nous,&nbsp; pour d\u00e9couvrir les richesses floristiques et faunistiques : <a href=\"http:\/\/www.cheminsdesparcs.fr\/?categories=T1&#038;categories=T2&#038;categories=T3&#038;categories=T4&#038;structure=6\" target=\"_blank\" rel=\"noopener noreferrer\"> Visitez le site Chemins des Parcs<\/a><\/p>\n<p><strong>Aix-en-Provence, \u00e0 40km<\/strong><\/p>\n<p>La ville d&#8217;Aix-en-Provence offre aux visiteurs des lieux culturels nombreux et prestigieux, mus\u00e9es, fondations et espaces culturels, sites arch\u00e9ologiques qui t\u00e9moignent de la richesse de son patrimoine. <a href=\"https:\/\/www.aixenprovencetourism.com\/\" target=\"_blank\" rel=\"noopener noreferrer\">Office de tourisme d&#8217;Aix-en-Provence<\/a><\/p>\n\n\n<figure class=\"wp-block-embed is-type-video is-provider-youtube wp-block-embed-youtube wp-embed-aspect-16-9 wp-has-aspect-ratio\"><div class=\"wp-block-embed__wrapper\">\n<iframe title=\"Bienvenue \u00e0 Aix !\" width=\"910\" height=\"512\" src=\"https:\/\/www.youtube.com\/embed\/sUv8mKrZLhI?feature=oembed\" frameborder=\"0\" allow=\"accelerometer; autoplay; clipboard-write; encrypted-media; gyroscope; picture-in-picture; web-share\" referrerpolicy=\"strict-origin-when-cross-origin\" allowfullscreen><\/iframe>\n<\/div><\/figure>\n\n\n\n<p>Vous souhaitez plus d&#8217;informations pour organiser votre s\u00e9jour ? Nous disposons de documentation touristique sur place&nbsp; et nous vous orienterons au mieux.<\/p>\n\n\n\n<p>Marseille, \u00e0 40 km<br><br>La cit\u00e9 phoc\u00e9enne est \u00e9galement un incontournable \u00e0 ne pas manquer. <br>Vous trouverez toutes les informations n\u00e9cessaires \u00e0 sa d\u00e9couverte sur le site de <a href=\"https:\/\/www.marseille-tourisme.com\/\" title=\"\">l&#8217;office du tourisme<\/a> de Marseille. <br>Des calanques en passant par l&#8217;\u00eele du Frioul et le mythique Orange V\u00e9lodrome, n&#8217;h\u00e9sitez \u00e0 faire une alte afin de d\u00e9guster de d\u00e9licieuses panisses de l&#8217;Estaque ou encore le plat typique marseillais &#8220;la bouillabaisse&#8221;.<\/p>\n\n\n\n<figure class=\"wp-block-embed is-type-video is-provider-youtube wp-block-embed-youtube wp-embed-aspect-16-9 wp-has-aspect-ratio\"><div class=\"wp-block-embed__wrapper\">\n<iframe title=\"Marseille, sa gastronomie et ses traditions\" width=\"910\" height=\"512\" src=\"https:\/\/www.youtube.com\/embed\/GiYi0uFSF5I?feature=oembed\" frameborder=\"0\" allow=\"accelerometer; autoplay; clipboard-write; encrypted-media; gyroscope; picture-in-picture; web-share\" referrerpolicy=\"strict-origin-when-cross-origin\" allowfullscreen><\/iframe>\n<\/div><\/figure>\n","protected":false},"excerpt":{"rendered":"<p>Les campings de Botta\u00ef et de la M\u00e9rindole sont situ\u00e9s \u00e0 Port-de-Bouc, dans les bouches-du-Rh\u00f4ne. A cet effet, vous pouvez ais\u00e9ment relier les sites et curiosit\u00e9s touristiques de notre d\u00e9partement. Nous vous proposons ci dessous plusieurs lieux \u00e0 visiter et \u00e0 d\u00e9couvrir, lors de votre &hellip; <\/p>\n","protected":false},"author":1,"featured_media":0,"parent":0,"menu_order":0,"comment_status":"closed","ping_status":"closed","template":"","meta":{"ngg_post_thumbnail":0,"_themeisle_gutenberg_block_has_review":false,"footnotes":"","_links_to":"","_links_to_target":""},"class_list":["post-115","page","type-page","status-publish","hentry"],"aioseo_notices":[],"_links":{"self":[{"href":"https:\/\/www.camping-portdebouc.fr\/fr\/wp-json\/wp\/v2\/pages\/115","targetHints":{"allow":["GET"]}}],"collection":[{"href":"https:\/\/www.camping-portdebouc.fr\/fr\/wp-json\/wp\/v2\/pages"}],"about":[{"href":"https:\/\/www.camping-portdebouc.fr\/fr\/wp-json\/wp\/v2\/types\/page"}],"author":[{"embeddable":true,"href":"https:\/\/www.camping-portdebouc.fr\/fr\/wp-json\/wp\/v2\/users\/1"}],"replies":[{"embeddable":true,"href":"https:\/\/www.camping-portdebouc.fr\/fr\/wp-json\/wp\/v2\/comments?post=115"}],"version-history":[{"count":16,"href":"https:\/\/www.camping-portdebouc.fr\/fr\/wp-json\/wp\/v2\/pages\/115\/revisions"}],"predecessor-version":[{"id":1377,"href":"https:\/\/www.camping-portdebouc.fr\/fr\/wp-json\/wp\/v2\/pages\/115\/revisions\/1377"}],"wp:attachment":[{"href":"https:\/\/www.camping-portdebouc.fr\/fr\/wp-json\/wp\/v2\/media?parent=115"}],"curies":[{"name":"wp","href":"https:\/\/api.w.org\/{rel}","templated":true}]}}