{"id":22,"date":"2018-11-27T19:04:48","date_gmt":"2018-11-27T19:04:48","guid":{"rendered":"http:\/\/www.camping-portdebouc.fr\/?page_id=22"},"modified":"2025-04-01T14:54:44","modified_gmt":"2025-04-01T14:54:44","slug":"le-camping","status":"publish","type":"page","link":"https:\/\/www.camping-portdebouc.fr\/fr\/le-camping\/","title":{"rendered":"Les campings"},"content":{"rendered":"<p><strong><u>Un site propice \u00e0 une vill\u00e9giature r\u00e9ussie en bord de mer: le camping de Botta\u00ef&nbsp;<\/u><\/strong><\/p>\n<p>Le camping de Botta\u00ef \u00e0 Port de Bouc,&nbsp; est le lieu de vill\u00e9giature id\u00e9al. Il est un point de d\u00e9part pour vos envies d&#8217;excursions et de balades \u00e0 travers notre belle r\u00e9gion. Situ\u00e9 entre la Camargue et Marseille,&nbsp; il vous permet de visiter Arles, Aix-en Provence, les Alpilles&#8230; Mais si vous d\u00e9cidez de fl\u00e2ner chez nous, qu&#8217;\u00e0 cela ne tienne, la plage n\u2019est qu\u2019\u00e0 quelques pas de votre site de vacance. Soit, un coin id\u00e9al pour un s\u00e9jour en famille ou entre amis.<a href=\"https:\/\/www.camping-portdebouc.fr\/wp-content\/uploads\/2020\/01\/20190726_092237-scaled.jpg\"><img fetchpriority=\"high\" decoding=\"async\" class=\"alignright size-medium wp-image-852\" src=\"https:\/\/www.camping-portdebouc.fr\/wp-content\/uploads\/2020\/01\/20190726_092237-300x225.jpg\" alt=\"accueil_bottai\" width=\"300\" height=\"225\" srcset=\"https:\/\/www.camping-portdebouc.fr\/wp-content\/uploads\/2020\/01\/20190726_092237-300x225.jpg 300w, https:\/\/www.camping-portdebouc.fr\/wp-content\/uploads\/2020\/01\/20190726_092237-1024x768.jpg 1024w, https:\/\/www.camping-portdebouc.fr\/wp-content\/uploads\/2020\/01\/20190726_092237-768x576.jpg 768w, https:\/\/www.camping-portdebouc.fr\/wp-content\/uploads\/2020\/01\/20190726_092237-1536x1152.jpg 1536w, https:\/\/www.camping-portdebouc.fr\/wp-content\/uploads\/2020\/01\/20190726_092237-2048x1536.jpg 2048w, https:\/\/www.camping-portdebouc.fr\/wp-content\/uploads\/2020\/01\/20190726_092237-80x60.jpg 80w\" sizes=\"(max-width: 300px) 100vw, 300px\" \/><\/a><\/p>\n<p><strong>Un camping familial de 80 emplacements <\/strong>: comportant des chalets et des mobil- homes ainsi que des emplacements nus de 90 M2 et de 130 m2 pouvant accueillir des tentes, des camping-cars et des caravanes en mode &#8220;grand confort&#8221;, puisque des emplacements sont reli\u00e9s \u00e0 l&#8217;eau, aux eaux us\u00e9es,<\/p>\n<p><a href=\"https:\/\/www.camping-portdebouc.fr\/wp-content\/uploads\/2020\/01\/20190708_211240-scaled.jpg\"><img decoding=\"async\" class=\"size-medium wp-image-855 alignleft\" src=\"https:\/\/www.camping-portdebouc.fr\/wp-content\/uploads\/2020\/01\/20190708_211240-300x160.jpg\" alt=\"Camping_bottai\" width=\"300\" height=\"160\" srcset=\"https:\/\/www.camping-portdebouc.fr\/wp-content\/uploads\/2020\/01\/20190708_211240-300x160.jpg 300w, https:\/\/www.camping-portdebouc.fr\/wp-content\/uploads\/2020\/01\/20190708_211240-1024x547.jpg 1024w, https:\/\/www.camping-portdebouc.fr\/wp-content\/uploads\/2020\/01\/20190708_211240-768x411.jpg 768w, https:\/\/www.camping-portdebouc.fr\/wp-content\/uploads\/2020\/01\/20190708_211240-1536x821.jpg 1536w, https:\/\/www.camping-portdebouc.fr\/wp-content\/uploads\/2020\/01\/20190708_211240-2048x1095.jpg 2048w, https:\/\/www.camping-portdebouc.fr\/wp-content\/uploads\/2020\/01\/20190708_211240-112x60.jpg 112w\" sizes=\"(max-width: 300px) 100vw, 300px\" \/><\/a>Une aire de service, permet aux&nbsp; camping cars de faire une halte, pour la journ\u00e9e ou pour une nuit, avant de reprendre, le chemin de l&#8217;aventure .<\/p>\n<p>Nous avons la solution qui vous conviendra, car chaque emplacement assure aux vacanciers assez d\u2019espace pour passer un s\u00e9jour alliant tranquillit\u00e9 et convivialit\u00e9.<\/p>\n<p><strong><u>Id\u00e9al pour les enfants <a href=\"https:\/\/www.camping-portdebouc.fr\/wp-content\/uploads\/2019\/05\/LogoPavillonB.jpg\"><img decoding=\"async\" class=\"wp-image-561 alignleft\" src=\"https:\/\/www.camping-portdebouc.fr\/wp-content\/uploads\/2019\/05\/LogoPavillonB-300x256.jpg\" alt=\"\" width=\"67\" height=\"57\" srcset=\"https:\/\/www.camping-portdebouc.fr\/wp-content\/uploads\/2019\/05\/LogoPavillonB-300x256.jpg 300w, https:\/\/www.camping-portdebouc.fr\/wp-content\/uploads\/2019\/05\/LogoPavillonB-70x60.jpg 70w, https:\/\/www.camping-portdebouc.fr\/wp-content\/uploads\/2019\/05\/LogoPavillonB.jpg 450w\" sizes=\"(max-width: 67px) 100vw, 67px\" \/><\/a><br \/><\/u><\/strong><\/p>\n<p>Camping les pieds dans l\u2019eau, la plage de Botta\u00ef, labellis\u00e9e pavillon bleu,&nbsp; n\u2019est qu\u2019\u00e0 quelques pas de votre chalet de vacance. Anse \u00e0 l\u2019abri du vent, plage peu profonde, propice aux baignades et \u00e0 la pratique de jeux d\u2019eau et de sable, les enfants se r\u00e9galent.<a href=\"https:\/\/www.camping-portdebouc.fr\/wp-content\/uploads\/2019\/07\/20190719_103558.jpg\"><img loading=\"lazy\" decoding=\"async\" class=\"alignright size-medium wp-image-768\" src=\"https:\/\/www.camping-portdebouc.fr\/wp-content\/uploads\/2019\/07\/20190719_103558-300x225.jpg\" alt=\"\" width=\"300\" height=\"225\" srcset=\"https:\/\/www.camping-portdebouc.fr\/wp-content\/uploads\/2019\/07\/20190719_103558-300x225.jpg 300w, https:\/\/www.camping-portdebouc.fr\/wp-content\/uploads\/2019\/07\/20190719_103558-768x576.jpg 768w, https:\/\/www.camping-portdebouc.fr\/wp-content\/uploads\/2019\/07\/20190719_103558-1024x768.jpg 1024w, https:\/\/www.camping-portdebouc.fr\/wp-content\/uploads\/2019\/07\/20190719_103558-80x60.jpg 80w\" sizes=\"(max-width: 300px) 100vw, 300px\" \/><\/a><\/p>\n<p><u>Accueil des personnes \u00e0 mobilit\u00e9 r\u00e9duite <a href=\"https:\/\/www.camping-portdebouc.fr\/wp-content\/uploads\/2019\/05\/logopmr.jpg\"><img loading=\"lazy\" decoding=\"async\" class=\"wp-image-559 alignright\" src=\"https:\/\/www.camping-portdebouc.fr\/wp-content\/uploads\/2019\/05\/logopmr.jpg\" alt=\"\" width=\"75\" height=\"75\" srcset=\"https:\/\/www.camping-portdebouc.fr\/wp-content\/uploads\/2019\/05\/logopmr.jpg 300w, https:\/\/www.camping-portdebouc.fr\/wp-content\/uploads\/2019\/05\/logopmr-150x150.jpg 150w, https:\/\/www.camping-portdebouc.fr\/wp-content\/uploads\/2019\/05\/logopmr-60x60.jpg 60w\" sizes=\"(max-width: 75px) 100vw, 75px\" \/><\/a><br \/><\/u><\/p>\n<p>Camping install\u00e9 sur un terrain plat permettant un acc\u00e8s et un d\u00e9placement facile, un chalet et un mobil home aux normes PMR, des sanitaires&nbsp; adapt\u00e9s, &nbsp;il favorise l\u2019accueil des personnes \u00e0 mobilit\u00e9 r\u00e9duite. La plage \u00e0 proximit\u00e9 du camping dispose d\u2019un tiralo.<\/p>\n<p><strong><u>Un camping respectueux de l\u2019environnement<\/u><\/strong>&nbsp;:<\/p>\n<p>Gestion de l\u2019\u00e9nergie, r\u00e9duction de la consommation \u00e9lectrique, Chauffe eau solaire, \u00e9clairage public \u00e0 led , tri des d\u00e9chets.&nbsp; Plantation d\u2019essences m\u00e9diterran\u00e9ennes. La pr\u00e9servation des ressources naturelles, le d\u00e9veloppement durable et le respect de l&#8217;environnement font parties de nos priorit\u00e9s<\/p>\n<div id=\"contenu\">\n<div class=\"wrap-content \"><a href=\"https:\/\/www.camping-portdebouc.fr\/wp-content\/uploads\/2020\/01\/Plan-camping-Bottai.jpg\"><img loading=\"lazy\" decoding=\"async\" class=\"alignright size-large wp-image-860\" src=\"https:\/\/www.camping-portdebouc.fr\/wp-content\/uploads\/2020\/12\/Plan-camping-Bottai-967x1024-1.jpg\" alt=\"\" width=\"910\" height=\"964\"><\/a><\/p>\n<div class=\"csc-textpic csc-textpic-center csc-textpic-above csc-textpic-border\">\n<div class=\"csc-textpic-imagewrap\">&nbsp;<\/div>\n<\/div>\n<div class=\"csc-textpic-clear\">&nbsp;<\/div>\n<\/div>\n<div class=\"wrap-content \">&nbsp;<\/div>\n<\/div>\n\n\n<div style=\"height:100px\" aria-hidden=\"true\" class=\"wp-block-spacer\"><\/div>\n\n\n\n<hr class=\"wp-block-separator has-alpha-channel-opacity\"\/>\n\n\n<p><\/p>\n<div class=\"wp-block-spacer\" aria-hidden=\"true\">&nbsp;<\/div>\n<p><\/p>\n<p><strong><u>Un site propice au calme et la d\u00e9tente en pleine campagne : le camping de la M\u00e9rindole<\/u><\/strong><\/p>\n<p><span style=\"font-family: Abel;\">Ce camping est situ\u00e9 dans le cadre ombrag\u00e9 d&#8217;une vaste pin\u00e8de, \u00e0 5 minutes en voiture du centre-ville et des plages.<\/span><\/p>\n<h3><span style=\"font-family: Abel;\">Emplacements&nbsp;:<\/span><\/h3>\n<ul>\n<li><span style=\"font-family: Abel;\">192 emplacements de caravane, tente et camping car<\/span><\/li>\n<li><span style=\"font-family: Abel;\">Acc\u00e8s r\u00e9serv\u00e9 aux caravanes de moins de 5 m.<\/span><\/li>\n<\/ul>\n<h3><span style=\"font-family: Abel;\">Services&nbsp;:<\/span><\/h3>\n<ul>\n<li><span style=\"font-family: Abel;\">restaurants, boulangerie et primeur \u00e0 proximit\u00e9.<\/span><\/li>\n<li><span style=\"font-family: Abel;\">Confort : eau, \u00e9lectricit\u00e9 et sanitaires<\/span><\/li>\n<li><span style=\"font-family: Abel;\">Accessibilit\u00e9 aux personnes \u00e0 mobilit\u00e9 r\u00e9duite<\/span><\/li>\n<li><span style=\"font-family: Abel;\">Loisirs&nbsp;: aire de jeux pour les enfants, terrain de tennis et de football, boulodrome, tables de ping-pong.<\/span><\/li>\n<li><span style=\"font-family: Abel;\">Animaux admis, sauf les chiens de cat\u00e9gorie 1 et 2.<\/span><\/li>\n<\/ul>\n<p><span style=\"font-family: Abel;\">&nbsp;Plus de renseignements&nbsp;: 06 81 93 29 39 \/&nbsp;<a href=\"mailto:camping.merindole@portdebouc.fr\">camping.merindole@portdebouc.fr<\/a><\/span><\/p>","protected":false},"excerpt":{"rendered":"<p>Un site propice \u00e0 une vill\u00e9giature r\u00e9ussie en bord de mer: le camping de Botta\u00ef&nbsp; Le camping de Botta\u00ef \u00e0 Port de Bouc,&nbsp; est le lieu de vill\u00e9giature id\u00e9al. Il est un point de d\u00e9part pour vos envies d&#8217;excursions et de balades \u00e0 travers notre &hellip; <\/p>\n","protected":false},"author":1,"featured_media":0,"parent":0,"menu_order":0,"comment_status":"closed","ping_status":"closed","template":"","meta":{"ngg_post_thumbnail":0,"_themeisle_gutenberg_block_has_review":false,"footnotes":"","_links_to":"","_links_to_target":""},"class_list":["post-22","page","type-page","status-publish","hentry"],"aioseo_notices":[],"_links":{"self":[{"href":"https:\/\/www.camping-portdebouc.fr\/fr\/wp-json\/wp\/v2\/pages\/22","targetHints":{"allow":["GET"]}}],"collection":[{"href":"https:\/\/www.camping-portdebouc.fr\/fr\/wp-json\/wp\/v2\/pages"}],"about":[{"href":"https:\/\/www.camping-portdebouc.fr\/fr\/wp-json\/wp\/v2\/types\/page"}],"author":[{"embeddable":true,"href":"https:\/\/www.camping-portdebouc.fr\/fr\/wp-json\/wp\/v2\/users\/1"}],"replies":[{"embeddable":true,"href":"https:\/\/www.camping-portdebouc.fr\/fr\/wp-json\/wp\/v2\/comments?post=22"}],"version-history":[{"count":32,"href":"https:\/\/www.camping-portdebouc.fr\/fr\/wp-json\/wp\/v2\/pages\/22\/revisions"}],"predecessor-version":[{"id":1256,"href":"https:\/\/www.camping-portdebouc.fr\/fr\/wp-json\/wp\/v2\/pages\/22\/revisions\/1256"}],"wp:attachment":[{"href":"https:\/\/www.camping-portdebouc.fr\/fr\/wp-json\/wp\/v2\/media?parent=22"}],"curies":[{"name":"wp","href":"https:\/\/api.w.org\/{rel}","templated":true}]}}