{"id":25,"date":"2018-11-27T19:07:40","date_gmt":"2018-11-27T19:07:40","guid":{"rendered":"http:\/\/www.camping-portdebouc.fr\/?page_id=25"},"modified":"2025-04-09T08:27:07","modified_gmt":"2025-04-09T08:27:07","slug":"emplacements","status":"publish","type":"page","link":"https:\/\/www.camping-portdebouc.fr\/fr\/emplacements\/","title":{"rendered":"Emplacements"},"content":{"rendered":"\n<p>Pour le camping de Botta\u00ef:<br>Des emplacements pour vos tentes de 80\/90m\u00b2 ou 110\/130 m\u00b2 avec un minimum de 2 nuits entre Juillet et Ao\u00fbt.<\/p>\n\n\n\n<figure class=\"wp-block-image size-large is-resized\"><img decoding=\"async\" src=\"https:\/\/i.ibb.co\/PsNcQhKX\/Plan-camping-Bottai.png\" alt=\"\" style=\"aspect-ratio:1;width:840px;height:auto\"\/><\/figure>\n\n\n\n<p>Un forfait <strong>CONFORT  AVEC ELECTRICITE<\/strong> comprenant sur un emplacement: la tente ou caravane + le v\u00e9hicule ou un camping-car <strong>et deux personnes<\/strong>. <\/p>\n\n\n\n<figure class=\"wp-block-image size-large\"><img fetchpriority=\"high\" decoding=\"async\" width=\"1024\" height=\"768\" src=\"https:\/\/www.camping-portdebouc.fr\/wp-content\/uploads\/2020\/01\/20190726_090917-1024x768.jpg\" alt=\"\" class=\"wp-image-847\" srcset=\"https:\/\/www.camping-portdebouc.fr\/wp-content\/uploads\/2020\/01\/20190726_090917-1024x768.jpg 1024w, https:\/\/www.camping-portdebouc.fr\/wp-content\/uploads\/2020\/01\/20190726_090917-300x225.jpg 300w, https:\/\/www.camping-portdebouc.fr\/wp-content\/uploads\/2020\/01\/20190726_090917-768x576.jpg 768w, https:\/\/www.camping-portdebouc.fr\/wp-content\/uploads\/2020\/01\/20190726_090917-1536x1152.jpg 1536w, https:\/\/www.camping-portdebouc.fr\/wp-content\/uploads\/2020\/01\/20190726_090917-2048x1536.jpg 2048w, https:\/\/www.camping-portdebouc.fr\/wp-content\/uploads\/2020\/01\/20190726_090917-80x60.jpg 80w\" sizes=\"(max-width: 1024px) 100vw, 1024px\" \/><\/figure>\n\n\n\n<p><strong>Pour les camping-car de passage, le temps d&#8217;une halte de jour ou de nuit, nous vous proposons deux formules souples d&#8217;usage:<\/strong><\/p>\n\n\n\n<p><strong>STOP-PAUSE<\/strong>: Une halte en journ\u00e9e, pour utiliser notre aire de vidage et profiter d&#8217;un moment de calme. <em><strong>(disponible de 10h \u00e0 18h)<\/strong><\/em><\/p>\n\n\n\n<figure class=\"wp-block-image is-resized\"><img decoding=\"async\" width=\"600\" height=\"477\" src=\"https:\/\/www.camping-portdebouc.fr\/wp-content\/uploads\/2019\/05\/cc-note.jpg\" alt=\"\" class=\"wp-image-583\" style=\"width:586px;height:465px\" srcset=\"https:\/\/www.camping-portdebouc.fr\/wp-content\/uploads\/2019\/05\/cc-note.jpg 600w, https:\/\/www.camping-portdebouc.fr\/wp-content\/uploads\/2019\/05\/cc-note-300x239.jpg 300w, https:\/\/www.camping-portdebouc.fr\/wp-content\/uploads\/2019\/05\/cc-note-75x60.jpg 75w\" sizes=\"(max-width: 600px) 100vw, 600px\" \/><\/figure>\n\n\n\n<p><strong>STOP-ACCUEIL NUIT<\/strong>: Vous utilisez les installations de notre camping, avec un emplacement de 35m\u00b2, Vous dormez dans un camping s\u00e9curis\u00e9 et profitez d&#8217;une bonne nuit de repos <em><strong>(disponible \u00e0 partir de 18h jusqu&#8217;au lendemain 10h)<\/strong><\/em><\/p>\n\n\n\n<figure class=\"wp-block-image size-large\"><img decoding=\"async\" width=\"1024\" height=\"768\" src=\"https:\/\/www.camping-portdebouc.fr\/wp-content\/uploads\/2020\/01\/20190726_090939-1024x768.jpg\" alt=\"\" class=\"wp-image-848\" srcset=\"https:\/\/www.camping-portdebouc.fr\/wp-content\/uploads\/2020\/01\/20190726_090939-1024x768.jpg 1024w, https:\/\/www.camping-portdebouc.fr\/wp-content\/uploads\/2020\/01\/20190726_090939-300x225.jpg 300w, https:\/\/www.camping-portdebouc.fr\/wp-content\/uploads\/2020\/01\/20190726_090939-768x576.jpg 768w, https:\/\/www.camping-portdebouc.fr\/wp-content\/uploads\/2020\/01\/20190726_090939-1536x1152.jpg 1536w, https:\/\/www.camping-portdebouc.fr\/wp-content\/uploads\/2020\/01\/20190726_090939-2048x1536.jpg 2048w, https:\/\/www.camping-portdebouc.fr\/wp-content\/uploads\/2020\/01\/20190726_090939-80x60.jpg 80w\" sizes=\"(max-width: 1024px) 100vw, 1024px\" \/><\/figure>\n\n\n\n<figure class=\"wp-block-image is-resized\"><img loading=\"lazy\" decoding=\"async\" width=\"904\" height=\"378\" src=\"https:\/\/www.camping-portdebouc.fr\/wp-content\/uploads\/2019\/05\/post-telfr.jpg\" alt=\"\" class=\"wp-image-618\" style=\"width:341px;height:142px\" srcset=\"https:\/\/www.camping-portdebouc.fr\/wp-content\/uploads\/2019\/05\/post-telfr.jpg 904w, https:\/\/www.camping-portdebouc.fr\/wp-content\/uploads\/2019\/05\/post-telfr-300x125.jpg 300w, https:\/\/www.camping-portdebouc.fr\/wp-content\/uploads\/2019\/05\/post-telfr-768x321.jpg 768w, https:\/\/www.camping-portdebouc.fr\/wp-content\/uploads\/2019\/05\/post-telfr-143x60.jpg 143w\" sizes=\"(max-width: 904px) 100vw, 904px\" \/><\/figure>\n\n\n\n<p><\/p>\n\n\n\n<p>Pour le camping de la M\u00e9rindole:<br><\/p>\n\n\n\n<figure class=\"wp-block-image size-large is-resized\"><img decoding=\"async\" src=\"https:\/\/i.ibb.co\/Y4LLcT3Q\/Plan-Merindole.png alt=\" alt=\"\" style=\"aspect-ratio:1;width:840px;height:auto\"\/><\/figure>\n","protected":false},"excerpt":{"rendered":"<p>Pour le camping de Botta\u00ef:Des emplacements pour vos tentes de 80\/90m\u00b2 ou 110\/130 m\u00b2 avec un minimum de 2 nuits entre Juillet et Ao\u00fbt. Un forfait CONFORT AVEC ELECTRICITE comprenant sur un emplacement: la tente ou caravane + le v\u00e9hicule ou un camping-car et deux &hellip; <\/p>\n","protected":false},"author":1,"featured_media":0,"parent":0,"menu_order":0,"comment_status":"closed","ping_status":"closed","template":"","meta":{"ngg_post_thumbnail":0,"_themeisle_gutenberg_block_has_review":false,"footnotes":"","_links_to":"","_links_to_target":""},"class_list":["post-25","page","type-page","status-publish","hentry"],"aioseo_notices":[],"_links":{"self":[{"href":"https:\/\/www.camping-portdebouc.fr\/fr\/wp-json\/wp\/v2\/pages\/25","targetHints":{"allow":["GET"]}}],"collection":[{"href":"https:\/\/www.camping-portdebouc.fr\/fr\/wp-json\/wp\/v2\/pages"}],"about":[{"href":"https:\/\/www.camping-portdebouc.fr\/fr\/wp-json\/wp\/v2\/types\/page"}],"author":[{"embeddable":true,"href":"https:\/\/www.camping-portdebouc.fr\/fr\/wp-json\/wp\/v2\/users\/1"}],"replies":[{"embeddable":true,"href":"https:\/\/www.camping-portdebouc.fr\/fr\/wp-json\/wp\/v2\/comments?post=25"}],"version-history":[{"count":51,"href":"https:\/\/www.camping-portdebouc.fr\/fr\/wp-json\/wp\/v2\/pages\/25\/revisions"}],"predecessor-version":[{"id":1306,"href":"https:\/\/www.camping-portdebouc.fr\/fr\/wp-json\/wp\/v2\/pages\/25\/revisions\/1306"}],"wp:attachment":[{"href":"https:\/\/www.camping-portdebouc.fr\/fr\/wp-json\/wp\/v2\/media?parent=25"}],"curies":[{"name":"wp","href":"https:\/\/api.w.org\/{rel}","templated":true}]}}