{"id":29,"date":"2018-11-27T19:08:52","date_gmt":"2018-11-27T19:08:52","guid":{"rendered":"http:\/\/www.camping-portdebouc.fr\/?page_id=29"},"modified":"2025-04-10T08:24:55","modified_gmt":"2025-04-10T08:24:55","slug":"chalets","status":"publish","type":"page","link":"https:\/\/www.camping-portdebouc.fr\/fr\/chalets\/","title":{"rendered":"Nos chalets"},"content":{"rendered":"\n<div class=\"wp-block-cover is-repeated is-light\"><span aria-hidden=\"true\" class=\"wp-block-cover__background has-button-hover-text-color-background-color has-background-dim-20 has-background-dim\"><\/span><div class=\"wp-block-cover__image-background wp-image-953 is-repeated\" style=\"background-position:20% 47%;background-image:url(https:\/\/www.camping-portdebouc.fr\/wp-content\/uploads\/2020\/10\/20190716_110909-scaled-e1602764247377-1024x637.jpg)\"><\/div><div class=\"wp-block-cover__inner-container is-layout-flow wp-block-cover-is-layout-flow\">\n<p><\/p>\n<\/div><\/div>\n\n\n\n<p><\/p>\n\n\n\n<p class=\"has-drop-cap\"><\/p>\n\n\n\n<p>Des chalets plein air, en parfaite harmonie avec la nature, optimisent les espaces de vie pour un confort ouvert vers l\u2019ext\u00e9rieur gr\u00e2ce \u00e0 sa grande baie vitr\u00e9e panoramique \u00e0 3 vantaux.<br>Sa terrasse, munie d\u2019une table et chaises bois, offre un havre de paix et de convivialit\u00e9 en devenant une pi\u00e8ce \u00e0 vivre ouverte sur le s\u00e9jour ou la cuisine.Vous pourrez y prendre vos repas, tant l\u2019espace est ouvert.<\/p>\n\n\n\n<ul class=\"wp-block-list\">\n<li>Chalets \u201cPlein air\u201d mod\u00e8le en 32 m\u00b2 avec 2 chambres + terrasse<\/li>\n\n\n\n<li>Chalets \u201cPlein air\u201d en 35 m\u00b2 avec 3 chambres + terrasse<\/li>\n\n\n\n<li>1 Chalet \u201cPlein air\u201d accessible aux personnes \u00e0 mobilit\u00e9 r\u00e9duite (PMR) en 35 m\u00b2 avec 2 chambres + terrasse<\/li>\n<\/ul>\n\n\n\n<p><strong><em>Chambre parents<\/em><\/strong><br> 1 lit 160&#215;200 cm avec matelas 35 kg\/m3 <br> 2 rangements avec \u00e9tag\u00e8res et penderie avec portes battantes Ch\u00eane<\/p>\n\n\n\n<p><strong><em>Chambre 2<\/em><\/strong><br> 2 lit 80&#215;200 cm avec matelas 24 kg\/m3<br> 1 chevet posable Bleu Glacier<br> 2 rangements L53.8 H117 cm avec \u00e9tag\u00e8res et penderie avec portes battantes Ch\u00eane (sauf mod\u00e8le PMR)<br> 1 rangement L33.8 H204 cm avec \u00e9tag\u00e8res et penderie avec porte battante Ch\u00eane (mod\u00e8le PMR uniquement)<br> Pat\u00e8re d\u00e9corative Noire<\/p>\n\n\n\n<div class=\"wp-block-columns is-layout-flex wp-container-core-columns-is-layout-9d6595d7 wp-block-columns-is-layout-flex\">\n<div class=\"wp-block-column is-layout-flow wp-block-column-is-layout-flow\" style=\"flex-basis:100%\">\n<p><br> <strong><em>Chambre 3 (chalet 3ch)<\/em><\/strong><br> 1 lit 80&#215;200 cm avec matelas 24 kg\/m3<br> 1 lit superpos\u00e9 80&#215;200 cm avec matelas 24 kg\/m3<br> 1 chevet posable Bleu Glacier<br> 1 rangement L33.8 H204 cm avec \u00e9tag\u00e8res et penderie avec porte battante Ch\u00eane<br> Pat\u00e8re d\u00e9corative Noire<br> DECORATION &#8211; ACCESSOIRES<br> Rideaux obscurcissants sur la baie et les fen\u00eatres des chambres <\/p>\n<\/div>\n<\/div>\n\n\n\n<p><strong><em>CUISINE<\/em><\/strong><br> Meubles hauts et meubles bas en m\u00e9lamin\u00e9 coloris Ch\u00eane avec portes battantes<br> Cuisine adapt\u00e9e pour mod\u00e8le PMR (vide sous plan)<br> Plan de travail en agglom\u00e9r\u00e9 hydrofuge stratifi\u00e9 coloris Noir d&#8217;\u00e9paisseur 38 mm<br> Panneau d\u00e9coratif perfor\u00e9 Noir avec \u00e9tag\u00e8res Ch\u00eane et taquets amovibles<br> Evier 1 bac + 1 \u00e9goutoir<br> Plaque 3 feux vitroc\u00e9ramique WHIRLPOOL<br> R\u00e9frig\u00e9rateur double-porte int\u00e9grable WHIRLPOOL<\/p>\n\n\n\n<p>Hotte aspirante <br>Four micro-ondes gril WHIRLPOOL<br><\/p>\n\n\n\n<p><strong>Merci de bien vouloir prendre connaissance de nos <a href=\"https:\/\/www.camping-portdebouc.fr\/fr\/reservations\/\" target=\"_blank\" rel=\"noreferrer noopener\">conditions de locations<\/a>, avant toute r\u00e9servation.<\/strong><\/p>\n\n\n\n<p><\/p>\n\n\n\n<p><\/p>\n","protected":false},"excerpt":{"rendered":"<p>Des chalets plein air, en parfaite harmonie avec la nature, optimisent les espaces de vie pour un confort ouvert vers l\u2019ext\u00e9rieur gr\u00e2ce \u00e0 sa grande baie vitr\u00e9e panoramique \u00e0 3 vantaux.Sa terrasse, munie d\u2019une table et chaises bois, offre un havre de paix et de &hellip; <\/p>\n","protected":false},"author":1,"featured_media":0,"parent":0,"menu_order":0,"comment_status":"closed","ping_status":"closed","template":"","meta":{"ngg_post_thumbnail":0,"_themeisle_gutenberg_block_has_review":false,"footnotes":"","_links_to":"","_links_to_target":""},"class_list":["post-29","page","type-page","status-publish","hentry"],"aioseo_notices":[],"_links":{"self":[{"href":"https:\/\/www.camping-portdebouc.fr\/fr\/wp-json\/wp\/v2\/pages\/29","targetHints":{"allow":["GET"]}}],"collection":[{"href":"https:\/\/www.camping-portdebouc.fr\/fr\/wp-json\/wp\/v2\/pages"}],"about":[{"href":"https:\/\/www.camping-portdebouc.fr\/fr\/wp-json\/wp\/v2\/types\/page"}],"author":[{"embeddable":true,"href":"https:\/\/www.camping-portdebouc.fr\/fr\/wp-json\/wp\/v2\/users\/1"}],"replies":[{"embeddable":true,"href":"https:\/\/www.camping-portdebouc.fr\/fr\/wp-json\/wp\/v2\/comments?post=29"}],"version-history":[{"count":62,"href":"https:\/\/www.camping-portdebouc.fr\/fr\/wp-json\/wp\/v2\/pages\/29\/revisions"}],"predecessor-version":[{"id":1363,"href":"https:\/\/www.camping-portdebouc.fr\/fr\/wp-json\/wp\/v2\/pages\/29\/revisions\/1363"}],"wp:attachment":[{"href":"https:\/\/www.camping-portdebouc.fr\/fr\/wp-json\/wp\/v2\/media?parent=29"}],"curies":[{"name":"wp","href":"https:\/\/api.w.org\/{rel}","templated":true}]}}