{"id":532,"date":"2019-05-09T08:09:54","date_gmt":"2019-05-09T08:09:54","guid":{"rendered":"https:\/\/www.camping-portdebouc.fr\/fr\/?page_id=532"},"modified":"2025-04-10T07:49:53","modified_gmt":"2025-04-10T07:49:53","slug":"reservations","status":"publish","type":"page","link":"https:\/\/www.camping-portdebouc.fr\/fr\/reservations\/","title":{"rendered":"Conditions de locations"},"content":{"rendered":"\n<p>Afin\nde pouvoir b\u00e9n\u00e9ficier des prestations propos\u00e9es par le camping, il est\nimp\u00e9ratif de lire et accepter les pr\u00e9sentes conditions g\u00e9n\u00e9rales.<br>\nToute r\u00e9servation de s\u00e9jour au sein du camping implique l\u2019acceptation sans\nr\u00e9serve de ces conditions, au moment o\u00f9 la commande est pass\u00e9e<br><\/p>\n\n\n\n<h2 class=\"wp-block-heading\"><strong>&nbsp;<\/strong><\/h2>\n\n\n\n<hr class=\"wp-block-separator has-css-opacity\"\/>\n\n\n\n<p><br>\n<strong>1 \u2013 CHAMP\nD\u2019APPLICATION<\/strong><br>\nLes pr\u00e9sentes Conditions G\u00e9n\u00e9rales s\u2019appliquent, sans restriction ni r\u00e9serve \u00e0\nl\u2019ensemble des locations de r\u00e9sidences mobiles, de chalets ou d\u2019emplacements\nnus (\u00ab H\u00e9bergements \u00bb) conclues entre La R\u00e9gie \u00ab Les Campings Municipaux de PORT\nDE BOUC \u00bb (\u00ab Le Camping \u00bb) et les consommateurs ou non-professionnels (\u00ab Les\nClients ou le Client \u00bb), d\u00e9sirant s\u00e9journer au Camping. <\/p>\n\n\n\n<p>Les r\u00e9servations sont ouvertes pour le Camping de BOTTAI sur le site internet : https:\/\/www.camping-portdebouc.fr\/, par mail \u00e0 <a href=\"mailto:resacamping@portdebouc.fr\">resacamping@portdebouc.fr<\/a> ou par t\u00e9l\u00e9phone au 06 47 73 28 62<br> Ces conditions g\u00e9n\u00e9rales pr\u00e9cisent notamment les conditions de location, de passation de commande, de paiement, et de s\u00e9jour command\u00e9s par les Clients.<br> Les caract\u00e9ristiques principales des h\u00e9bergements propos\u00e9s \u00e0 la location sont pr\u00e9sent\u00e9es sur le site internet: <a href=\"https:\/\/www.camping-portdebouc.fr\/\">https:\/\/www.camping-portdebouc.fr\/<\/a> <\/p>\n\n\n\n<p>Les\nphotographies et graphismes pr\u00e9sent\u00e9s ne sont pas contractuels et ne sauraient\nengager la responsabilit\u00e9 du Camping. Le Client est tenu de se reporter au\ndescriptif de chaque h\u00e9bergement afin d\u2019en conna\u00eetre les propri\u00e9t\u00e9s et les\nparticularit\u00e9s essentielles.<br>\nLes offres de location s\u2019entendent dans la limite des H\u00e9bergements disponibles.<br>\nCes Conditions G\u00e9n\u00e9rales sont syst\u00e9matiquement communiqu\u00e9es \u00e0 tout Client\npr\u00e9alablement \u00e0 la passation de commande et pr\u00e9vaudront, le cas \u00e9ch\u00e9ant, sur\ntoute autre version ou tout autre document contradictoire. Elles sont\naccessibles \u00e0 tout moment sur le site internet https:\/\/www.camping-portdebouc.fr\/<br>\n<br>\n<\/p>\n\n\n\n<p>Le Client\nd\u00e9clare avoir pris connaissance des pr\u00e9sentes Conditions G\u00e9n\u00e9rales et les avoir\naccept\u00e9es avant sa r\u00e9servation : soit en les paraphant lors de l\u2019envoi de son\ncontrat suite \u00e0 une commande par t\u00e9l\u00e9phone, soit en cochant la case pr\u00e9vue \u00e0\ncet effet avant la mise en \u0153uvre de la proc\u00e9dure de r\u00e9servation en ligne. La\nvalidation de la r\u00e9servation par le Client vaut acceptation sans restriction ni\nr\u00e9serve des pr\u00e9sentes Conditions G\u00e9n\u00e9rales.<br>\nIl est pr\u00e9cis\u00e9 de convention expresse que le Client ne b\u00e9n\u00e9ficie d\u2019aucun droit\nde r\u00e9tractation en application de l\u2019article L. 222-10 du Code de la\nconsommation.<br>\n<br>\n<\/p>\n\n\n\n<p><strong>2 \u2013 COMMANDES \/ RESERVATIONS<\/strong><br>\nSur internet, il appartient au Client de s\u00e9lectionner l\u2019H\u00e9bergement qu\u2019il\nd\u00e9sire, la p\u00e9riode de location souhait\u00e9e ainsi que les conditions de la\nlocation.<br>\nIl appartient au Client de v\u00e9rifier l\u2019exactitude de sa commande, son prix et de\ncorriger d\u2019\u00e9ventuelles erreur avant de confirmer son acceptation. Toute\ncommande pass\u00e9e sur le site internet pr\u00e9cit\u00e9 constitue la formation d\u2019un contrat\nconclu \u00e0 distance entre le Camping et le Client.<br>\nLa r\u00e9servation d\u2019une r\u00e9sidence mobile, d\u2019un chalet ou d\u2019un emplacement nu n\u2019est\nd\u00e9finitive qu\u2019apr\u00e8s:<br>\n\u2013 l\u2019accord du Camping : A r\u00e9ception de votre r\u00e9servation accompagn\u00e9e d\u2019un\nacompte de 25%, une confirmation de s\u00e9jour sera envoy\u00e9e par le service de\nr\u00e9servation par courrier ou email. En cas de non agr\u00e9ment, l\u2019acompte vers\u00e9 sera\nretourn\u00e9.<br>\n\u2013 la r\u00e9ception de l\u2019acompte de 25% du prix total et &nbsp;des frais de dossier<\/p>\n\n\n\n<p>\u2013 la\nr\u00e9ception du contrat de r\u00e9servation d\u00fbment compl\u00e9t\u00e9 et sign\u00e9 ou d\u2019un mail de\nconfirmation lors d\u2019une r\u00e9servation en ligne.<br>\nLa r\u00e9servation n\u2019engage le Camping que lorsqu\u2019il l\u2019a accept\u00e9e, en fonction\nnotamment de la disponibilit\u00e9 et plus g\u00e9n\u00e9ralement de toutes circonstances de\nnature \u00e0 nuire \u00e0 l\u2019ex\u00e9cution de la r\u00e9servation effectu\u00e9e. Le Camping se r\u00e9serve\nle droit de refuser toute r\u00e9servation qui serait contraire au r\u00e8glement\nint\u00e9rieur du camping ou qui chercherait \u00e0 le d\u00e9tourner de sa vocation\noriginelle.<br>\nLa r\u00e9servation accept\u00e9e par le Camping est personnelle et ne peut \u00eatre\ntransmise \u00e0 un tiers sans l\u2019accord pr\u00e9alable du Camping.<\/p>\n\n\n\n<p><strong>3 \u2013 TARIFS<\/strong><\/p>\n\n\n\n<p>Les\nH\u00e9bergements sont lou\u00e9s aux tarifs en vigueur. Ils sont exprim\u00e9s en euros, TVA\nincluse.<strong><\/strong><\/p>\n\n\n\n<p>Emplacement\nde camping : le forfait de base comprend l\u2019emplacement pour la tente, la\ncaravane ou le camping-car, pour 1 ou 2 personnes, l\u2019acc\u00e8s aux sanitaires et\naux infrastructures d\u2019accueil.<\/p>\n\n\n\n<p>Location\nd\u2019un h\u00e9bergement : les h\u00e9bergements locatifs sont \u00e9quip\u00e9s (conform\u00e9ment au\ndescriptif de l\u2019h\u00e9bergement choisi) et la fourniture en gaz et en \u00e9lectricit\u00e9\nest comprise. Le forfait de base vaut pour 1 \u00e0 8 personnes selon le type\nd\u2019h\u00e9bergement. Le Camping se r\u00e9serve le droit de refuser l\u2019acc\u00e8s aux groupes se\npr\u00e9sentant avec un nombre de participants sup\u00e9rieur \u00e0 la capacit\u00e9 de l\u2019h\u00e9bergement\nlou\u00e9.<br>\nToute personne occupant l\u2019habitat ou r\u00e9sidant sur le m\u00eame emplacement, en sus\nde la capacit\u00e9 d\u2019accueil, fera l\u2019objet d\u2019un suppl\u00e9ment. <\/p>\n\n\n\n<p>Par\nailleurs, des frais compl\u00e9mentaires seront factur\u00e9s pour les v\u00e9hicules\nsuppl\u00e9mentaires, les animaux, les visiteurs et leur v\u00e9hicule\u2026 En cas de\nd\u00e9claration inexacte du preneur, le pr\u00e9sent contrat sera r\u00e9sili\u00e9 de plein droit\net les sommes vers\u00e9es resteront acquises par le loueur.<\/p>\n\n\n\n<p><strong>4 \u2013 CONDITIONS ET MODALIT\u00c9S DE PAIEMENT<\/strong><\/p>\n\n\n\n<p>Tous les r\u00e8glements doivent s\u2019effectuer \u00e0 l\u2019ordre du \u00ab TR\u00c9SOR PUBLIC \u00bb.  <\/p>\n\n\n\n<p>Le\npaiement en esp\u00e8ce n\u2019est possible que pour les montants inf\u00e9rieurs \u00e0 300\u20ac. &nbsp;Pour tout paiement par ch\u00e8que d\u2019un montant\nsup\u00e9rieur \u00e0 1 500\u20ac, un ch\u00e8que de banque sera exig\u00e9.<br>\n<br>\n<\/p>\n\n\n\n<p>Les\nr\u00e9servations effectu\u00e9es au moins 30 jours avant le d\u00e9but du s\u00e9jour doivent \u00eatre\naccompagn\u00e9es du r\u00e8glement d\u2019un acompte de 25 % du prix pour \u00eatre prises en\ncompte.<\/p>\n\n\n\n<p>Emplacements\n: Le solde du s\u00e9jour est \u00e0 r\u00e9gler par le Client d\u00e8s son arriv\u00e9e, en esp\u00e8ces,\ncarte bancaire, ch\u00e8que, \u2026&#8230;<\/p>\n\n\n\n<p>H\u00e9bergements\nlocatifs : Le solde du s\u00e9jour doit \u00eatre r\u00e9gl\u00e9 30 jours avant la date d\u2019arriv\u00e9e\npr\u00e9vue. En cas de non r\u00e8glement du solde \u00e0 la date convenue, le camping se\nr\u00e9serve le droit d\u2019annuler la r\u00e9servation.<br>\nA l\u2019expiration d\u2019un d\u00e9lai de 8 jours suivant la demande de paiement du solde\npar le Camping, la r\u00e9servation sera consid\u00e9r\u00e9e comme annul\u00e9e et l\u2019acompte vers\u00e9\npar le Client sera conserv\u00e9 par le Camping \u00e0 titre d\u2019indemnit\u00e9.<\/p>\n\n\n\n<p><strong>5 \u2013 TAXE DE SEJOUR<\/strong><\/p>\n\n\n\n<p>Cette\ntaxe municipale est obligatoire et est per\u00e7ue avec le solde du prix, au tarif\nen vigueur pendant la p\u00e9riode de perception (cf grille tarifaire).<br>\nLes prix TTC propos\u00e9s par le Camping n\u2019incluent pas la taxe de s\u00e9jour dont le\nmontant est d\u00e9termin\u00e9 chaque ann\u00e9e par la ville de PORT de BOUC.<\/p>\n\n\n\n<p><strong>6 \u2013 CAUTION \u2013 ETAT DES LIEUX<\/strong><\/p>\n\n\n\n<p>Pour\nles locations de r\u00e9sidence mobile ou de chalet, une caution de 200 \u20ac sera\nexig\u00e9e \u00e0 l\u2019arriv\u00e9e, <br>\nA l\u2019arriv\u00e9e, le Camping remet au Client une fiche d\u2019inventaire \u00e0 renseigner et\n\u00e0 remettre \u00e0 la r\u00e9ception pour les locations de mobil-homes et chalets.<br>\nAu d\u00e9part, apr\u00e8s avoir vid\u00e9 le locatif et effectu\u00e9 le m\u00e9nage, un \u00e9tat des lieux\nde sortie sera r\u00e9alis\u00e9 avec le personnel du Camping. Les cautions seront\nrestitu\u00e9es au Client si aucune d\u00e9gradation ou perte n\u2019est survenue et si la r\u00e9sidence\nmobile ou le chalet est restitu\u00e9e en parfait \u00e9tat de propret\u00e9.<\/p>\n\n\n\n<p><strong>7 \u2013 FRAIS DE RESERVATION<\/strong><\/p>\n\n\n\n<p>Des\nfrais de r\u00e9servation de 7\u20ac sont appliqu\u00e9s pour toute r\u00e9servation d\u2019emplacement et\nde 14\u20ac pour la &nbsp;location de chalets,\nmobil-homes.<\/p>\n\n\n\n<p><strong>8 \u2013 ARRIVEE \/ DEPART<\/strong><\/p>\n\n\n\n<p>8-1.\nArriv\u00e9e<\/p>\n\n\n\n<p>Le\njour de d\u00e9but du s\u00e9jour, l\u2019emplacement est disponible \u00e0 partir de 15 h et la\nr\u00e9sidence mobile et\/ou le chalet \u00e0 partir de 16h.<br>\nLe Client doit se pr\u00e9senter \u00e0 l\u2019accueil, o\u00f9 il lui sera remis les informations\nn\u00e9cessaires pour s\u2019installer sur son emplacement ou pour prendre possession de\nla r\u00e9sidence.<br>\n<br>\n<\/p>\n\n\n\n<p>8-2.\nD\u00e9part<br>\nLe jour du d\u00e9part indiqu\u00e9 au contrat, les lieux doivent \u00eatre lib\u00e9r\u00e9s entre 10h\net 12h. Pour tout d\u00e9part au-del\u00e0, une journ\u00e9e suppl\u00e9mentaire sera factur\u00e9e au\nClient.<br>\nUn \u00e9tat des lieux de sortie sera r\u00e9alis\u00e9 par le personnel du Camping. La\ncaution sera d\u00e9truite ou restitu\u00e9e au Client, d\u00e9duction faite des indemnit\u00e9s\n\u00e9ventuellement retenues sur factures justificatives, pour les \u00e9ventuels d\u00e9g\u00e2ts\nconstat\u00e9s dans l\u2019h\u00e9bergement ou<br>\nsur l\u2019emplacement. Si la r\u00e9sidence mobile, le chalet ou l\u2019emplacement n\u2019a pas\n\u00e9t\u00e9 nettoy\u00e9e, la caution de m\u00e9nage pourra \u00eatre conserv\u00e9e par le Camping.<\/p>\n\n\n\n<p><strong>9 \u2013 ANIMAUX<\/strong><\/p>\n\n\n\n<p><strong>Les animaux (Chiens et chats) sont admis uniquement en emplacements de camping, \u00e0 condition : d\u2019\u00eatre tenu en laisse \u00e0 l\u2019int\u00e9rieur du camping y compris sur l\u2019emplacement camping lou\u00e9, d\u2019\u00eatre promen\u00e9 \u00e0 l\u2019ext\u00e9rieur du camping pour ses besoins, que ses d\u00e9jections soient ramass\u00e9es et que son comportement ne nuise pas \u00e0 la tranquillit\u00e9. <\/strong><\/p>\n\n\n\n<p>Les animaux font l\u2019objet d\u2019un suppl\u00e9ment (cf tarifs en vigueur) par jour et par animal. Ne sont pas admis, les chiens de 1\u00e8re et 2nde cat\u00e9gories. Les animaux doivent obligatoirement \u00eatre tenus en laisse dans l\u2019enceinte du terrain. Leur certificat de vaccination doit \u00eatre pr\u00e9sent\u00e9 \u00e0 l\u2019arriv\u00e9e au camping. Le vaccin antirabique est obligatoire.<\/p>\n\n\n\n<p><strong>10 \u2013 ANNULATION \/ MODIFICATION DE LA RESERVATION<\/strong><br> <em>10-1. Modification de la r\u00e9servation<\/em><\/p>\n\n\n\n<p>Une r\u00e9servation peut \u00eatre modifi\u00e9e par le Client, sous r\u00e9serve de l\u2019accord pr\u00e9alable du Camping et de la disponibilit\u00e9 de l\u2019H\u00e9bergement pour la p\u00e9riode demand\u00e9e.<br> <br> <\/p>\n\n\n\n<p><em>10-2. Annulation du fait du Camping<\/em><br>\nHors le cas de force majeure, l\u2019annulation de la r\u00e9servation par le Camping\ndonnera lieu au remboursement int\u00e9gral du Client (location, frais de dossier et\ntaxes de s\u00e9jour).<\/p>\n\n\n\n<p><em>10-3.\nAnnulation \u2013 Retard \u2013 Interruption par le Client<\/em><br>\nEn cas d\u2019annulation de la r\u00e9servation par le Client apr\u00e8s l\u2019acceptation du\nCamping, au plus tard 30 jours avant la date d\u2019arriv\u00e9e, l\u2019acompte, les frais de\ndossiers seront conserv\u00e9s par le Camping.<\/p>\n\n\n\n<p>Les demandes d\u2019annulation doivent \u00eatre formul\u00e9es\nobligatoirement &nbsp;par \u00e9crit avec accus\u00e9 de\nr\u00e9ception \u00e0 la direction du camping<br>\nSi l\u2019annulation intervient moins de 30 jours avant la date d\u2019arriv\u00e9e ou en cas\nde non pr\u00e9sentation sur le camping, la totalit\u00e9 du montant du s\u00e9jour sera\nconserv\u00e9 par le Camping. <\/p>\n\n\n\n<p>Nous\nvous conseillons de souscrire une assurance annulation qui vous permettra\nd\u2019\u00eatre rembours\u00e9 en cas d\u2019\u00e9v\u00e9nement vous emp\u00eachant d\u2019effectuer votre s\u00e9jour,\ncertaines cartes bancaires offrent ce service. Le camping ne propose pas ce\ngenre de prestation<\/p>\n\n\n\n<p><em>10-4. Arriv\u00e9e retard\u00e9e \u2013 D\u00e9part anticip\u00e9 \u2013 Non pr\u00e9sentation\ndu client<\/em><br>\nEn cas d\u2019arriv\u00e9e retard\u00e9e, la r\u00e9servation sera retenue pour une dur\u00e9e de 24\nheures. Pass\u00e9 ce d\u00e9lai et en l\u2019absence de courrier \u00e9manant du client, la\nr\u00e9servation sera annul\u00e9e. Aucun remboursement, ni aucune compensation ne seront\naccord\u00e9s en cas d\u2019arriv\u00e9e retard\u00e9e ou de d\u00e9part anticip\u00e9.<br>\n<br>\n<\/p>\n\n\n\n<p><strong>11 \u2013 ASSURANCE<\/strong><\/p>\n\n\n\n<p>Les\ncampeurs b\u00e9n\u00e9ficient pendant leur s\u00e9jour de la garantie de responsabilit\u00e9\ncivile de l\u2019exploitant pour tous dommages corporels ou mat\u00e9riels dont il aurait\n\u00e9t\u00e9 reconnu responsable \u00e0 leur \u00e9gard. Cette responsabilit\u00e9 civile ne couvre pas\nles vols ou d\u00e9gradations des tentes, caravanes et leur contenu. \u00c0 l\u2019arriv\u00e9e sur\nle camping, il appartient au campeurs\/caravaniers de pr\u00e9senter une assurance en\ncours de validit\u00e9, pour leur caravane, leur tente et\/ou leur mat\u00e9riel, les garantissant\nen particulier en mati\u00e8re de responsabilit\u00e9 civile.<br>\nIl est rappel\u00e9 \u00e9galement, que les parkings ne sont pas gard\u00e9s et que le\nstationnement se fait donc aux risques et p\u00e9rils de l\u2019utilisateur. <\/p>\n\n\n\n<p><strong>12 \u2013 RESPONSABILITE \/ GARANTIE<\/strong><\/p>\n\n\n\n<p>Les\npr\u00e9sentes conditions g\u00e9n\u00e9rales sont soumises aux articles 1709 et suivants du\nCode civil. En cons\u00e9quence, le Camping s\u2019oblige \u00e0 d\u00e9livrer au Client\nl\u2019H\u00e9bergement lou\u00e9 aux conditions pr\u00e9vues au contrat. Il lui garantit une\njouissance paisible de l\u2019H\u00e9bergement pendant la dur\u00e9e de la location.<\/p>\n\n\n\n<p><br>\n<strong>13\u2013\nREGLEMENT INTERIEUR DU CAMPING ET AUTRES DOCUMENTS CONTRACTUELS<\/strong><\/p>\n\n\n\n<p>En\nconfirmant sa r\u00e9servation, le Client reconna\u00eet avoir pris connaissance du\nr\u00e8glement int\u00e9rieur du camping et de l\u2019int\u00e9gralit\u00e9 des documents contractuels\nauxquels il est soumis dans le cadre de sa location. Il accepte les termes de\nce r\u00e8glement et reconna\u00eet son caract\u00e8re contractuel. Il s\u2019engage, pour lui et\nses ayants droit, \u00e0 respecter les termes du r\u00e8glement. En cas d\u2019infraction\ngrave ou r\u00e9p\u00e9t\u00e9e audit r\u00e8glement, le Camping pourra r\u00e9silier la location sans\nd\u00e9dommagement, comme indiqu\u00e9 au r\u00e8glement int\u00e9rieur. En cas d\u2019infraction\np\u00e9nale, le Camping pourra faire appel aux forces de l\u2019ordre et\/ou interrompre\nle s\u00e9jour du Client sans d\u00e9dommagement.<br>\nSont notamment concern\u00e9es, les personnes contrevenantes aux stipulations\ncontractuelles en ce qui concerne le bruit nocturne, la d\u00e9claration de fausse\ninformation lors de l\u2019inscription ou de mani\u00e8re g\u00e9n\u00e9rale toute personne qui\naurait un comportement irrespectueux dans l\u2019enceinte du camping.<br>\nLa Camping rappelle que les mineurs sont sous la responsabilit\u00e9 des adultes qui\nles accompagnent et d\u00e9clinent toutes responsabilit\u00e9s en cas de vol.<\/p>\n\n\n\n<p><strong>14 \u2013 RESOLUTION DU CONTRAT<\/strong><\/p>\n\n\n\n<p>En\ncas non-respect par l\u2019une ou l\u2019autre des parties des obligations vis\u00e9es aux\nPr\u00e9sentes ou de celles contenues dans le r\u00e8glement int\u00e9rieur, la location\npourra \u00eatre r\u00e9solue au gr\u00e9 de la partie l\u00e9s\u00e9e, \u00e0 charge pour elle de rapporter\nla preuve du manquement.<\/p>\n\n\n\n<p><strong>15\u2013 INFORMATIQUES ET LIBERTES<\/strong><\/p>\n\n\n\n<p>Le\nCamping s\u2019interdit de transmettre \u00e0 un tiers les informations communiqu\u00e9es par\nle Client \u00e0 l\u2019occasion de sa commande. Elles sont confidentielles et seront\nutilis\u00e9es par les seuls services internes du Camping aux fins de traitement de\nla commande du Client et de personnalisation de la communication et de l\u2019offre\nde services r\u00e9serv\u00e9e aux clients du Camping. Conform\u00e9ment \u00e0 la loi informatique\net libert\u00e9s du 6 janvier 1978, le Client dispose d\u2019un droit d\u2019acc\u00e8s, de\nrectification et d\u2019opposition \u00e0 ses donn\u00e9es personnelles. Pour cela, il lui\nsuffit d\u2019en faire la demande au Camping par \u00e9crit en indiquant son nom, pr\u00e9nom\net adresse.<\/p>\n\n\n\n<p><strong>16\u2013 INFORMATION PRECONTRACTUELLE \u2013 ACCEPTATION\nDU CLIENT<\/strong><\/p>\n\n\n\n<p>En\nconfirmant sa r\u00e9servation, le Client reconna\u00eet avoir re\u00e7u les informations\nn\u00e9cessaires, conform\u00e9ment aux articles L. 111-1 et suivants du Code de la\nconsommation, et renonce notamment \u00e0 se pr\u00e9valoir de tout document\ncontradictoire, qui serait inopposable au Camping.<\/p>\n\n\n\n<p><strong>17 \u2013 LITIGES<\/strong><\/p>\n\n\n\n<p>Il est pr\u00e9cis\u00e9 que les pr\u00e9sentes conditions g\u00e9n\u00e9rales et les op\u00e9rations qui en d\u00e9coulent sont r\u00e9gies par le droit fran\u00e7ais.<br> En cas de difficult\u00e9 survenant pour l\u2019interpr\u00e9tation, la validit\u00e9 et l\u2019ex\u00e9cution des pr\u00e9sentes conditions g\u00e9n\u00e9rales et de toute op\u00e9ration s\u2019y rapportant, et seulement apr\u00e8s avoir saisi le service client du Camping, le Client a la facult\u00e9 de saisir un m\u00e9diateur de la consommation et ce, dans un d\u00e9lai maximal d\u2019un an \u00e0 compter de la date de la r\u00e9clamation \u00e9crite que le Client aura adress\u00e9e au Camping, par lettre recommand\u00e9e avec avis de r\u00e9ception<br><br><\/p>\n","protected":false},"excerpt":{"rendered":"<p>Afin de pouvoir b\u00e9n\u00e9ficier des prestations propos\u00e9es par le camping, il est imp\u00e9ratif de lire et accepter les pr\u00e9sentes conditions g\u00e9n\u00e9rales. Toute r\u00e9servation de s\u00e9jour au sein du camping implique l\u2019acceptation sans r\u00e9serve de ces conditions, au moment o\u00f9 la commande est pass\u00e9e &nbsp; 1 &hellip; <\/p>\n","protected":false},"author":1,"featured_media":0,"parent":0,"menu_order":0,"comment_status":"closed","ping_status":"closed","template":"","meta":{"ngg_post_thumbnail":0,"_themeisle_gutenberg_block_has_review":false,"footnotes":"","_links_to":"","_links_to_target":""},"class_list":["post-532","page","type-page","status-publish","hentry"],"aioseo_notices":[],"_links":{"self":[{"href":"https:\/\/www.camping-portdebouc.fr\/fr\/wp-json\/wp\/v2\/pages\/532","targetHints":{"allow":["GET"]}}],"collection":[{"href":"https:\/\/www.camping-portdebouc.fr\/fr\/wp-json\/wp\/v2\/pages"}],"about":[{"href":"https:\/\/www.camping-portdebouc.fr\/fr\/wp-json\/wp\/v2\/types\/page"}],"author":[{"embeddable":true,"href":"https:\/\/www.camping-portdebouc.fr\/fr\/wp-json\/wp\/v2\/users\/1"}],"replies":[{"embeddable":true,"href":"https:\/\/www.camping-portdebouc.fr\/fr\/wp-json\/wp\/v2\/comments?post=532"}],"version-history":[{"count":10,"href":"https:\/\/www.camping-portdebouc.fr\/fr\/wp-json\/wp\/v2\/pages\/532\/revisions"}],"predecessor-version":[{"id":1345,"href":"https:\/\/www.camping-portdebouc.fr\/fr\/wp-json\/wp\/v2\/pages\/532\/revisions\/1345"}],"wp:attachment":[{"href":"https:\/\/www.camping-portdebouc.fr\/fr\/wp-json\/wp\/v2\/media?parent=532"}],"curies":[{"name":"wp","href":"https:\/\/api.w.org\/{rel}","templated":true}]}}