{"id":69,"date":"2018-12-01T12:38:55","date_gmt":"2018-12-01T12:38:55","guid":{"rendered":"http:\/\/www.camping-portdebouc.fr\/?page_id=69"},"modified":"2025-06-11T07:09:24","modified_gmt":"2025-06-11T07:09:24","slug":"bienvenue","status":"publish","type":"page","link":"https:\/\/www.camping-portdebouc.fr\/fr\/","title":{"rendered":"Bienvenue sur le site des campings de Port de Bouc"},"content":{"rendered":"<div class=\"wrap-content \">\n<div class=\"csc-textpic csc-textpic-intext-right-nowrap csc-textpic-border\">\n<div class=\"csc-textpic-text\">\n<p><span style=\"font-family: tahoma, arial, helvetica, sans-serif;\">Du bleu de la mer au vert des collines, l\u2019\u00e9t\u00e9, Port de Bouc vit les pieds dans l\u2019eau et la t\u00eate dans les cigales\u2026. &nbsp;Petite ville bord\u00e9e par la Grande Bleue et la for\u00eat domaniale de Castillon, elle offre toutes les joies de la plage et&nbsp; invite \u00e0 diverses activit\u00e9s nautiques. <br><\/span><\/p>\n<h2 data-start=\"86\" data-end=\"121\">\ud83c\udf0a Camping de Botta\u00ef (3 \u00e9toiles)<\/h2>\n<h3 data-start=\"123\" data-end=\"158\">Un cadre les pieds dans l\u2019eau<\/h3>\n<ul data-start=\"159\" data-end=\"318\">\n<li data-start=\"159\" data-end=\"239\">\n<p data-start=\"161\" data-end=\"239\"><span class=\"relative -mx-px my-[-0.2rem] rounded px-px py-[0.2rem] transition-colors duration-100 ease-in-out\">Situ\u00e9 directement au bord de la plage de Botta\u00ef (anse peu profonde, id\u00e9ale pour baignade et jeux de sable)<\/span>&nbsp;<\/p>\n<\/li>\n<li data-start=\"240\" data-end=\"318\">\n<p data-start=\"242\" data-end=\"318\"><span class=\"relative -mx-px my-[-0.2rem] rounded px-px py-[0.2rem] transition-colors duration-100 ease-in-out\">\u00c0 seulement 10\u201320\u202fm de la mer et \u00e0 1,5\u20132\u202fkm du centre-ville et du port de plaisance<\/span> .<\/p>\n<\/li>\n<\/ul>\n<h3 data-start=\"320\" data-end=\"353\">H\u00e9bergements &#038; emplacements<\/h3>\n<ul data-start=\"354\" data-end=\"513\">\n<li data-start=\"354\" data-end=\"434\">\n<p data-start=\"356\" data-end=\"434\"><span class=\"relative -mx-px my-[-0.2rem] rounded px-px py-[0.2rem] transition-colors duration-100 ease-in-out\"><strong data-start=\"0\" data-end=\"19\" data-is-only-node=\"\">80 emplacements<\/strong> semi-ombrag\u00e9s, de 35 \u00e0 110\u202fm\u00b2, avec \u00e9lectricit\u00e9 et ramenant caravane, tente, camping-car<\/span>&nbsp;<\/p>\n<\/li>\n<li data-start=\"435\" data-end=\"513\">\n<p data-start=\"437\" data-end=\"513\"><span class=\"relative -mx-px my-[-0.2rem] rounded px-px py-[0.2rem] transition-colors duration-100 ease-in-out\"><strong data-start=\"0\" data-end=\"28\" data-is-only-node=\"\">13 h\u00e9bergements locatifs<\/strong> (chalets et mobil-homes), capacit\u00e9 de 4 \u00e0 8 personnes, ajout\u00e9s en 2019<\/span>&nbsp;<\/p>\n<\/li>\n<\/ul>\n<h3 data-start=\"515\" data-end=\"542\">Services &#038; animations<\/h3>\n<ul data-start=\"543\" data-end=\"710\">\n<li data-start=\"543\" data-end=\"627\">\n<p data-start=\"545\" data-end=\"627\"><span class=\"relative -mx-px my-[-0.2rem] rounded px-px py-[0.2rem] transition-colors duration-100 ease-in-out\">Branchements eau\/\u00e9lectricit\u00e9, sanitaires (douches chaudes, laverie, paillote b\u00e9b\u00e9), wifi haut d\u00e9bit<\/span><\/p>\n<\/li>\n<li data-start=\"628\" data-end=\"710\">\n<p data-start=\"630\" data-end=\"710\"><span class=\"relative -mx-px my-[-0.2rem] rounded px-px py-[0.2rem] transition-colors duration-100 ease-in-out\">Restauration l\u00e9g\u00e8re ou snack, barbecues collectifs, club enfants, animations en soir\u00e9e et jeux (p\u00e9tanque, tennis \u00e0 proximit\u00e9)<\/span>&nbsp;<\/p>\n<\/li>\n<\/ul>\n<h3 data-start=\"903\" data-end=\"934\">Pourquoi choisir Botta\u00ef ?<\/h3>\n<p data-start=\"935\" data-end=\"1015\"><span class=\"relative -mx-px my-[-0.2rem] rounded px-px py-[0.2rem] transition-colors duration-100 ease-in-out\">Un camping familial convivial, avec une plage accessible \u00e0 pied, id\u00e9al comme base pour explorer la Camargue, les calanques, la C\u00f4te Bleue, Arles, Marseille\u2026<\/span><\/p>\n<hr data-start=\"1017\" data-end=\"1020\">\n<h2 data-start=\"1022\" data-end=\"1051\">\ud83c\udf32 Camping de la M\u00e9rindole<\/h2>\n<h3 data-start=\"1053\" data-end=\"1078\">Un \u00e9crin de verdure<\/h3>\n<ul data-start=\"1079\" data-end=\"1205\">\n<li data-start=\"1079\" data-end=\"1163\">\n<p data-start=\"1081\" data-end=\"1163\"><span class=\"relative -mx-px my-[-0.2rem] rounded px-px py-[0.2rem] transition-colors duration-100 ease-in-out\">Install\u00e9 dans une vaste pin\u00e8de ombrag\u00e9e, \u00e0 environ 5\u202fmin en voiture du centre et des plages<\/span>&nbsp;<\/p>\n<\/li>\n<li data-start=\"1164\" data-end=\"1205\">\n<p data-start=\"1166\" data-end=\"1205\"><span class=\"relative -mx-px my-[-0.2rem] rounded px-px py-[0.2rem] transition-colors duration-100 ease-in-out\">Cadre naturel privil\u00e9gi\u00e9, parfait pour ceux qui souhaitent profiter du calme sous les pins.<\/span><\/p>\n<\/li>\n<\/ul>\n<h3 data-start=\"1207\" data-end=\"1235\">Emplacements &#038; confort<\/h3>\n<ul data-start=\"1236\" data-end=\"1403\">\n<li data-start=\"1236\" data-end=\"1320\">\n<p data-start=\"1238\" data-end=\"1320\"><span class=\"relative -mx-px my-[-0.2rem] rounded px-px py-[0.2rem] transition-colors duration-100 ease-in-out\"><strong data-start=\"0\" data-end=\"20\" data-is-only-node=\"\">192 emplacements<\/strong> pour tentes, caravanes et camping-cars (caravanes limit\u00e9es \u00e0 moins de 5\u202fm)<\/span>&nbsp;<\/p>\n<\/li>\n<li data-start=\"1321\" data-end=\"1403\">\n<p data-start=\"1323\" data-end=\"1403\"><span class=\"relative -mx-px my-[-0.2rem] rounded px-px py-[0.2rem] transition-colors duration-100 ease-in-out\">Services eau, \u00e9lectricit\u00e9, sanitaires (douches chaudes, lavabos b\u00e9b\u00e9s), rangements<\/span> .<\/p>\n<\/li>\n<\/ul>\n<h3 data-start=\"1405\" data-end=\"1436\">Activit\u00e9s &#038; accessibilit\u00e9<\/h3>\n<ul data-start=\"1437\" data-end=\"1689\">\n<li data-start=\"1437\" data-end=\"1521\">\n<p data-start=\"1439\" data-end=\"1521\"><span class=\"relative -mx-px my-[-0.2rem] rounded px-px py-[0.2rem] transition-colors duration-100 ease-in-out\">Aire de jeux enfants, boulodrome, tables de ping-pong<\/span><\/p>\n<\/li>\n<li data-start=\"1522\" data-end=\"1606\">\n<p data-start=\"1524\" data-end=\"1606\"><span class=\"relative -mx-px my-[-0.2rem] rounded px-px py-[0.2rem] transition-colors duration-100 ease-in-out\">Animaux autoris\u00e9s (sauf cat\u00e9gories 1 &#038; 2)<\/span><\/p>\n<\/li>\n<li data-start=\"1607\" data-end=\"1689\">\n<p data-start=\"1609\" data-end=\"1689\"><span class=\"relative -mx-px my-[-0.2rem] rounded px-px py-[0.2rem] transition-colors duration-100 ease-in-out\">Accessible aux personnes \u00e0 mobilit\u00e9 r\u00e9duite<\/span> .<\/p>\n<\/li>\n<\/ul>\n<h3 data-start=\"1883\" data-end=\"1917\">Pourquoi choisir M\u00e9rindole ?<\/h3>\n<p data-start=\"1918\" data-end=\"1998\"><span class=\"relative -mx-px my-[-0.2rem] rounded px-px py-[0.2rem] transition-colors duration-100 ease-in-out\">Un lieu plus spacieux et ombrag\u00e9, parfait pour les familles, les groupes, ou les amateurs de tranquillit\u00e9, tout en restant proche des commodit\u00e9s (boulangerie, restaurant)<\/span> .<\/p>\n<\/div>\n<\/div>\n<\/div>\n\n\n<figure class=\"wp-block-embed is-type-video is-provider-vimeo wp-block-embed-vimeo wp-embed-aspect-16-9 wp-has-aspect-ratio\"><div class=\"wp-block-embed__wrapper\">\n<iframe title=\"Camping botta\u00ef \u00e0 Port de Bouc\" src=\"https:\/\/player.vimeo.com\/video\/337721168?dnt=1&amp;app_id=122963\" width=\"910\" height=\"512\" frameborder=\"0\" allow=\"autoplay; fullscreen; picture-in-picture; clipboard-write; encrypted-media\"><\/iframe>\n<\/div><figcaption class=\"wp-element-caption\">Une vid\u00e9o de la ville de Port de Bouc, en \u00e9t\u00e9 avec ses animations<\/figcaption><\/figure>\n\n\n\n<p><\/p>\n","protected":false},"excerpt":{"rendered":"<p>Du bleu de la mer au vert des collines, l\u2019\u00e9t\u00e9, Port de Bouc vit les pieds dans l\u2019eau et la t\u00eate dans les cigales\u2026. &nbsp;Petite ville bord\u00e9e par la Grande Bleue et la for\u00eat domaniale de Castillon, elle offre toutes les joies de la plage &hellip; <\/p>\n","protected":false},"author":1,"featured_media":0,"parent":0,"menu_order":0,"comment_status":"closed","ping_status":"closed","template":"","meta":{"ngg_post_thumbnail":0,"_themeisle_gutenberg_block_has_review":false,"footnotes":"","_links_to":"","_links_to_target":""},"class_list":["post-69","page","type-page","status-publish","hentry"],"aioseo_notices":[],"_links":{"self":[{"href":"https:\/\/www.camping-portdebouc.fr\/fr\/wp-json\/wp\/v2\/pages\/69","targetHints":{"allow":["GET"]}}],"collection":[{"href":"https:\/\/www.camping-portdebouc.fr\/fr\/wp-json\/wp\/v2\/pages"}],"about":[{"href":"https:\/\/www.camping-portdebouc.fr\/fr\/wp-json\/wp\/v2\/types\/page"}],"author":[{"embeddable":true,"href":"https:\/\/www.camping-portdebouc.fr\/fr\/wp-json\/wp\/v2\/users\/1"}],"replies":[{"embeddable":true,"href":"https:\/\/www.camping-portdebouc.fr\/fr\/wp-json\/wp\/v2\/comments?post=69"}],"version-history":[{"count":36,"href":"https:\/\/www.camping-portdebouc.fr\/fr\/wp-json\/wp\/v2\/pages\/69\/revisions"}],"predecessor-version":[{"id":1473,"href":"https:\/\/www.camping-portdebouc.fr\/fr\/wp-json\/wp\/v2\/pages\/69\/revisions\/1473"}],"wp:attachment":[{"href":"https:\/\/www.camping-portdebouc.fr\/fr\/wp-json\/wp\/v2\/media?parent=69"}],"curies":[{"name":"wp","href":"https:\/\/api.w.org\/{rel}","templated":true}]}}